{"id":1028,"date":"2010-11-03T21:01:45","date_gmt":"2010-11-03T21:01:45","guid":{"rendered":"http:\/\/www.bewegungstrainer-em.org\/?page_id=1028"},"modified":"2020-08-02T14:46:03","modified_gmt":"2020-08-02T14:46:03","slug":"rolf-grebe-51674-wiehl","status":"publish","type":"page","link":"https:\/\/www.bewegungstrainer-em.org\/index.php\/trainerverzeichnis\/bewegungstrainer-nrw\/rolf-grebe-51674-wiehl\/","title":{"rendered":"Rolf Grebe, 51674 Wiehl"},"content":{"rendered":"<p><img decoding=\"async\" loading=\"lazy\" class=\"alignnone size-medium wp-image-1433\" title=\"rolf grebe portrait\" src=\"https:\/\/www.bewegungstrainer-em.org\/wp-content\/uploads\/2010\/11\/rolf-grebe-portrait-300x199.jpg\" alt=\"\" width=\"340\" height=\"220\" \/><\/p>\n<p><iframe loading=\"lazy\" width=\"1280\" height=\"725\" src=\"https:\/\/www.youtube.com\/embed\/xqpeFKtjG54\" frameborder=\"0\" allow=\"accelerometer; autoplay; encrypted-media; gyroscope; picture-in-picture\" allowfullscreen><\/iframe><\/p>\n<p>\u201ePferde sind immer Pferde, Reiter sind nicht immer Reiter\u201c (Alvisi)<\/p>\n<p>Ausbilder f\u00fcr Reiter und Pferd in Dressur bis Klasse S; Springen bis Klasse M<\/p>\n<p><strong>Kontakt:<\/strong><br \/>\n<strong>Rolf Grebe<\/strong><br \/>\nH\u00fcckhausener Stra\u00dfe 15<br \/>\n51674 Wiehl<br \/>\nTel.: 0172\/203 22 97<br \/>\n<a href=\"mailto:rolfgrebe@aol.com\">rolfgrebe@aol.com<\/a><br \/>\n<a href=\"http:www.rolf-grebe.de\">www.rolf-grebe.de<\/a><\/p>\n<p><strong>Werdegang<\/strong><\/p>\n<table style=\"height: 152px;\" width=\"525\">\n<tbody>\n<tr>\n<td>1987<\/td>\n<td>Pr\u00fcfung zum Pferdewirt Zucht und Haltung<\/td>\n<\/tr>\n<tr>\n<td>1989<\/td>\n<td>Pr\u00fcfung zum Pferdewirt Reitausbildung (Bereiter FN)<\/td>\n<\/tr>\n<tr>\n<td>1995<\/td>\n<td>Pr\u00fcfung zum Pferdewirtschaftsmeister Zucht und Haltung<\/td>\n<\/tr>\n<tr>\n<td>1996<\/td>\n<td>Pr\u00fcfung zum Pferdewirtschaftsmeister Reitausbildung (Reitlehrer FN)<\/td>\n<\/tr>\n<tr>\n<td>1997<\/td>\n<td>Zusatzqualifikation \u201eUnternehmensf\u00fchrung\u201c Marketing und Betriebswirtschaft<\/td>\n<\/tr>\n<tr>\n<td>2008<\/td>\n<td>Pr\u00fcfung zum Bewegungstrainer EM<\/td>\n<\/tr>\n<tr>\n<td>Seit April 2009<\/td>\n<td>Betriebsleiter beim RV Bayer Leverkusen<\/td>\n<\/tr>\n<tr>\n<td>Seit Januar 2012<\/td>\n<td>freiberuflich t\u00e4tig<\/td>\n<\/tr>\n<tr>\n<td>2012<\/td>\n<td>Ausbildung und Qualifikation zum Life Kinetik Trainer<\/td>\n<\/tr>\n<\/tbody>\n<\/table>\n<p><strong>Schulungsort<\/strong><\/p>\n<ul>\n<li>Auf eigener Anlage<\/li>\n<li>Mobil- auf Wunsch auf fremder Anlage<\/li>\n<li>Ab 1 Teilnehmer<\/li>\n<\/ul>\n<p><strong>Referenzen<\/strong><\/p>\n<p><a href='https:\/\/www.bewegungstrainer-em.org\/wp-content\/uploads\/2010\/11\/Zeitschrift-Mein-Pferd-Stangenarbeit.pdf' target=\"_blank\">Artikel mit Rolf Grebe aus der Zeitschrift &#8222;Mein Pferd&#8220; Thema: Stangenarbeit<\/a><\/p>\n<p><iframe loading=\"lazy\" width=\"560\" height=\"315\" src=\"\/\/www.youtube.com\/embed\/aPpNx2qjC9g?rel=0\" frameborder=\"0\" allowfullscreen><\/iframe><\/p>\n<p><em><a href=\"https:\/\/www.bewegungstrainer-em.org\/wp-content\/uploads\/2010\/11\/fitfruehling.jpeg\"><img decoding=\"async\" loading=\"lazy\" class=\"alignnone size-full wp-image-2026\" title=\"fitfruehling\" src=\"https:\/\/www.bewegungstrainer-em.org\/wp-content\/uploads\/2010\/11\/fitfruehling.jpeg\" alt=\"\" width=\"300\" height=\"200\" srcset=\"https:\/\/www.bewegungstrainer-em.org\/wp-content\/uploads\/2010\/11\/fitfruehling.jpeg 300w, https:\/\/www.bewegungstrainer-em.org\/wp-content\/uploads\/2010\/11\/fitfruehling-150x100.jpg 150w\" sizes=\"(max-width: 300px) 100vw, 300px\" \/><\/a><br \/>\n<\/em><\/p>\n<p><em>&#8222;Hallo Rolf,<br \/>\nnochmals vielen Dank f\u00fcr den Spitzen-Kurs am vergangenen WE bei uns.<br \/>\nAlle waren wirklich begeistert und sind sich einig dar\u00fcber, dass Du unbedingt<br \/>\nwieder kommen solltest \ud83d\ude42<br \/>\n(&#8230;)<br \/>\nLiebe Gr\u00fc\u00dfe<br \/>\nSandra&#8220;<\/em><\/p>\n<p><strong>Zwei Artikel \u00fcber Rolf Grebe (PDF-Files) zum Download<\/strong><br \/>\n<a href=\"https:\/\/www.bewegungstrainer-em.org\/wp-content\/uploads\/2010\/11\/Artikel-Rolf-Grebe-Hof Bornrain.pdf\">Artikel Rolf Grebe auf dem Islandpferdehof Bornrain \/ isibless<\/a><br \/>\n<a href=\"https:\/\/www.bewegungstrainer-em.org\/wp-content\/uploads\/2010\/11\/Artikel-Rolf-Grebe-Hoeherhaus.pdf\">Bewegungstraining mit Rolf Grebe auf Hof H\u00f6herhaus<\/a><\/p>\n<p><em>&#8222;Hello Rolf,<br \/>\nThis is Kassie from the clinic in Chicago you did last weekend. I just wanted to take a extra moment to say thank you, for the new information you gave to me in our lessons together. I am finding a bit more peace in all my rides especially with my personal horse &#8222;Arie&#8220;. He is working very nicely since you came. I am working on transitions and softer connection. Most important thing I learned was to drive more forward from my inside leg, especially before bending with inside rein. I also find myself reflecting more during my added breaks. Working on the cross coordination as well. Thank you again for your wisdom! Hope all is well in Germany and I hope I get a chance to save up some time and money to work with you and visit in Germany, possibly even finding a sale horse \ud83d\ude42<\/em><\/p>\n<p>&nbsp;<\/p>\n<p><em>Sending with happy thoughts and riding<br \/>\nKassie&#8220;<\/em><\/p>\n<p>Einbindung des Bewegungstrainings in den t\u00e4glichen Reitunterricht<\/p>\n<p><strong><em>2011<\/em><\/strong><br \/>\n<em>M\u00e4rz<\/em><br \/>\nReitanlage Gerda R\u00f6gels in Kempen (Viersen) Theorie und Praxis 9 Teilnehmer<\/p>\n<p><em>April\/Mai<\/em> 31.04. &#8211; 01.05. 2011 Neunkirchen-Seelscheid<\/p>\n<p><em>Mai<\/em>28.-29.05. 2011 Reitanlage Wolfsh\u00e4cker Hof in Dornburg<\/p>\n<p><strong><em>2010<\/em><\/strong><\/p>\n<p><em>November 2010<\/em><br \/>\nBewgungstrainingsseminar (Praxis) in Lindlar auf der Reitanlage Roland M\u00fcller mit 6 Teilnehmern<\/p>\n<p><em>August <\/em><br \/>\nReitanlage Arnason\/Federath, Folgetermin 6 Teilnehmer 1 Tag<\/p>\n<p><em>Juni<\/em><br \/>\nReitanlage Arnason \/Federath, 6 Teilnehmer 1 Tag<\/p>\n<p><em>Juni <\/em><br \/>\nReitanlage Anja Holz\/Dornburg, 10 Teilnehmer 1 1\/2 Tage<\/p>\n<p><em>Mai <\/em><br \/>\nReitanlage Hufenstuhl\/Lindlar, 7 Teilnehmer 1Tag<\/p>\n<p><strong><em>2009<\/em><\/strong><br \/>\n<em>Mai<\/em><br \/>\nReitanlage Hufenstuhl\/Lindlar, 5 Teilnehmer 1Tag<\/p>\n<p><em>September<\/em><br \/>\nReitanlage Hufenstuhl\/Lindlar, Folgetermin, 7 Teilnehmer 1 Tag<\/p>\n<p>W\u00f6chentliche Einzelstunden mit Reitern und einer Ausbilderin der Reitschule Arnason<\/p>\n<p><object width=\"640\" height=\"385\" classid=\"clsid:d27cdb6e-ae6d-11cf-96b8-444553540000\" codebase=\"http:\/\/download.macromedia.com\/pub\/shockwave\/cabs\/flash\/swflash.cab#version=6,0,40,0\"><param name=\"allowFullScreen\" value=\"true\" \/><param name=\"allowscriptaccess\" value=\"always\" \/><param name=\"src\" value=\"http:\/\/www.youtube.com\/v\/Q6We7KmThlk?fs=1&amp;hl=de_DE&amp;rel=0&amp;color1=0x234900&amp;color2=0x4e9e00\" \/><param name=\"allowfullscreen\" value=\"true\" \/><embed width=\"640\" height=\"385\" type=\"application\/x-shockwave-flash\" src=\"http:\/\/www.youtube.com\/v\/Q6We7KmThlk?fs=1&amp;hl=de_DE&amp;rel=0&amp;color1=0x234900&amp;color2=0x4e9e00\" allowFullScreen=\"true\" allowscriptaccess=\"always\" allowfullscreen=\"true\" \/><\/object><\/p>\nngg_shortcode_0_placeholder\n","protected":false},"excerpt":{"rendered":"<p>\u201ePferde sind immer Pferde, Reiter sind nicht immer Reiter\u201c (Alvisi) Ausbilder f\u00fcr Reiter und Pferd in Dressur bis Klasse S; Springen bis Klasse M Kontakt: Rolf Grebe H\u00fcckhausener Stra\u00dfe 15 51674 Wiehl Tel.: 0172\/203 22 97 rolfgrebe@aol.com www.rolf-grebe.de Werdegang 1987 Pr\u00fcfung zum Pferdewirt Zucht und Haltung 1989 Pr\u00fcfung zum Pferdewirt Reitausbildung (Bereiter FN) 1995 Pr\u00fcfung zum Pferdewirtschaftsmeister Zucht und Haltung 1996 Pr\u00fcfung zum Pferdewirtschaftsmeister Reitausbildung (Reitlehrer FN) 1997 Zusatzqualifikation \u201eUnternehmensf\u00fchrung\u201c Marketing und Betriebswirtschaft 2008 Pr\u00fcfung zum Bewegungstrainer EM Seit April 2009 Betriebsleiter beim RV Bayer Leverkusen Seit Januar 2012 freiberuflich t\u00e4tig 2012 Ausbildung und Qualifikation zum Life Kinetik Trainer Schulungsort Auf eigener Anlage Mobil- auf Wunsch auf fremder Anlage Ab 1 Teilnehmer Referenzen Artikel mit Rolf Grebe aus der Zeitschrift &#8222;Mein Pferd&#8220; Thema: Stangenarbeit &#8222;Hallo Rolf, nochmals vielen Dank f\u00fcr den Spitzen-Kurs am vergangenen WE bei uns. Alle waren wirklich begeistert und sind sich einig dar\u00fcber, dass Du unbedingt wieder kommen solltest \ud83d\ude42 (&#8230;) Liebe Gr\u00fc\u00dfe Sandra&#8220; Zwei Artikel \u00fcber Rolf Grebe (PDF-Files) zum Download Artikel Rolf Grebe auf dem Islandpferdehof Bornrain \/ isibless Bewegungstraining mit Rolf Grebe auf Hof H\u00f6herhaus &#8222;Hello Rolf, This is Kassie from the clinic in Chicago you did last weekend. I just wanted to take a extra moment to say thank you, for the new information you gave to me in our lessons together. I am finding a bit more peace in all my rides especially with my personal horse &#8222;Arie&#8220;. He is working very nicely since you came. I am working on transitions and softer connection. Most important thing I learned was to drive more forward from my inside leg, especially before bending with inside rein. I also find myself reflecting more during my added breaks. Working on the cross coordination as well. Thank you again for your wisdom! Hope all is well in Germany and I hope I get a chance to save up some time and money to work with you and visit in Germany, possibly even finding a sale horse \ud83d\ude42 &nbsp; Sending with happy thoughts and riding Kassie&#8220; Einbindung des Bewegungstrainings in den t\u00e4glichen Reitunterricht 2011 M\u00e4rz Reitanlage Gerda R\u00f6gels in Kempen (Viersen) Theorie und Praxis 9 Teilnehmer April\/Mai 31.04. &#8211; 01.05. 2011 Neunkirchen-Seelscheid Mai28.-29.05. 2011 Reitanlage Wolfsh\u00e4cker Hof in Dornburg 2010 November 2010 Bewgungstrainingsseminar (Praxis) in Lindlar auf der Reitanlage Roland M\u00fcller mit 6 Teilnehmern August Reitanlage Arnason\/Federath, Folgetermin 6 Teilnehmer 1 Tag Juni Reitanlage Arnason \/Federath, 6 Teilnehmer 1 Tag Juni Reitanlage Anja Holz\/Dornburg, 10 Teilnehmer 1 1\/2 Tage Mai Reitanlage Hufenstuhl\/Lindlar, 7 Teilnehmer 1Tag 2009 Mai Reitanlage Hufenstuhl\/Lindlar, 5 Teilnehmer 1Tag September Reitanlage Hufenstuhl\/Lindlar, Folgetermin, 7 Teilnehmer 1 Tag W\u00f6chentliche Einzelstunden mit Reitern und einer Ausbilderin der Reitschule Arnason<\/p>\n","protected":false},"author":61,"featured_media":0,"parent":395,"menu_order":25,"comment_status":"closed","ping_status":"closed","template":"","meta":{"ngg_post_thumbnail":0},"acf":[],"_links":{"self":[{"href":"https:\/\/www.bewegungstrainer-em.org\/index.php\/wp-json\/wp\/v2\/pages\/1028"}],"collection":[{"href":"https:\/\/www.bewegungstrainer-em.org\/index.php\/wp-json\/wp\/v2\/pages"}],"about":[{"href":"https:\/\/www.bewegungstrainer-em.org\/index.php\/wp-json\/wp\/v2\/types\/page"}],"author":[{"embeddable":true,"href":"https:\/\/www.bewegungstrainer-em.org\/index.php\/wp-json\/wp\/v2\/users\/61"}],"replies":[{"embeddable":true,"href":"https:\/\/www.bewegungstrainer-em.org\/index.php\/wp-json\/wp\/v2\/comments?post=1028"}],"version-history":[{"count":58,"href":"https:\/\/www.bewegungstrainer-em.org\/index.php\/wp-json\/wp\/v2\/pages\/1028\/revisions"}],"predecessor-version":[{"id":3812,"href":"https:\/\/www.bewegungstrainer-em.org\/index.php\/wp-json\/wp\/v2\/pages\/1028\/revisions\/3812"}],"up":[{"embeddable":true,"href":"https:\/\/www.bewegungstrainer-em.org\/index.php\/wp-json\/wp\/v2\/pages\/395"}],"wp:attachment":[{"href":"https:\/\/www.bewegungstrainer-em.org\/index.php\/wp-json\/wp\/v2\/media?parent=1028"}],"curies":[{"name":"wp","href":"https:\/\/api.w.org\/{rel}","templated":true}]}}