{"id":1093,"date":"2010-12-01T20:09:35","date_gmt":"2010-12-01T20:09:35","guid":{"rendered":"http:\/\/www.bewegungstrainer-em.org\/?page_id=1093"},"modified":"2010-12-01T21:27:24","modified_gmt":"2010-12-01T21:27:24","slug":"maria-gold-73560-bobingen-an-der-rems","status":"publish","type":"page","link":"https:\/\/www.bewegungstrainer-em.org\/index.php\/trainerverzeichnis\/bewegungstrainer-baden-wurttemberg\/maria-gold-73560-bobingen-an-der-rems\/","title":{"rendered":"Maria Gold, 73560 B\u00f6bingen an der Rems"},"content":{"rendered":"<p><strong>Kontaktdaten<\/strong><\/p>\n<table style=\"height: 152px;\" width=\"300\">\n<tbody>\n<tr>\n<td>Name<\/td>\n<td>Maria Gold<\/td>\n<\/tr>\n<tr>\n<td>Adresse<\/td>\n<td>Heubacher Str. 12<\/td>\n<\/tr>\n<tr>\n<td>Ort<\/td>\n<td>73560 B\u00f6bingen an der Rems<\/td>\n<\/tr>\n<tr>\n<td>Telefon<\/td>\n<td>0 71 71 &#8211; 634 48<\/td>\n<\/tr>\n<tr>\n<td>Mobil<\/td>\n<td>0172 &#8211; 625 77 20<\/td>\n<\/tr>\n<tr>\n<td>e-mail<\/td>\n<td><a href=\"mailto:maria.gold@web.de\">maria.gold@web.de<\/a><\/td>\n<\/tr>\n<\/tbody>\n<\/table>\n<p><strong>Werdegang<\/strong><\/p>\n<table style=\"height: 152px;\" width=\"600\">\n<tbody>\n<tr>\n<td>1987 \u20131991<\/td>\n<td>Ausbildung zur Pferdewirtin \/ Reiten im Reitsportzentrum Heubach bei Herrn Rudolf Br\u00fcgge . Abgeschlossen mit der Bereiterpr\u00fcfung<\/td>\n<\/tr>\n<tr>\n<td>1998<\/td>\n<td>Meisterschule in M\u00fcnster Teil 3 und 4<\/td>\n<\/tr>\n<tr>\n<td>2000<\/td>\n<td>Meisterschule in M\u00fcnster Teil 1 und 2. Abgeschlossen mit der Pr\u00fcfung zur Pferdewirtschaftsmeisterin \/ Reiten<\/td>\n<\/tr>\n<tr>\n<td>2002<\/td>\n<td>Meisterschule in Marbach Teil 1 und 2. Abgeschlossen mit der Pr\u00fcfung zur Pferdewirtschaftsmeisterin \/ Zucht und Haltung<\/td>\n<\/tr>\n<tr>\n<td>2002<\/td>\n<td>Zusatzqualifikation f\u00fcr Pferdewirtschaftsmeister &#8222;Unternehmensf\u00fchrung&#8220;<\/td>\n<\/tr>\n<tr>\n<td>2008<\/td>\n<td>Ausbildung und Pr\u00fcfung zum Bewegungstrainer EM<\/td>\n<\/tr>\n<tr>\n<td>2010<\/td>\n<td>Pr\u00fcfung des Sattelkundenachweises im Damensattel<\/td>\n<\/tr>\n<tr>\n<td>&nbsp;<\/td>\n<td><strong>Berufspraxis<\/strong><\/td>\n<\/tr>\n<tr>\n<td>1991-1993<\/td>\n<td>Besch\u00e4ftigt bei Herrn Rudolf Br\u00fcgge \/ Heubach als Bereiterin<\/td>\n<\/tr>\n<tr>\n<td>1993<\/td>\n<td>Auslandsaufenthalt in Kalifornien \/ USA als Bereiterin<\/td>\n<\/tr>\n<tr>\n<td>1994<\/td>\n<td>Besch\u00e4ftigt bei Herrn Rudolf Br\u00fcgge \/ Heubach als Bereiterin<\/td>\n<\/tr>\n<tr>\n<td>Seit 1998<\/td>\n<td>Besch\u00e4ftigt beim Reit.- und Fahrverein Schw\u00e4bisch Gm\u00fcnd, ebenfalls als Bereiterin sowie als Betriebsleiterin, seit Nov 2000 als Pferdewirtschaftsmeisterin<\/td>\n<\/tr>\n<\/tbody>\n<\/table>\n<p><strong>Schulungsort\/Mindestteilnehmerzahl<\/strong><\/p>\n<ul>\n<li>auf  der Anlage des RuFV (bei Bedarf mit Schulpferd)<\/li>\n<li>mobil \u2013 auf Wunsch auf fremder Anlage<\/li>\n<\/ul>\n<p><strong>Referenzen in Bezug auf Bewegungstraining:<\/strong><br \/>\nZum Beispiel:<br \/>\n2010<br \/>\n&#8211; Lehrgang beim PSK Ostalb<br \/>\n&#8211; Lehrgang f\u00fcr den RiD (Reiten im Damensattel )  <\/p>\n","protected":false},"excerpt":{"rendered":"<p>Kontaktdaten Name Maria Gold Adresse Heubacher Str. 12 Ort 73560 B\u00f6bingen an der Rems Telefon 0 71 71 &#8211; 634 48 Mobil 0172 &#8211; 625 77 20 e-mail maria.gold@web.de Werdegang 1987 \u20131991 Ausbildung zur Pferdewirtin \/ Reiten im Reitsportzentrum Heubach bei Herrn Rudolf Br\u00fcgge . Abgeschlossen mit der Bereiterpr\u00fcfung 1998 Meisterschule in M\u00fcnster Teil 3 und 4 2000 Meisterschule in M\u00fcnster Teil 1 und 2. Abgeschlossen mit der Pr\u00fcfung zur Pferdewirtschaftsmeisterin \/ Reiten 2002 Meisterschule in Marbach Teil 1 und 2. Abgeschlossen mit der Pr\u00fcfung zur Pferdewirtschaftsmeisterin \/ Zucht und Haltung 2002 Zusatzqualifikation f\u00fcr Pferdewirtschaftsmeister &#8222;Unternehmensf\u00fchrung&#8220; 2008 Ausbildung und Pr\u00fcfung zum Bewegungstrainer EM 2010 Pr\u00fcfung des Sattelkundenachweises im Damensattel &nbsp; Berufspraxis 1991-1993 Besch\u00e4ftigt bei Herrn Rudolf Br\u00fcgge \/ Heubach als Bereiterin 1993 Auslandsaufenthalt in Kalifornien \/ USA als Bereiterin 1994 Besch\u00e4ftigt bei Herrn Rudolf Br\u00fcgge \/ Heubach als Bereiterin Seit 1998 Besch\u00e4ftigt beim Reit.- und Fahrverein Schw\u00e4bisch Gm\u00fcnd, ebenfalls als Bereiterin sowie als Betriebsleiterin, seit Nov 2000 als Pferdewirtschaftsmeisterin Schulungsort\/Mindestteilnehmerzahl auf der Anlage des RuFV (bei Bedarf mit Schulpferd) mobil \u2013 auf Wunsch auf fremder Anlage Referenzen in Bezug auf Bewegungstraining: Zum Beispiel: 2010 &#8211; Lehrgang beim PSK Ostalb &#8211; Lehrgang f\u00fcr den RiD (Reiten im Damensattel )<\/p>\n","protected":false},"author":61,"featured_media":0,"parent":575,"menu_order":20,"comment_status":"closed","ping_status":"closed","template":"","meta":{"ngg_post_thumbnail":0},"acf":[],"_links":{"self":[{"href":"https:\/\/www.bewegungstrainer-em.org\/index.php\/wp-json\/wp\/v2\/pages\/1093"}],"collection":[{"href":"https:\/\/www.bewegungstrainer-em.org\/index.php\/wp-json\/wp\/v2\/pages"}],"about":[{"href":"https:\/\/www.bewegungstrainer-em.org\/index.php\/wp-json\/wp\/v2\/types\/page"}],"author":[{"embeddable":true,"href":"https:\/\/www.bewegungstrainer-em.org\/index.php\/wp-json\/wp\/v2\/users\/61"}],"replies":[{"embeddable":true,"href":"https:\/\/www.bewegungstrainer-em.org\/index.php\/wp-json\/wp\/v2\/comments?post=1093"}],"version-history":[{"count":12,"href":"https:\/\/www.bewegungstrainer-em.org\/index.php\/wp-json\/wp\/v2\/pages\/1093\/revisions"}],"predecessor-version":[{"id":1110,"href":"https:\/\/www.bewegungstrainer-em.org\/index.php\/wp-json\/wp\/v2\/pages\/1093\/revisions\/1110"}],"up":[{"embeddable":true,"href":"https:\/\/www.bewegungstrainer-em.org\/index.php\/wp-json\/wp\/v2\/pages\/575"}],"wp:attachment":[{"href":"https:\/\/www.bewegungstrainer-em.org\/index.php\/wp-json\/wp\/v2\/media?parent=1093"}],"curies":[{"name":"wp","href":"https:\/\/api.w.org\/{rel}","templated":true}]}}