{"id":1415,"date":"2011-04-27T09:39:00","date_gmt":"2011-04-27T09:39:00","guid":{"rendered":"http:\/\/www.bewegungstrainer-em.org\/?page_id=1415"},"modified":"2022-07-03T07:36:34","modified_gmt":"2022-07-03T07:36:34","slug":"nadja-eichholz-83123-amerang","status":"publish","type":"page","link":"https:\/\/www.bewegungstrainer-em.org\/index.php\/trainerverzeichnis\/bewegungstrainer-bayern\/nadja-eichholz-83123-amerang\/","title":{"rendered":"Nadja Eichholz, 83123 Amerang"},"content":{"rendered":"<p><img decoding=\"async\" loading=\"lazy\" class=\"alignnone size-medium wp-image-1428\" title=\"nadja eichholz portrait\" src=\"https:\/\/www.bewegungstrainer-em.org\/wp-content\/uploads\/2011\/04\/nadja-eichholz-portrait-300x225.jpg\" alt=\"Portrait Nadja Eichholz\" width=\"300\" height=\"225\" srcset=\"https:\/\/www.bewegungstrainer-em.org\/wp-content\/uploads\/2011\/04\/nadja-eichholz-portrait-300x225.jpg 300w, https:\/\/www.bewegungstrainer-em.org\/wp-content\/uploads\/2011\/04\/nadja-eichholz-portrait-150x112.jpg 150w, https:\/\/www.bewegungstrainer-em.org\/wp-content\/uploads\/2011\/04\/nadja-eichholz-portrait-400x300.jpg 400w, https:\/\/www.bewegungstrainer-em.org\/wp-content\/uploads\/2011\/04\/nadja-eichholz-portrait.jpg 600w\" sizes=\"(max-width: 300px) 100vw, 300px\" \/><\/p>\n<p><em>&#8222;Echtes Reiten verlangt immer das m\u00f6glichst restlos aktivierte Gef\u00fchl des Menschen. Dabei spielt es keine Rolle, welches Ziel sich der Mensch f\u00fcr sich und sein Pferd gesteckt hat.\u201c<br \/>\n<\/em> (Kurt Albrecht)<br \/>\nMeine Motivation ist den Reitern dabei zu helfen, dieses Gef\u00fchl zu erlangen, um im Einklang mit ihrem Pferd sein zu k\u00f6nnen.<\/p>\n<p><strong>Kontaktdaten<\/strong><\/p>\n<div>Nadja Eichholz<\/div>\n<div>Pfaffing 10<\/div>\n<div>83123 Amerang<\/div>\n<div>Mobil 0178 &#8211; 531 92 75<\/div>\n<div><a href=\"mailto:Nadja.Eichholz@t-online.de\">Nadja.Eichholz@t-online.de<\/a><\/div>\n<div><a href=\"http:\/\/www.bewegungstrainerin-em.de\">www.bewegungstrainerin-em.de<\/a><\/div>\n<div>&nbsp;<\/div>\n<div>&nbsp;<\/div>\n<div>&nbsp;<\/div>\n<p><strong>Werdegang<\/strong><\/p>\n<table style=\"height: 152px;\" width=\"525\">\n<tbody>\n<tr>\n<td>1990 \u2013 1993<\/td>\n<td>Ausbildung zur Bereiterin bei Wolfgang Aigner in Wedel\/Holstein und Franz-Peter Bockholt in HH-Rehagen<\/td>\n<\/tr>\n<tr>\n<td>1993 \u2013 1997<\/td>\n<td>Bereiterin im Dressurstall Gro\u00dfh\u00f6henrain bei Bad Aibling\/Bayern<\/td>\n<\/tr>\n<tr>\n<td>1997 \u2013 2001<\/td>\n<td>Betriebsleitung von Hof Immenhorst\/Norderstedt-HH zusammen mit Bendix Eichholz<\/td>\n<\/tr>\n<tr>\n<td>2000<\/td>\n<td>Pferdewirtschaftsmeisterpr\u00fcfung Reiten in Warendorf erfolgreich abgelegt<\/td>\n<\/tr>\n<tr>\n<td>2001 \u2013 2010<\/td>\n<td>Angestellt als Ausbilderin im Dressurstall Prawitz in Sch\u00f6nau b. Bad Aibling\/Bayern<\/td>\n<\/tr>\n<tr>\n<td>Mai 2009<\/td>\n<td>Pr\u00fcfung zur Bewegungstrainerin EM im Warendorf erfolgreich abgelegt<\/td>\n<\/tr>\n<tr>\n<td>2010 &#8211; 2015<\/td>\n<td>Ausbilderin im Dressurstall Eichholz (ehemals Prawitz) in Sch\u00f6nau b. Bad Aibling\/Bayern<\/td>\n<\/tr>\n<tr>\n<td>seit Mai 2015<\/td>\n<td>Als freiberufliche Ausbilderin\/Bewegungstrainerin t\u00e4tig<\/td>\n<\/tr>\n<\/tbody>\n<\/table>\n<p><strong>Bewegungstraining-Kurse\/Schulungsort:<\/strong><\/p>\n<ul>\n<li>mobil auf Anfrage<\/li>\n<li>mindestens 7, maximal 10 Teilnehmer<\/li>\n<\/ul>\n<p><strong>Referenzen<\/strong><\/p>\n<p><strong>2012<\/strong><\/p>\n<p>M\u00e4rz:<\/p>\n<p>Pensionsstall \u201cStreetcreekranch\u201d<br \/>\nmit 10 Teilnehmern<\/p>\n<p>Lebenshilfe Gut Aufeld, Ingolstadt<br \/>\nmit 9 Teilnehmern<\/p>\n<p><em><strong>2011<\/strong><\/em><br \/>\n<em>M\u00e4rz: <\/em><br \/>\nDressurstall Eichholz mit 10 Teilnehmern an 2 Tagen<\/p>\n<p><em>Juni:<\/em><br \/>\nPensionsstall Percha<br \/>\nmit 10 Teilnehmern<\/p>\n<p>Dressurstall Eichholz<br \/>\nmit 10 Teilnehmern<\/p>\n<p><em>August<\/em>:<br \/>\nDressurstall Eichholz<br \/>\nmit 10 Teilnehmern<\/p>\n<p><em>Oktober:<\/em><br \/>\nDressurstall Eichholz<br \/>\nmit 7 Teilnehmern<\/p>\n<p>Pensionsstall \u201cStreetcreekranch\u201d<br \/>\nmit 10 Teilnehmern<\/p>\n<p><em>November<\/em>:<\/p>\n<p>RFV Rosenheim<br \/>\nmit 5 Teilnehmern<\/p>\n<p><em><strong>2010<\/strong><\/em><\/p>\n<p><em>Februar:<\/em> Dressurstall Prawitz mit 10 Teilnehmern an 2 Tagen<br \/>\n<em>M\u00e4rz: <\/em>Reitanlage Jakobsberg mit 5 Teilnehmern an 2 Tagen<br \/>\n<em>Mai: <\/em> Reitstall Percha mit 9 Teilnehmern an 2 Tagen<br \/>\n<em>Juni: <\/em> Dressurstall Eichholz mit 10 Teilnehmern an 2 Tagen<br \/>\n<em>Juni:<\/em> Reitanlage Feichtner\/Moosach mit 11 Teilnehmern an 2 Tagen<br \/>\n<em>Oktober: <\/em> Dressurstall Eichholz mit 10 Teilnehmern an 2 Tagen<\/p>\n<p><em><strong>2009<\/strong><\/em><\/p>\n<p><em>Juli:<\/em> Dressurstall Prawitz mit 10 Teilnehmern an 2 Tagen<br \/>\n<em>Oktober:<\/em> Dressurstall Prawitz mit 10 Teilnehmern an 2 Tagen<br \/>\n<em>Oktober: <\/em> Reitstall Percha mit 10 Teilnehmern an 2 Tagen<br \/>\n<em>Oktober:<\/em> Dressurstall Prawitz mit 7 Teilnehmern an 2 Tagen<br \/>\n<em>Dezember:<\/em> Reitanlage Jakobsberg mit 5 Teilnehmern an 2 Tagen<\/p>\nngg_shortcode_0_placeholder\n","protected":false},"excerpt":{"rendered":"<p>&#8222;Echtes Reiten verlangt immer das m\u00f6glichst restlos aktivierte Gef\u00fchl des Menschen. Dabei spielt es keine Rolle, welches Ziel sich der Mensch f\u00fcr sich und sein Pferd gesteckt hat.\u201c (Kurt Albrecht) Meine Motivation ist den Reitern dabei zu helfen, dieses Gef\u00fchl zu erlangen, um im Einklang mit ihrem Pferd sein zu k\u00f6nnen. Kontaktdaten Nadja Eichholz Pfaffing 10 83123 Amerang Mobil 0178 &#8211; 531 92 75 Nadja.Eichholz@t-online.de www.bewegungstrainerin-em.de &nbsp; &nbsp; &nbsp; Werdegang 1990 \u2013 1993 Ausbildung zur Bereiterin bei Wolfgang Aigner in Wedel\/Holstein und Franz-Peter Bockholt in HH-Rehagen 1993 \u2013 1997 Bereiterin im Dressurstall Gro\u00dfh\u00f6henrain bei Bad Aibling\/Bayern 1997 \u2013 2001 Betriebsleitung von Hof Immenhorst\/Norderstedt-HH zusammen mit Bendix Eichholz 2000 Pferdewirtschaftsmeisterpr\u00fcfung Reiten in Warendorf erfolgreich abgelegt 2001 \u2013 2010 Angestellt als Ausbilderin im Dressurstall Prawitz in Sch\u00f6nau b. Bad Aibling\/Bayern Mai 2009 Pr\u00fcfung zur Bewegungstrainerin EM im Warendorf erfolgreich abgelegt 2010 &#8211; 2015 Ausbilderin im Dressurstall Eichholz (ehemals Prawitz) in Sch\u00f6nau b. Bad Aibling\/Bayern seit Mai 2015 Als freiberufliche Ausbilderin\/Bewegungstrainerin t\u00e4tig Bewegungstraining-Kurse\/Schulungsort: mobil auf Anfrage mindestens 7, maximal 10 Teilnehmer Referenzen 2012 M\u00e4rz: Pensionsstall \u201cStreetcreekranch\u201d mit 10 Teilnehmern Lebenshilfe Gut Aufeld, Ingolstadt mit 9 Teilnehmern 2011 M\u00e4rz: Dressurstall Eichholz mit 10 Teilnehmern an 2 Tagen Juni: Pensionsstall Percha mit 10 Teilnehmern Dressurstall Eichholz mit 10 Teilnehmern August: Dressurstall Eichholz mit 10 Teilnehmern Oktober: Dressurstall Eichholz mit 7 Teilnehmern Pensionsstall \u201cStreetcreekranch\u201d mit 10 Teilnehmern November: RFV Rosenheim mit 5 Teilnehmern 2010 Februar: Dressurstall Prawitz mit 10 Teilnehmern an 2 Tagen M\u00e4rz: Reitanlage Jakobsberg mit 5 Teilnehmern an 2 Tagen Mai: Reitstall Percha mit 9 Teilnehmern an 2 Tagen Juni: Dressurstall Eichholz mit 10 Teilnehmern an 2 Tagen Juni: Reitanlage Feichtner\/Moosach mit 11 Teilnehmern an 2 Tagen Oktober: Dressurstall Eichholz mit 10 Teilnehmern an 2 Tagen 2009 Juli: Dressurstall Prawitz mit 10 Teilnehmern an 2 Tagen Oktober: Dressurstall Prawitz mit 10 Teilnehmern an 2 Tagen Oktober: Reitstall Percha mit 10 Teilnehmern an 2 Tagen Oktober: Dressurstall Prawitz mit 7 Teilnehmern an 2 Tagen Dezember: Reitanlage Jakobsberg mit 5 Teilnehmern an 2 Tagen<\/p>\n","protected":false},"author":61,"featured_media":0,"parent":438,"menu_order":0,"comment_status":"closed","ping_status":"closed","template":"","meta":{"ngg_post_thumbnail":0},"acf":[],"_links":{"self":[{"href":"https:\/\/www.bewegungstrainer-em.org\/index.php\/wp-json\/wp\/v2\/pages\/1415"}],"collection":[{"href":"https:\/\/www.bewegungstrainer-em.org\/index.php\/wp-json\/wp\/v2\/pages"}],"about":[{"href":"https:\/\/www.bewegungstrainer-em.org\/index.php\/wp-json\/wp\/v2\/types\/page"}],"author":[{"embeddable":true,"href":"https:\/\/www.bewegungstrainer-em.org\/index.php\/wp-json\/wp\/v2\/users\/61"}],"replies":[{"embeddable":true,"href":"https:\/\/www.bewegungstrainer-em.org\/index.php\/wp-json\/wp\/v2\/comments?post=1415"}],"version-history":[{"count":30,"href":"https:\/\/www.bewegungstrainer-em.org\/index.php\/wp-json\/wp\/v2\/pages\/1415\/revisions"}],"predecessor-version":[{"id":3963,"href":"https:\/\/www.bewegungstrainer-em.org\/index.php\/wp-json\/wp\/v2\/pages\/1415\/revisions\/3963"}],"up":[{"embeddable":true,"href":"https:\/\/www.bewegungstrainer-em.org\/index.php\/wp-json\/wp\/v2\/pages\/438"}],"wp:attachment":[{"href":"https:\/\/www.bewegungstrainer-em.org\/index.php\/wp-json\/wp\/v2\/media?parent=1415"}],"curies":[{"name":"wp","href":"https:\/\/api.w.org\/{rel}","templated":true}]}}