{"id":1467,"date":"2011-05-08T20:11:03","date_gmt":"2011-05-08T20:11:03","guid":{"rendered":"http:\/\/www.bewegungstrainer-em.org\/?page_id=1467"},"modified":"2020-06-14T12:35:52","modified_gmt":"2020-06-14T12:35:52","slug":"christopher-vogel-22399-hamburg","status":"publish","type":"page","link":"https:\/\/www.bewegungstrainer-em.org\/index.php\/trainerverzeichnis\/bewegungstrainer-hamburg\/christopher-vogel-22399-hamburg\/","title":{"rendered":"Christopher Vogel, 22399 Hamburg"},"content":{"rendered":"<p><a href=\"https:\/\/www.bewegungstrainer-em.org\/wp-content\/uploads\/2010\/11\/christopher_vogel_portrait.jpg\"><img decoding=\"async\" loading=\"lazy\" class=\"alignnone size-full wp-image-1066\" title=\"christopher_vogel_portrait\" src=\"https:\/\/www.bewegungstrainer-em.org\/wp-content\/uploads\/2010\/11\/christopher_vogel_portrait.jpg\" alt=\"Portrait Christopher Vogel\" width=\"308\" height=\"456\" \/><\/a><\/p>\n<p><strong>Kontaktdaten<\/strong><\/p>\n<p>Christopher Vogel<br \/>\nR\u00f6nkrei 43<br \/>\n22399 Hamburg<br \/>\nMobil 0172 \u2013 417 50 85<br \/>\nvogel-christopher@web.de<\/p>\n<p><strong>Werdegang<\/strong><\/p>\n<table style=\"height: 60px;\" width=\"300\">\n<tbody>\n<tr>\n<td><\/td>\n<td>Ausbildung zum Pferdewirt Schwerpunkt Reiten<\/td>\n<\/tr>\n<tr>\n<td><\/td>\n<td>Deutsche Reitschule Warendorf als Bereiter<\/td>\n<\/tr>\n<tr>\n<td><\/td>\n<td>Pferdewirtschaftsmeister Schwerpunkt Reiten<\/td>\n<\/tr>\n<tr>\n<td><\/td>\n<td>Langj\u00e4hrige Ausbildung von Pferd und Reiter in Dressur und Springen<\/td>\n<\/tr>\n<tr>\n<td><\/td>\n<td>Bewegungstrainer EM mit regelm\u00e4\u00dfigen Fortbildungen<br \/>\nbei Eckart Meyners.<\/td>\n<\/tr>\n<\/tbody>\n<\/table>\n<p><strong>Schulungsort:<\/strong><br \/>\nnach Absprache<\/p>\nngg_shortcode_0_placeholder\n","protected":false},"excerpt":{"rendered":"<p>Kontaktdaten Christopher Vogel R\u00f6nkrei 43 22399 Hamburg Mobil 0172 \u2013 417 50 85 vogel-christopher@web.de Werdegang Ausbildung zum Pferdewirt Schwerpunkt Reiten Deutsche Reitschule Warendorf als Bereiter Pferdewirtschaftsmeister Schwerpunkt Reiten Langj\u00e4hrige Ausbildung von Pferd und Reiter in Dressur und Springen Bewegungstrainer EM mit regelm\u00e4\u00dfigen Fortbildungen bei Eckart Meyners. Schulungsort: nach Absprache<\/p>\n","protected":false},"author":61,"featured_media":0,"parent":1469,"menu_order":10,"comment_status":"closed","ping_status":"closed","template":"","meta":{"ngg_post_thumbnail":0},"acf":[],"_links":{"self":[{"href":"https:\/\/www.bewegungstrainer-em.org\/index.php\/wp-json\/wp\/v2\/pages\/1467"}],"collection":[{"href":"https:\/\/www.bewegungstrainer-em.org\/index.php\/wp-json\/wp\/v2\/pages"}],"about":[{"href":"https:\/\/www.bewegungstrainer-em.org\/index.php\/wp-json\/wp\/v2\/types\/page"}],"author":[{"embeddable":true,"href":"https:\/\/www.bewegungstrainer-em.org\/index.php\/wp-json\/wp\/v2\/users\/61"}],"replies":[{"embeddable":true,"href":"https:\/\/www.bewegungstrainer-em.org\/index.php\/wp-json\/wp\/v2\/comments?post=1467"}],"version-history":[{"count":5,"href":"https:\/\/www.bewegungstrainer-em.org\/index.php\/wp-json\/wp\/v2\/pages\/1467\/revisions"}],"predecessor-version":[{"id":3723,"href":"https:\/\/www.bewegungstrainer-em.org\/index.php\/wp-json\/wp\/v2\/pages\/1467\/revisions\/3723"}],"up":[{"embeddable":true,"href":"https:\/\/www.bewegungstrainer-em.org\/index.php\/wp-json\/wp\/v2\/pages\/1469"}],"wp:attachment":[{"href":"https:\/\/www.bewegungstrainer-em.org\/index.php\/wp-json\/wp\/v2\/media?parent=1467"}],"curies":[{"name":"wp","href":"https:\/\/api.w.org\/{rel}","templated":true}]}}