{"id":1583,"date":"2011-10-15T18:13:34","date_gmt":"2011-10-15T18:13:34","guid":{"rendered":"http:\/\/www.bewegungstrainer-em.org\/?page_id=1583"},"modified":"2020-08-02T14:58:49","modified_gmt":"2020-08-02T14:58:49","slug":"roswitha-schreiber-jetzinger-a-3462-bierbaum","status":"publish","type":"page","link":"https:\/\/www.bewegungstrainer-em.org\/index.php\/trainerverzeichnis\/bewegungstrainer-osterreich\/roswitha-schreiber-jetzinger-a-3462-bierbaum\/","title":{"rendered":"Roswitha Schreiber-Jetzinger, A-3462 Bierbaum"},"content":{"rendered":"<p><a href=\"https:\/\/www.bewegungstrainer-em.org\/wp-content\/uploads\/2011\/10\/Roswitha Schreiber-Jetzinger1.jpg\"><img decoding=\"async\" loading=\"lazy\" src=\"https:\/\/www.bewegungstrainer-em.org\/wp-content\/uploads\/2011\/10\/Roswitha Schreiber-Jetzinger1.jpg\" alt=\"Portrait Roswitha Schreiber-Jetzinger\" width=\"381\" height=\"285\" \/><\/a><\/p>\n<p><iframe loading=\"lazy\" width=\"1280\" height=\"933\" src=\"https:\/\/www.youtube.com\/embed\/s8FPoCEeevQ\" frameborder=\"0\" allow=\"accelerometer; autoplay; encrypted-media; gyroscope; picture-in-picture\" allowfullscreen><\/iframe><\/p>\n<p><strong>Kontaktdaten<\/strong><br \/>\nRoswitha Schreiber-Jetzinger<br \/>\nLandstrasse 46<br \/>\nA-3462 Bierbaum am Kleeb\u00fchel<br \/>\nTelefon: 0043 &#8211; 2278 &#8211; 710 49<br \/>\nMobil: 0043 &#8211; 650 &#8211; 603 29 06<br \/>\n<a href=\"mailto:info@pferdeerlebnis.at\">info@pferdeerlebnis.at<\/a><br \/>\n<a href=\"http:\/\/www.pferdeerlebnis.at\" target=\"_blank\">www.pferdeerlebnis.at<\/a><\/p>\n<p><strong>Werdegang<\/strong><\/p>\n<table style=\"height: 60px;\" width=\"450\">\n<tbody>\n<tr>\n<td>1997<\/td>\n<td>Lehrer an der landwirtschaftlichen Fachschule Tullnerbach, Fachrichtung Pferdewirtschaft<\/td>\n<\/tr>\n<tr>\n<td>1999<\/td>\n<td>Abschluss staatlich gepr\u00fcfter Reittrainer Springen<\/td>\n<\/tr>\n<tr>\n<td>2000<\/td>\n<td>\u00dcbungsleiter Voltigieren<\/td>\n<\/tr>\n<tr>\n<td>2003<\/td>\n<td>Centered Riding Ausbilder Level 1<\/td>\n<\/tr>\n<tr>\n<td>2005<\/td>\n<td>Centered Riding Ausbilder Level 2<\/td>\n<\/tr>\n<tr>\n<td>2006<\/td>\n<td>Ausbildung zur Hippolinilehrkraft<\/td>\n<\/tr>\n<tr>\n<td>2007<\/td>\n<td>Lehrer an der landwirtschaftlichen Fach- und Berufsschule Edelhof, Fachrichtung Pferdewirtschaft<\/td>\n<\/tr>\n<tr>\n<td>2008<\/td>\n<td>Centered Riding Ausbilder Level 3<\/td>\n<\/tr>\n<tr>\n<td>2009<\/td>\n<td>Pr\u00fcfung\/Abschluss zum Bewegungstrainer EM<\/td>\n<\/tr>\n<\/tbody>\n<\/table>\n<p><strong>Schulungsort\/Mindestteilnehmerzahl:<\/strong><\/p>\n<ul>\n<li>im Pferdeerlebnis Bierbaum, 3462 Bierbaum am Kleeb\u00fchel<br \/>\noder auf Wunsch auf fremder Anlage<\/li>\n<li>maximal 10 Teilnehmer<\/li>\n<\/ul>\n<p><strong>Referenzen<\/strong><\/p>\n<p><strong>2014<\/strong><\/p>\n<p><em>September<\/em><\/p>\n<p>Pferdeerlebnis Bierbaum, Landstra\u00dfe 46, 3462 Bierbaum, \u00d6sterreich<\/p>\n<p><em>November 2012<\/em><br \/>\n<strong>Sitzschulung nach E. Meyners mit Roswitha Schreiber-Jetzinger<\/strong><br \/>\nOrt: Pferdeerlebnis Bierbaum<\/p>\nngg_shortcode_0_placeholder\n","protected":false},"excerpt":{"rendered":"<p>Kontaktdaten Roswitha Schreiber-Jetzinger Landstrasse 46 A-3462 Bierbaum am Kleeb\u00fchel Telefon: 0043 &#8211; 2278 &#8211; 710 49 Mobil: 0043 &#8211; 650 &#8211; 603 29 06 info@pferdeerlebnis.at www.pferdeerlebnis.at Werdegang 1997 Lehrer an der landwirtschaftlichen Fachschule Tullnerbach, Fachrichtung Pferdewirtschaft 1999 Abschluss staatlich gepr\u00fcfter Reittrainer Springen 2000 \u00dcbungsleiter Voltigieren 2003 Centered Riding Ausbilder Level 1 2005 Centered Riding Ausbilder Level 2 2006 Ausbildung zur Hippolinilehrkraft 2007 Lehrer an der landwirtschaftlichen Fach- und Berufsschule Edelhof, Fachrichtung Pferdewirtschaft 2008 Centered Riding Ausbilder Level 3 2009 Pr\u00fcfung\/Abschluss zum Bewegungstrainer EM Schulungsort\/Mindestteilnehmerzahl: im Pferdeerlebnis Bierbaum, 3462 Bierbaum am Kleeb\u00fchel oder auf Wunsch auf fremder Anlage maximal 10 Teilnehmer Referenzen 2014 September Pferdeerlebnis Bierbaum, Landstra\u00dfe 46, 3462 Bierbaum, \u00d6sterreich November 2012 Sitzschulung nach E. Meyners mit Roswitha Schreiber-Jetzinger Ort: Pferdeerlebnis Bierbaum<\/p>\n","protected":false},"author":61,"featured_media":0,"parent":1579,"menu_order":0,"comment_status":"closed","ping_status":"closed","template":"","meta":{"ngg_post_thumbnail":0},"acf":[],"_links":{"self":[{"href":"https:\/\/www.bewegungstrainer-em.org\/index.php\/wp-json\/wp\/v2\/pages\/1583"}],"collection":[{"href":"https:\/\/www.bewegungstrainer-em.org\/index.php\/wp-json\/wp\/v2\/pages"}],"about":[{"href":"https:\/\/www.bewegungstrainer-em.org\/index.php\/wp-json\/wp\/v2\/types\/page"}],"author":[{"embeddable":true,"href":"https:\/\/www.bewegungstrainer-em.org\/index.php\/wp-json\/wp\/v2\/users\/61"}],"replies":[{"embeddable":true,"href":"https:\/\/www.bewegungstrainer-em.org\/index.php\/wp-json\/wp\/v2\/comments?post=1583"}],"version-history":[{"count":32,"href":"https:\/\/www.bewegungstrainer-em.org\/index.php\/wp-json\/wp\/v2\/pages\/1583\/revisions"}],"predecessor-version":[{"id":3816,"href":"https:\/\/www.bewegungstrainer-em.org\/index.php\/wp-json\/wp\/v2\/pages\/1583\/revisions\/3816"}],"up":[{"embeddable":true,"href":"https:\/\/www.bewegungstrainer-em.org\/index.php\/wp-json\/wp\/v2\/pages\/1579"}],"wp:attachment":[{"href":"https:\/\/www.bewegungstrainer-em.org\/index.php\/wp-json\/wp\/v2\/media?parent=1583"}],"curies":[{"name":"wp","href":"https:\/\/api.w.org\/{rel}","templated":true}]}}