{"id":176,"date":"2010-03-05T12:51:48","date_gmt":"2010-03-05T12:51:48","guid":{"rendered":"http:\/\/www.bewegungstrainer-em.org\/wordpress\/?page_id=176"},"modified":"2020-06-14T12:39:49","modified_gmt":"2020-06-14T12:39:49","slug":"katrin-eschenhorst-27248-ehrenburg","status":"publish","type":"page","link":"https:\/\/www.bewegungstrainer-em.org\/index.php\/trainerverzeichnis\/bewegungstrainer-niedersachsen\/katrin-eschenhorst-27248-ehrenburg\/","title":{"rendered":"Katrin Eschenhorst, 27248 Ehrenburg"},"content":{"rendered":"<p><a href=\"https:\/\/www.bewegungstrainer-em.org\/wp-content\/uploads\/2010\/03\/katrin-eschenhorst-portrait.jpg\"><img decoding=\"async\" loading=\"lazy\" class=\"alignnone size-full wp-image-640\" title=\"katrin eschenhorst portrait\" src=\"https:\/\/www.bewegungstrainer-em.org\/wp-content\/uploads\/2010\/03\/katrin-eschenhorst-portrait.jpg\" alt=\"Portrait Katrin Eschenhorst\" width=\"283\" height=\"445\" srcset=\"https:\/\/www.bewegungstrainer-em.org\/wp-content\/uploads\/2010\/03\/katrin-eschenhorst-portrait-190x300.jpg 190w, https:\/\/www.bewegungstrainer-em.org\/wp-content\/uploads\/2010\/03\/katrin-eschenhorst-portrait-95x150.jpg 95w\" sizes=\"(max-width: 283px) 100vw, 283px\" \/><\/a><\/p>\n<p>&#8222;Mehr Harmonie beim Reiten &#8211; Pferd und Reiter in Bewegungsbalance.&#8220;<\/p>\n<p><strong>Kontakt:<\/strong><br \/>\n<strong>Katrin Eschenhorst<\/strong><br \/>\nReitanlage Meeresberg<br \/>\nHeideloh 6<br \/>\n27248 Ehrenburg<br \/>\nTelefon +49 (0)4275-963 888<br \/>\n<a href=\"mailto:info@hof-eschenhorst.de\">info@hof-eschenhorst.de<\/a><br \/>\n<a href=\"http:\/\/www.hof-eschenhorst.de\" target=\"_blank\" rel=\"noopener noreferrer\">www.hof-eschenhorst.de<\/a><\/p>\n<p><strong>Werdegang<\/strong><\/p>\n<table style=\"height: 152px;\" width=\"400\">\n<tbody>\n<tr>\n<td>seit 1999<\/td>\n<td>mit eigener Reitanlage selbst\u00e4ndig<\/td>\n<\/tr>\n<tr>\n<td>2002<\/td>\n<td>Pr\u00fcfung Pferdewirtin Zucht und Haltung<\/td>\n<\/tr>\n<tr>\n<td>2003<\/td>\n<td>Pr\u00fcfung Pferdewirtin Reiten (mit Auszeichnung)<\/td>\n<\/tr>\n<tr>\n<td>2005<\/td>\n<td>Pferdewirtschaftsmeisterin Zucht und Haltung<\/td>\n<\/tr>\n<tr>\n<td>2006<\/td>\n<td>Pferdewirtschaftsmeisterin Reiten (mit Auszeichung)<\/td>\n<\/tr>\n<\/tbody>\n<\/table>\n<p><strong>Schulungsort\/Mindestteilnehmerzahl:<\/strong><\/p>\n<ul>\n<li> Auf eigener Anlage (Gastboxen sind vorhanden)<\/li>\n<li> Ausw\u00e4rts<\/li>\n<li> Mindestteilnehmerzahl: 5<\/li>\n<\/ul>\n<p><strong>Referenzen<\/strong><\/p>\n<p>Auf der Anlage finden regelm\u00e4\u00dfig Bewegungsseminare in verschiedenen Formen statt, z.B.:<\/p>\n<ul>\n<li>Bewegungsseminar \u00fcber 2 Tage (reines EM Seminar)<\/li>\n<li>Kinder EM Tag<\/li>\n<li>Bewegungsseminare in Kombination mit Pferdeostheopathen, Sattlern, &#8230;<\/li>\n<li>Spezielle Lehrg\u00e4nge f\u00fcr Sp\u00e4t- und Wiedereinsteiger mit Bewegungstraining<\/li>\n<\/ul>\n<p>Auch au\u00dferhalb der Anlage finden regelm\u00e4\u00dfig Bewegungslehrg\u00e4nge und Fortbildungen unter meiner Anleitung statt,<br \/>\nz.B. Bewegungsseminare in:<\/p>\n<ul>\n<li>Weil am Rhein<\/li>\n<li>Hofgeismar (bei Kassel)<\/li>\n<li>Sottrum<\/li>\n<li>Stuhr<\/li>\n<\/ul>\n<p>Referenzen:<\/p>\n<p><em><strong>2014<\/strong><\/em><\/p>\n<p><em>Oktober und November<\/em><\/p>\n<p>2 t\u00e4gige Bewegungsseminare (EM) \u2013 Sitzschulung nach Eckart Meyners \u2013<br \/>\nauf unserer Reitanlage Pferdezentrum Meeresberg, Ehrenburg<\/p>\nngg_shortcode_0_placeholder\n","protected":false},"excerpt":{"rendered":"<p>&#8222;Mehr Harmonie beim Reiten &#8211; Pferd und Reiter in Bewegungsbalance.&#8220; Kontakt: Katrin Eschenhorst Reitanlage Meeresberg Heideloh 6 27248 Ehrenburg Telefon +49 (0)4275-963 888 info@hof-eschenhorst.de www.hof-eschenhorst.de Werdegang seit 1999 mit eigener Reitanlage selbst\u00e4ndig 2002 Pr\u00fcfung Pferdewirtin Zucht und Haltung 2003 Pr\u00fcfung Pferdewirtin Reiten (mit Auszeichnung) 2005 Pferdewirtschaftsmeisterin Zucht und Haltung 2006 Pferdewirtschaftsmeisterin Reiten (mit Auszeichung) Schulungsort\/Mindestteilnehmerzahl: Auf eigener Anlage (Gastboxen sind vorhanden) Ausw\u00e4rts Mindestteilnehmerzahl: 5 Referenzen Auf der Anlage finden regelm\u00e4\u00dfig Bewegungsseminare in verschiedenen Formen statt, z.B.: Bewegungsseminar \u00fcber 2 Tage (reines EM Seminar) Kinder EM Tag Bewegungsseminare in Kombination mit Pferdeostheopathen, Sattlern, &#8230; Spezielle Lehrg\u00e4nge f\u00fcr Sp\u00e4t- und Wiedereinsteiger mit Bewegungstraining Auch au\u00dferhalb der Anlage finden regelm\u00e4\u00dfig Bewegungslehrg\u00e4nge und Fortbildungen unter meiner Anleitung statt, z.B. Bewegungsseminare in: Weil am Rhein Hofgeismar (bei Kassel) Sottrum Stuhr Referenzen: 2014 Oktober und November 2 t\u00e4gige Bewegungsseminare (EM) \u2013 Sitzschulung nach Eckart Meyners \u2013 auf unserer Reitanlage Pferdezentrum Meeresberg, Ehrenburg<\/p>\n","protected":false},"author":61,"featured_media":0,"parent":163,"menu_order":30,"comment_status":"closed","ping_status":"closed","template":"","meta":{"ngg_post_thumbnail":0},"acf":[],"_links":{"self":[{"href":"https:\/\/www.bewegungstrainer-em.org\/index.php\/wp-json\/wp\/v2\/pages\/176"}],"collection":[{"href":"https:\/\/www.bewegungstrainer-em.org\/index.php\/wp-json\/wp\/v2\/pages"}],"about":[{"href":"https:\/\/www.bewegungstrainer-em.org\/index.php\/wp-json\/wp\/v2\/types\/page"}],"author":[{"embeddable":true,"href":"https:\/\/www.bewegungstrainer-em.org\/index.php\/wp-json\/wp\/v2\/users\/61"}],"replies":[{"embeddable":true,"href":"https:\/\/www.bewegungstrainer-em.org\/index.php\/wp-json\/wp\/v2\/comments?post=176"}],"version-history":[{"count":25,"href":"https:\/\/www.bewegungstrainer-em.org\/index.php\/wp-json\/wp\/v2\/pages\/176\/revisions"}],"predecessor-version":[{"id":3728,"href":"https:\/\/www.bewegungstrainer-em.org\/index.php\/wp-json\/wp\/v2\/pages\/176\/revisions\/3728"}],"up":[{"embeddable":true,"href":"https:\/\/www.bewegungstrainer-em.org\/index.php\/wp-json\/wp\/v2\/pages\/163"}],"wp:attachment":[{"href":"https:\/\/www.bewegungstrainer-em.org\/index.php\/wp-json\/wp\/v2\/media?parent=176"}],"curies":[{"name":"wp","href":"https:\/\/api.w.org\/{rel}","templated":true}]}}