{"id":1899,"date":"2012-07-12T19:45:07","date_gmt":"2012-07-12T19:45:07","guid":{"rendered":"http:\/\/www.bewegungstrainer-em.org\/?page_id=1899"},"modified":"2017-06-30T06:30:12","modified_gmt":"2017-06-30T06:30:12","slug":"heike-paul-63762-grosostheim","status":"publish","type":"page","link":"https:\/\/www.bewegungstrainer-em.org\/index.php\/trainerverzeichnis\/bewegungstrainer-bayern\/heike-paul-63762-grosostheim\/","title":{"rendered":"Heike Paul, 63762 Gro\u00dfostheim"},"content":{"rendered":"<p><img decoding=\"async\" loading=\"lazy\" class=\"alignnone size-large wp-image-1905\" title=\"Portrait Heike Paul\" src=\"https:\/\/www.bewegungstrainer-em.org\/wp-content\/uploads\/2012\/07\/FotoHeike_Paul2-1024x819.jpg\" alt=\"\" width=\"423\" height=\"338\" srcset=\"https:\/\/www.bewegungstrainer-em.org\/wp-content\/uploads\/2012\/07\/FotoHeike_Paul2-1024x819.jpg 1024w, https:\/\/www.bewegungstrainer-em.org\/wp-content\/uploads\/2012\/07\/FotoHeike_Paul2-300x240.jpg 300w, https:\/\/www.bewegungstrainer-em.org\/wp-content\/uploads\/2012\/07\/FotoHeike_Paul2-150x120.jpg 150w, https:\/\/www.bewegungstrainer-em.org\/wp-content\/uploads\/2012\/07\/FotoHeike_Paul2-400x320.jpg 400w, https:\/\/www.bewegungstrainer-em.org\/wp-content\/uploads\/2012\/07\/FotoHeike_Paul2.jpg 1280w\" sizes=\"(max-width: 423px) 100vw, 423px\" \/><\/p>\n<p><strong>Kontaktdaten<\/strong><\/p>\n<table style=\"height: 152px;\" width=\"300\">\n<tbody>\n<tr>\n<td>Name<\/td>\n<td>Heike Paul<\/td>\n<\/tr>\n<tr>\n<td>Adresse<\/td>\n<td>Katzenlauf 14<\/td>\n<\/tr>\n<tr>\n<td>Ort<\/td>\n<td>63762 Gro\u00dfostheim (Bayern)<\/td>\n<\/tr>\n<tr>\n<td>Mobil<\/td>\n<td>0151 &#8211; 23 245 431<\/td>\n<\/tr>\n<tr>\n<td>e-mail<\/td>\n<td><a href=\"mailto:info@heike-paul.de\">info@heike-paul.de<\/a><\/td>\n<\/tr>\n<tr>\n<td>web<\/td>\n<td><a href=\"http:\/\/www.heike-paul.de\" target=\"_blank\">www.heike-paul.de<\/a><\/td>\n<\/tr>\n<\/tbody>\n<\/table>\n<p><strong>Werdegang<\/strong><\/p>\n<table style=\"height: 152px;\" width=\"525\">\n<tbody>\n<tr>\n<td>1993<\/td>\n<td>Abschluss Pferdewirtin FN Schwerpunkt Reiten, Warendorf<\/td>\n<\/tr>\n<tr>\n<td>1997<\/td>\n<td>Abschlu\u00df Sporttherapeutin f\u00fcr Pferde (Fl) manuelle Therapien<\/td>\n<\/tr>\n<tr>\n<td>1997- 2008<\/td>\n<td>Mitarbeiterin in der Pferdeklinik Gro\u00dfostheim, Schwerpunkt Orthop\u00e4die und Sportmedizin Dr. Bingold<\/td>\n<\/tr>\n<tr>\n<td>1998<\/td>\n<td>Abschlu\u00df Lymphtherapeutin Prof. Dr. v. Rautenfels Berlin<\/td>\n<\/tr>\n<tr>\n<td>2010:<\/td>\n<td>Akupunkturausbildung Hund\/Pferd, ABZ Frankfurt Mitte<\/td>\n<\/tr>\n<tr>\n<td>ab 2008<\/td>\n<td>Freiberufliche T\u00e4tigkeit Schwerpunkt Beritt und Unterrichtserteilung sowie manuelle Therapien und Akupunktur Hund und Pferd<\/td>\n<\/tr>\n<tr>\n<td>2012<\/td>\n<td>Abschlu\u00df Bewegungstrainer EM Warendorf<\/td>\n<\/tr>\n<\/tbody>\n<\/table>\n<p><strong>Schulungsort:<\/strong><br \/>\nKurse und Einzeltraining auf Anfrage bei Ihnen vor Ort oder in 63762 Gro\u00dfostheim, Ringheimer M\u00fchlstra\u00dfe: Reitstall Gude; Pferd kann gestellt werden<\/p>\n","protected":false},"excerpt":{"rendered":"<p>Kontaktdaten Name Heike Paul Adresse Katzenlauf 14 Ort 63762 Gro\u00dfostheim (Bayern) Mobil 0151 &#8211; 23 245 431 e-mail info@heike-paul.de web www.heike-paul.de Werdegang 1993 Abschluss Pferdewirtin FN Schwerpunkt Reiten, Warendorf 1997 Abschlu\u00df Sporttherapeutin f\u00fcr Pferde (Fl) manuelle Therapien 1997- 2008 Mitarbeiterin in der Pferdeklinik Gro\u00dfostheim, Schwerpunkt Orthop\u00e4die und Sportmedizin Dr. Bingold 1998 Abschlu\u00df Lymphtherapeutin Prof. Dr. v. Rautenfels Berlin 2010: Akupunkturausbildung Hund\/Pferd, ABZ Frankfurt Mitte ab 2008 Freiberufliche T\u00e4tigkeit Schwerpunkt Beritt und Unterrichtserteilung sowie manuelle Therapien und Akupunktur Hund und Pferd 2012 Abschlu\u00df Bewegungstrainer EM Warendorf Schulungsort: Kurse und Einzeltraining auf Anfrage bei Ihnen vor Ort oder in 63762 Gro\u00dfostheim, Ringheimer M\u00fchlstra\u00dfe: Reitstall Gude; Pferd kann gestellt werden<\/p>\n","protected":false},"author":61,"featured_media":0,"parent":438,"menu_order":20,"comment_status":"closed","ping_status":"closed","template":"","meta":{"ngg_post_thumbnail":0},"acf":[],"_links":{"self":[{"href":"https:\/\/www.bewegungstrainer-em.org\/index.php\/wp-json\/wp\/v2\/pages\/1899"}],"collection":[{"href":"https:\/\/www.bewegungstrainer-em.org\/index.php\/wp-json\/wp\/v2\/pages"}],"about":[{"href":"https:\/\/www.bewegungstrainer-em.org\/index.php\/wp-json\/wp\/v2\/types\/page"}],"author":[{"embeddable":true,"href":"https:\/\/www.bewegungstrainer-em.org\/index.php\/wp-json\/wp\/v2\/users\/61"}],"replies":[{"embeddable":true,"href":"https:\/\/www.bewegungstrainer-em.org\/index.php\/wp-json\/wp\/v2\/comments?post=1899"}],"version-history":[{"count":13,"href":"https:\/\/www.bewegungstrainer-em.org\/index.php\/wp-json\/wp\/v2\/pages\/1899\/revisions"}],"predecessor-version":[{"id":1924,"href":"https:\/\/www.bewegungstrainer-em.org\/index.php\/wp-json\/wp\/v2\/pages\/1899\/revisions\/1924"}],"up":[{"embeddable":true,"href":"https:\/\/www.bewegungstrainer-em.org\/index.php\/wp-json\/wp\/v2\/pages\/438"}],"wp:attachment":[{"href":"https:\/\/www.bewegungstrainer-em.org\/index.php\/wp-json\/wp\/v2\/media?parent=1899"}],"curies":[{"name":"wp","href":"https:\/\/api.w.org\/{rel}","templated":true}]}}