{"id":2,"date":"2010-01-25T20:50:57","date_gmt":"2010-01-25T20:50:57","guid":{"rendered":"http:\/\/www.bewegungstrainer-em.org\/wordpress\/wordpress\/?page_id=2"},"modified":"2023-01-06T18:17:10","modified_gmt":"2023-01-06T18:17:10","slug":"eine-seite","status":"publish","type":"page","link":"https:\/\/www.bewegungstrainer-em.org\/","title":{"rendered":"Willkommen"},"content":{"rendered":"<p>Auf diesen Seiten sind Bewegungstrainer\/-innen (EM) vertreten, die sich haben eintragen lassen, um eine detaillierte Pr\u00e4senz zu haben. Die Anmeldung ist offen f\u00fcr alle Bewegungstrainer (EM) mittels <a href=\"https:\/\/www.bewegungstrainer-em.org\/wp-content\/uploads\/2020\/08\/PORT-Anmeldung-2020.pdf\">hier<\/a> hinterlegtem Anmeldeformular. Die komplette Liste aller Bewegungstrainer (EM) wird bei der BBR gef\u00fchrt, Infos und eine Liste hierzu finden Sie <a href=\"https:\/\/www.berufsreiter.com\/berufsreiter\/bewegungstrainer-em\/index.html\" target=\"_blank\" rel=\"noopener\">bei der BBR<\/a>.<\/p>\n<p><strong>&#8222;Der beste Tierschutz ist der gut sitzende Reiter&#8220;<br \/>\n<\/strong>In diesem Sinne finden vor allem interessierte Reiter ihren <a href=\"https:\/\/www.bewegungstrainer-em.org\/index.php\/trainerverzeichnis\/\">Bewegungstrainer (EM) in ihrer N\u00e4he <\/a>sowie Portraits und Werdegang der einzelnen Trainer.<\/p>\n<p><strong>Zum Konzept <\/strong>(Text: Eckart Meyners) Die Zusatzqualifikation f\u00fcr Berufsausbilder \u201eBewegungstrainer EM\u201c ist geschaffen worden, um die Reitausbilder zu unterst\u00fctzen, ihren Unterricht effektiver zu gestalten. Sie ist in Absprache zwischen der <a href=\"http:\/\/www.deutsche-reitschule.de\/\">Deutschen Reitschule<\/a> und der <a href=\"https:\/\/www.berufsreiter.com\/\">Bundesvereinigung der Berufsreiter<\/a> ins Leben gerufen worden. Ein Grund war die Professionalisierung der Berufsausbilder, die zwar umfassend in der Thematik Pferd ausgebildet werden, den Reiter bisher aufgrund der Ausbildungsrichtlinien nicht auf dem Hintergrund der Bewegungs-\/Trainingslehre und Sportp\u00e4dagogik gen\u00fcgend im Blick hatten. In den neuen Ausbildungsstrukturen sind diese Begriffe aufgenommen, sodass die zuk\u00fcnftigen Pferdewirte und Pferdewirtschaftsmeister auch diesbez\u00fcglich geschult und gepr\u00fcft werden.<\/p>\n<p><a href=\"https:\/\/www.bewegungstrainer-em.org\/index.php\/eckart-meyners\/ubersicht\/\">WEITERLESEN<\/a><\/p>\n","protected":false},"excerpt":{"rendered":"<p>Auf diesen Seiten sind Bewegungstrainer\/-innen (EM) vertreten, die sich haben eintragen lassen, um eine detaillierte Pr\u00e4senz zu haben. Die Anmeldung ist offen f\u00fcr alle Bewegungstrainer (EM) mittels hier hinterlegtem Anmeldeformular. Die komplette Liste aller Bewegungstrainer (EM) wird bei der BBR gef\u00fchrt, Infos und eine Liste hierzu finden Sie bei der BBR. &#8222;Der beste Tierschutz ist der gut sitzende Reiter&#8220; In diesem Sinne finden vor allem interessierte Reiter ihren Bewegungstrainer (EM) in ihrer N\u00e4he sowie Portraits und Werdegang der einzelnen Trainer. Zum Konzept (Text: Eckart Meyners) Die Zusatzqualifikation f\u00fcr Berufsausbilder \u201eBewegungstrainer EM\u201c ist geschaffen worden, um die Reitausbilder zu unterst\u00fctzen, ihren Unterricht effektiver zu gestalten. Sie ist in Absprache zwischen der Deutschen Reitschule und der Bundesvereinigung der Berufsreiter ins Leben gerufen worden. Ein Grund war die Professionalisierung der Berufsausbilder, die zwar umfassend in der Thematik Pferd ausgebildet werden, den Reiter bisher aufgrund der Ausbildungsrichtlinien nicht auf dem Hintergrund der Bewegungs-\/Trainingslehre und Sportp\u00e4dagogik gen\u00fcgend im Blick hatten. In den neuen Ausbildungsstrukturen sind diese Begriffe aufgenommen, sodass die zuk\u00fcnftigen Pferdewirte und Pferdewirtschaftsmeister auch diesbez\u00fcglich geschult und gepr\u00fcft werden. WEITERLESEN<\/p>\n","protected":false},"author":61,"featured_media":0,"parent":0,"menu_order":0,"comment_status":"closed","ping_status":"closed","template":"","meta":{"ngg_post_thumbnail":0},"acf":[],"_links":{"self":[{"href":"https:\/\/www.bewegungstrainer-em.org\/index.php\/wp-json\/wp\/v2\/pages\/2"}],"collection":[{"href":"https:\/\/www.bewegungstrainer-em.org\/index.php\/wp-json\/wp\/v2\/pages"}],"about":[{"href":"https:\/\/www.bewegungstrainer-em.org\/index.php\/wp-json\/wp\/v2\/types\/page"}],"author":[{"embeddable":true,"href":"https:\/\/www.bewegungstrainer-em.org\/index.php\/wp-json\/wp\/v2\/users\/61"}],"replies":[{"embeddable":true,"href":"https:\/\/www.bewegungstrainer-em.org\/index.php\/wp-json\/wp\/v2\/comments?post=2"}],"version-history":[{"count":55,"href":"https:\/\/www.bewegungstrainer-em.org\/index.php\/wp-json\/wp\/v2\/pages\/2\/revisions"}],"predecessor-version":[{"id":4155,"href":"https:\/\/www.bewegungstrainer-em.org\/index.php\/wp-json\/wp\/v2\/pages\/2\/revisions\/4155"}],"wp:attachment":[{"href":"https:\/\/www.bewegungstrainer-em.org\/index.php\/wp-json\/wp\/v2\/media?parent=2"}],"curies":[{"name":"wp","href":"https:\/\/api.w.org\/{rel}","templated":true}]}}