{"id":2161,"date":"2013-01-24T13:01:53","date_gmt":"2013-01-24T13:01:53","guid":{"rendered":"http:\/\/www.bewegungstrainer-em.org\/?page_id=2161"},"modified":"2021-08-04T05:36:47","modified_gmt":"2021-08-04T05:36:47","slug":"vanessa-drosdek-27777-ganderkesee","status":"publish","type":"page","link":"https:\/\/www.bewegungstrainer-em.org\/index.php\/trainerverzeichnis\/bewegungstrainer-niedersachsen\/vanessa-drosdek-27777-ganderkesee\/","title":{"rendered":"Vanessa Drosdek, 27777 Ganderkesee"},"content":{"rendered":"<p><img decoding=\"async\" loading=\"lazy\" class=\"alignnone  wp-image-2166\" title=\"vanessa_gwosdz_portrait\" src=\"https:\/\/www.bewegungstrainer-em.org\/wp-content\/uploads\/2013\/01\/vanessa_gwosdz_portrait1-1024x768.jpg\" alt=\"\" width=\"528\" height=\"396\" srcset=\"https:\/\/www.bewegungstrainer-em.org\/wp-content\/uploads\/2013\/01\/vanessa_gwosdz_portrait1-1024x768.jpg 1024w, https:\/\/www.bewegungstrainer-em.org\/wp-content\/uploads\/2013\/01\/vanessa_gwosdz_portrait1-300x225.jpg 300w, https:\/\/www.bewegungstrainer-em.org\/wp-content\/uploads\/2013\/01\/vanessa_gwosdz_portrait1-150x112.jpg 150w, https:\/\/www.bewegungstrainer-em.org\/wp-content\/uploads\/2013\/01\/vanessa_gwosdz_portrait1-400x300.jpg 400w\" sizes=\"(max-width: 528px) 100vw, 528px\" \/><\/p>\n<p>\u201eWer aufh\u00f6rt besser zu werden, hat aufgeh\u00f6rt gut zu sein.\u201c<br \/>\nGerade im Reitsport ist Weiterbildung meiner Meinung nach sehr wichtig, da weder in der Arbeit mit den Pferden noch mit den Reitern Monotonie einkehren sollte und es dank der Forschung immer wieder neue Erkenntnisse gibt. Diese ver\u00e4ndern zwar nicht die Grunds\u00e4tze im Reitsport, helfen jedoch immer wieder kritisch mit sich selbst zu sein\u2026<\/p>\n<p><strong>Kontakt:<\/strong><br \/>\n<strong>Vanessa Drosdek<\/strong><br \/>\nZum Moorschlatt 8<br \/>\n27777 Ganderkesee<br \/>\nMobil 0163 \u2013 479 53 61<br \/>\n<a href=\"mailto:vanessagwosdz@aol.com\">vanessagwosdz@aol.com<\/a><\/p>\n<p><strong>Werdegang<\/strong><\/p>\n<table style=\"height: 152px;\" width=\"525\">\n<tbody>\n<tr>\n<td>WS 2002\/03 &#8211; SS 2007<\/td>\n<td>Studium der Biologie (Abschluss: Diplom)<\/td>\n<\/tr>\n<tr>\n<td>2007-2009<\/td>\n<td>Ausbildung zur Pferdewirtin Schwerpunkt Reiten (bei Regine Mispelkamp in Neuss und am Olympiastadion in Berlin)<\/td>\n<\/tr>\n<tr>\n<td>2012<\/td>\n<td>Pr\u00fcfung zur Bewegungstrainerin EM<\/td>\n<\/tr>\n<tr>\n<td>seit 2009<\/td>\n<td>Teilselbstst\u00e4ndigkeit mit Schwerpunkt Anreiten von jungen Pferden, jedoch auch Beritt und Unterricht mit weiter ausgebildeten Pferden<\/td>\n<\/tr>\n<\/tbody>\n<\/table>\n<p><strong>Referenzen:<\/strong><\/p>\n<ul>\n<li>Regelm\u00e4\u00dfige Tageslehrg\u00e4nge mit Theorie auf dem Pferdehof Tricconia in Gro\u00df Ippner <\/li>\n<li>Regelm\u00e4\u00dfiger Unterricht mit dem Schwerpunkt auf EM auf dem Reiterhof Warnken in Achim bei Bremen <\/li>\n<li>Diverse Einzelstunden und Tageslehrg\u00e4nge in Oldenburger und Bremer Umgebung<\/li>\n<\/ul>\n<p><strong><br \/>\nSeminarangebote<\/strong><\/p>\n<ul>\n<li>Theorieveranstaltungen<\/li>\n<li>\nEinzelseminare (regional)<\/li>\n<li>Gruppenseminare \u00fcberregional (max. 8 Teilnehmer pro Tag)<\/li>\n<li>Bei mir vor Ort oder auf fremder Anlage <\/li>\n<li>\nDeutschland, Schweiz, \u00d6sterreich, sonstiges Ausland auf Anfrage <\/li>\n<\/ul>\n","protected":false},"excerpt":{"rendered":"<p>\u201eWer aufh\u00f6rt besser zu werden, hat aufgeh\u00f6rt gut zu sein.\u201c Gerade im Reitsport ist Weiterbildung meiner Meinung nach sehr wichtig, da weder in der Arbeit mit den Pferden noch mit den Reitern Monotonie einkehren sollte und es dank der Forschung immer wieder neue Erkenntnisse gibt. Diese ver\u00e4ndern zwar nicht die Grunds\u00e4tze im Reitsport, helfen jedoch immer wieder kritisch mit sich selbst zu sein\u2026 Kontakt: Vanessa Drosdek Zum Moorschlatt 8 27777 Ganderkesee Mobil 0163 \u2013 479 53 61 vanessagwosdz@aol.com Werdegang WS 2002\/03 &#8211; SS 2007 Studium der Biologie (Abschluss: Diplom) 2007-2009 Ausbildung zur Pferdewirtin Schwerpunkt Reiten (bei Regine Mispelkamp in Neuss und am Olympiastadion in Berlin) 2012 Pr\u00fcfung zur Bewegungstrainerin EM seit 2009 Teilselbstst\u00e4ndigkeit mit Schwerpunkt Anreiten von jungen Pferden, jedoch auch Beritt und Unterricht mit weiter ausgebildeten Pferden Referenzen: Regelm\u00e4\u00dfige Tageslehrg\u00e4nge mit Theorie auf dem Pferdehof Tricconia in Gro\u00df Ippner Regelm\u00e4\u00dfiger Unterricht mit dem Schwerpunkt auf EM auf dem Reiterhof Warnken in Achim bei Bremen Diverse Einzelstunden und Tageslehrg\u00e4nge in Oldenburger und Bremer Umgebung Seminarangebote Theorieveranstaltungen Einzelseminare (regional) Gruppenseminare \u00fcberregional (max. 8 Teilnehmer pro Tag) Bei mir vor Ort oder auf fremder Anlage Deutschland, Schweiz, \u00d6sterreich, sonstiges Ausland auf Anfrage<\/p>\n","protected":false},"author":61,"featured_media":0,"parent":163,"menu_order":32,"comment_status":"closed","ping_status":"closed","template":"","meta":{"ngg_post_thumbnail":0},"acf":[],"_links":{"self":[{"href":"https:\/\/www.bewegungstrainer-em.org\/index.php\/wp-json\/wp\/v2\/pages\/2161"}],"collection":[{"href":"https:\/\/www.bewegungstrainer-em.org\/index.php\/wp-json\/wp\/v2\/pages"}],"about":[{"href":"https:\/\/www.bewegungstrainer-em.org\/index.php\/wp-json\/wp\/v2\/types\/page"}],"author":[{"embeddable":true,"href":"https:\/\/www.bewegungstrainer-em.org\/index.php\/wp-json\/wp\/v2\/users\/61"}],"replies":[{"embeddable":true,"href":"https:\/\/www.bewegungstrainer-em.org\/index.php\/wp-json\/wp\/v2\/comments?post=2161"}],"version-history":[{"count":21,"href":"https:\/\/www.bewegungstrainer-em.org\/index.php\/wp-json\/wp\/v2\/pages\/2161\/revisions"}],"predecessor-version":[{"id":3924,"href":"https:\/\/www.bewegungstrainer-em.org\/index.php\/wp-json\/wp\/v2\/pages\/2161\/revisions\/3924"}],"up":[{"embeddable":true,"href":"https:\/\/www.bewegungstrainer-em.org\/index.php\/wp-json\/wp\/v2\/pages\/163"}],"wp:attachment":[{"href":"https:\/\/www.bewegungstrainer-em.org\/index.php\/wp-json\/wp\/v2\/media?parent=2161"}],"curies":[{"name":"wp","href":"https:\/\/api.w.org\/{rel}","templated":true}]}}