{"id":2295,"date":"2013-06-19T15:27:54","date_gmt":"2013-06-19T15:27:54","guid":{"rendered":"http:\/\/www.bewegungstrainer-em.org\/?page_id=2295"},"modified":"2020-06-14T12:46:53","modified_gmt":"2020-06-14T12:46:53","slug":"christiane-daniel-45219-essen-2","status":"publish","type":"page","link":"https:\/\/www.bewegungstrainer-em.org\/index.php\/trainerverzeichnis\/bewegungstrainer-nrw\/christiane-daniel-45219-essen-2\/","title":{"rendered":"Christiane Daniel, 45219 Essen"},"content":{"rendered":"<p><a href=\"https:\/\/www.bewegungstrainer-em.org\/wp-content\/uploads\/2013\/06\/potrait_christiane_daniel.jpg\"><img decoding=\"async\" loading=\"lazy\" src=\"https:\/\/www.bewegungstrainer-em.org\/wp-content\/uploads\/2013\/06\/potrait_christiane_daniel.jpg\" alt=\"\" title=\"potrait_christiane_daniel\" width=\"400\" height=\"411\" class=\"alignnone size-full wp-image-2291\" srcset=\"https:\/\/www.bewegungstrainer-em.org\/wp-content\/uploads\/2013\/06\/potrait_christiane_daniel.jpg 400w, https:\/\/www.bewegungstrainer-em.org\/wp-content\/uploads\/2013\/06\/potrait_christiane_daniel-291x300.jpg 291w, https:\/\/www.bewegungstrainer-em.org\/wp-content\/uploads\/2013\/06\/potrait_christiane_daniel-145x150.jpg 145w\" sizes=\"(max-width: 400px) 100vw, 400px\" \/><\/a><\/p>\n<p>Mein Motto: &#8222;Reiten lernen hei\u00dft f\u00fchlen lernen&#8220; und das geht nur, wenn Reiter und Pferd losgelassen und in der Balance sind.<br \/>\nDie Methode von Eckart Meyners ist <strong>die M\u00f6glichkeit<\/strong>, den Reiter zu genau diesen F\u00e4higkeiten zu bringen. Das macht es dann auch dem Pferd leichter und schon sind beide in einem f\u00fchlenden Dialog.<\/p>\n<p><strong>Kontakt:<\/strong><br \/>\n<strong>Christiane Daniel<\/strong><br \/>\nKirchfeldstr. 37<br \/>\n45219 Essen<br \/>\nTel.: 0172\/215 80 92<br \/>\n<a href=\"mailto:natuerlichgesundreiten@gmx.de\">natuerlichgesundreiten@gmx.de<\/a><br \/>\n<a href=\"http:\/\/www.christianedaniel.de\" target=\"_blank\">www.christianedaniel.de<\/a><\/p>\n<p><strong>Werdegang<\/strong><\/p>\n<table style=\"height: 60px;\" width=\"600\">\n<tbody>\n<tr>\n<td>1988-1991<\/td>\n<td>Ausbildung zum Pferdewirt Schwerpunkt Reiten bei R. Klaassen;<br \/>\nin der Zeit Turniererfolge Dressur bis Klasse M; im Anschluss zur springreiterlichen Fortbildung 2 Jahre angestellt bei Holger Hetzel<\/td>\n<\/tr>\n<tr>\n<td>1993-1997<\/td>\n<td>Angestellt in einem Dressurausbildungsstall, Reiterhof Rossdelle, mit Ralf Reinbott;<br \/>\ndort vor allem f\u00fcr die Ausbildung von jungen Pferden verantwortlich (Dressur und Springen ),<br \/>\nTurniererfolge vor allem in Jungpferdepr\u00fcfungen und Dressur bis Klasse S<\/td>\n<\/tr>\n<tr>\n<td>1997-1998<\/td>\n<td>Pr\u00fcfung zur Pferdewirtschaftsmeisterin in Warendorf<\/td>\n<\/tr>\n<tr>\n<td>seit 1998<\/td>\n<td>selbstst\u00e4ndig in Sachen Ausbildung von Pferd und Reiter mobil unterwegs, Schwerpunkt junge Pferde und sogenannte Problempferde,<br \/>\nin dieser Zeit Fortbildungen bei Dr.Uwe Schulten-Baumer, Richard Hinrichs, Eckart Meyners, Karl-Heinz Giebmanns, Jochen K\u00f6nnecke etc.; au\u00dferdem in dieser Zeit intensive Auseinanderstzung mit alternativen Heilmethoden beim Pferd und anderen Ausbildungsmethoden, Bodenarbeitsmethoden etc.<\/td>\n<\/tr>\n<tr>\n<td>2013<\/td>\n<td>Ausbildung und Pr\u00fcfung zum Bewegungstrainer EM<\/td>\n<\/tr>\n<\/tbody>\n<\/table>\n<p><strong>Bewegungstrainerschulungen sind mobil ab einer Teilnehmerzahl von 1 Person m\u00f6glich<\/strong><br \/>\nLehrg\u00e4nge und Schulungen sind in Vorbereitung und die Termine werden in K\u00fcrze hier ver\u00f6ffentlicht.<\/p>\n<p><strong><br \/>\nReferenzen <\/strong><br \/>\n<em><2018><\/em><\/p>\n<p>30.6\/1.7 Drensteinfurt Hofgut Ashege<br \/>\n7.7. Kempen<br \/>\n14.7. Essen Dellwig<br \/>\n15.7. Sonsbeck<br \/>\n28.\/29. 7. Saarburg<\/p>\n<p>4.8. Kempen<br \/>\n5.8. Essen-Dellwig<br \/>\n10.-13.8. Niedergesteln Oberwallis CH<br \/>\n18.\/19.8. Kempen<br \/>\n25.\/26.8. Dohr\/Mosel<\/p>\n<p>1.\/2.9 Haltern Hof Schl\u00fcter<br \/>\n22.9. Kempen<br \/>\n23.9. Essen-Kettwig<br \/>\n30.9. M\u00fclheim<\/p>\n<p>6.\/7.10 Drensteinfurt Hofgut Ashege <\/p>\n<p><em><strong>2016<\/strong><\/em><\/p>\n<p><em>November<\/em><br \/>\n11.-13.  Fortbildung Bewegungstrainer mit Eckart Meyners<\/p>\n<p><em>September<\/em><br \/>\n3.\/4.  Bewegungstraining Schermbeck, Reitanlage am Elsenberg<\/p>\n<p><em>August<\/em><br \/>\n27.\/28.  Bewegungstraining Unna<\/p>\n<p><em>Juli<\/em><br \/>\n9.\/10. Bewegungstraining Postenhof, Duisburg<\/p>\n<p><em>Juni<\/em><br \/>\n5.6. Bewegungstrainingstag in Ennepetal<br \/>\n17. &#8211; 19.6. Bewegungstrainingslehrgang in Niedergesteln, Schweiz\/Oberwallis<br \/>\n25.6.\/26.6. Dressurlehrgang Brockerhof Duisburg<\/p>\n<p><em>Mai<\/em><br \/>\n30.4.\/1.5. Bewegungstraining am Postenhof<br \/>\n8.5. Bewegungstraining in Reken<br \/>\n22.5. Bewegungstrainingstag in Fr\u00f6ndenberg<\/p>\n<p><em>April<\/em><br \/>\n2.\/3.4. + 9.\/10.4. Lehrg\u00e4nge am Brockerhof in Duisburg<br \/>\n16.+ 17.4. Lehrgang in Bad Iburg<br \/>\n23.+ 24.4. Islandpferdereiter D\u00fcsseldorf<\/p>\n<p><em>M\u00e4rz<\/em><br \/>\n8.-10.3. Bewegungstrainerfortbildung mit Eckart Meyners in Amelinghausen<br \/>\n13.3. Bewegungstrainingstag Stall Unterhansberg in Essen-Kettwig<br \/>\n19.\/20.3. Lehrgang in Schermbeck Reitanlage am Elsenberg<\/p>\n<p><em>Februar<\/em><br \/>\n20. + 21.2. Reitstall Wagner, Irsch (Saarland)<br \/>\n27. + 28.2. Lehrgang in Dortmund<\/p>\n<p><em><strong>2015<\/strong><\/em><\/p>\n<p><em>Januar<\/em><br \/>\n13.- 15. Januar Fortbildung Bewegungstraining mit Eckart Meyners, Thema Faszien<\/p>\n<p><em>Februar<\/em><br \/>\n14. + 15. Februar Folgelehrgang Bewegungstraining in Irsch, Reitstall Wagner (Saarland)<\/p>\n<p><em>M\u00e4rz<\/em><br \/>\n7.- 9. M\u00e4rz praktische Mitwirkung beim Bundesberufsreitertag in Langenfeld Thema: handlungsorientierter Unterricht<br \/>\n28.+ 29. M\u00e4rz Folgelehrgang Bewegungstraining Reitanlage am Elsenberg in Schermbeck<\/p>\n<p><em>April<\/em><br \/>\n19. April  Bewegungstrainingstag Bad Iburg<br \/>\n25.+ 26. April   Intensivierung Bewegungstraining Reitstall Wagner in Irsch (Saarland)<\/p>\n<p><em>Mai<\/em><br \/>\n10. Mai Bewegungstrainingstag in Essen-Kettwig Stall Unterhansberg<\/p>\n<p><em>Juni<\/em><br \/>\n14. Juni Bewegungstrainingstag Aktivstall Weidtmann, Mettmann<br \/>\n27. + 28. Juni Lehrgang Bewegungstraining im Reitstall B\u00f6nniger, Krefeld<\/p>\n<p><em>Juli<\/em><br \/>\n7. + 8. Juli Fortbildung Bewegungstrainer in Haiger mit Friedhelm Petry<br \/>\n18. + 19. Juli Folgelehrgang Reitstall Wagner, Irsch (Saarland)<br \/>\n26. Juli Bewegungstrainingstag in Duisburg bei Janine K\u00fcpper<\/p>\n<p><em>August<\/em><br \/>\n1. + 2. August Bewegungstrainingslehrgang Brockerhof, Duisburg<br \/>\n23. August Bewegungstrainingstag Overhammshof, Essen, organisiert vom VFD Stadtverband Essen<br \/>\n29. August Bewegungstrainingstag in Voerde, Privatstall<br \/>\n<em><br \/>\nSeptember<\/em><br \/>\n5. + 6. September Folgelehrgang Bewegungstraining in Schermbeck, Reitstall am Elsenberg<br \/>\n13. September Folgeseminartag Bewegungstraining in Bad Iburg<br \/>\n26. September Intensivierung Bewegungstarining Overhammshof Essen<\/p>\n<p><em>Oktober<\/em><br \/>\n3.\/4. + 11. Oktober Bewenungstrainingslehrgang B\u00f6nnigerhof, Krefeld<br \/>\n25. Oktober Bewegungstraining im Stall Kuhlmann, Wickede<br \/>\n<em><br \/>\nNovember<\/em><br \/>\n7. + 8. November Fortbildung Bewegungstrainer in WAF, Deutsche Reitschule, Eckart Meyners und Hannes M\u00fcller<br \/>\n14. + 15. November Folgelehrgang Reitstall Wagner, Irsch<br \/>\n21. November Bewegungstrainingstag in Osnabr\u00fcck, Privatstall<br \/>\n22. November Bewegungstrainingstag in Bochum, Stall Markmann<br \/>\n28. + 29. November FFP-Fortbildung, Sicherheit im Reitsport, Westf. Landesreit-und Fahrschule M\u00fcnster<\/p>\n<p><em>Dezember<\/em><br \/>\n12. + 13. Dezember Folgelehrgang Bewegungstraining in Schermbeck, Reitstall am Elsenberg<\/p>\n<p><em><strong>2014<\/strong><\/em><\/p>\n<p><em>Januar<\/em><br \/>\n4.\/5.1.   Bewegungstrainingslehrgang in Unna mit 10 praktischen TN<br \/>\n26.1.  Bewegungstrainingstag in Irsch\/Saarburg Reitstall Wagner 7 TN<\/p>\n<p><em>Februar<\/em><br \/>\n2.2. Bewegungstraining Reitstall Reuter in Ratingen 4 TN<br \/>\n23.2. Bewegungstrainingstag Bad Iburg 8 TN<\/p>\n<p><em>M\u00e4rz<\/em><br \/>\n8.\/9.3. Bewegungstrainingslehrgang mit Theorie Reitstall am Elsenberg\/Wesel 8 prakt. TN<\/p>\n<p><em>April<\/em><br \/>\n4.-6. 4. Fortbildung Bewegungstraining mit Eckart Meyners in Amelinghausen<br \/>\n26.\/27.4. Folgelehrgang in Irsch\/Saarburg Reitstall Wagner 8 TN<\/p>\n<p><em>Mai<\/em><br \/>\n1.5. Bewegungstraining in Bochum 6 TN<br \/>\n11.5. Bewegungstraining Stall Reuter\/Ratingen 4 TN<br \/>\n17.5. Bewegungstraining Stall Markmann Wickede 6 TN<br \/>\n18.5. Bewegungstraining Stall Unterhansberg Essen\/Kettwig 6 TN<br \/>\n31.5.\/1.6. Folgelehrgang Reitstall am Elsenberg\/Wesel 8 TN<\/p>\n<p><em>Juni<\/em><br \/>\n8.6. Bewegungstrainertreffen bei Sven Zilles zum Erfahrungsaustausch mit praktischem Reiten<br \/>\n9.6. Folgelehrgang in Irsch\/Saarburg Reitstall Wagner 8 TN<br \/>\n15.6. Folgelehrgang in Bad Iburg 8 TN<br \/>\n28.\/29.6. Lehrgang in Luxemburg 8 TN<\/p>\n<p><em>Juli<\/em><br \/>\n26.7. Bewegungstrainingstag Stall Markmann Bochum 6 TN<\/p>\n<p><em>August<\/em><br \/>\n24.8. Demonstrationsveranstaltung Tag der offenen T\u00fcr des VFD mit sehr viel Zuschauerinteresse<br \/>\n30.\/31.8. Folgelehrgang Reitanlage am Elsenberg\/Wesel 8 TN<\/p>\n<p><em>September<\/em><br \/>\n7.9. Bewegungstraining Stall Unterhansberg 6 TN<br \/>\n21.9. Folgelehrgang Bad Iburg 8 TN<\/p>\n<p><em>Oktober<\/em><br \/>\n4.10. Bewegungstraining Alexanderhof Haan-Gruiten 4 TN<br \/>\n18.\/19.10 Fortbildung &#8222;Pferd, Sattel, Reiter&#8220; im anatomischen Institut Leipzig  <\/p>\n<p><em>November<\/em><br \/>\n31.10 -2.11. Fortbildung Bewegungstraining mit Eckart Meyners in Warendorf<br \/>\n8.\/9.11. Folgelehrgang Reitstall Kohlmann in Wickede 8 TN<br \/>\n29.30.11. Folgelehrgang Reitstall am Elsenberg\/Wesel 8 TN<\/p>\n<p><em>Dezember<\/em><br \/>\nVorbereitung Bundesberufsreitertag mit Bewegungstrainerkollegen in D\u00fcren bei Anne Schagen<\/p>\n<p><strong>2013:<\/strong><\/p>\n<p><em>Dezember<\/em><br \/>\n8.12.           Bewegungstrainingstag mit Theorie, Reitstall Heesen in M\u00fclheim, 7 praktische Teilnehmer<br \/>\n14.12.          Bewegungstrainingstag Reitstall Fischershof Essen, 4 praktische Teilnehmer<\/p>\n<p><em>November<\/em><br \/>\n1.-3.11.        Fortbildung Bewegungstrainer mit Eckart Meyners, Deutsche Reitschule Warendorf<br \/>\n9.11.           Bewegungstrainingstag mit Theorie Stall Sonnen Duisburg, 8 praktische Teilnehmer<br \/>\n16.+ 17.11.    2-t\u00e4giges Praxisseminar Aktivstall Springob Soest Schule der Legeret\u00e9, 8 praktische Teilnehmer<br \/>\n23.+24.11.     2-t\u00e4giges Praxisseminar Reitstall am Elsenberg Wesel, 8 praktische Teilnehmer<br \/>\n<em><br \/>\nSeptember<\/em><br \/>\n15.9.           Bewegungstraining Lindlar Aktivstall Hohkeppel, 4 praktische Teilnehmer<br \/>\n21. + 22. 9.    2-t\u00e4giges Praxissseminar mit Theorie Stall Unterhansberg Essen-Kettwig, 5 praktische Teilnehmer<br \/>\n29.9            Bewegungstraining Lindlar Aktivstall Hohkeppel, 5 praktische Teilnehmer<\/p>\n","protected":false},"excerpt":{"rendered":"<p>Mein Motto: &#8222;Reiten lernen hei\u00dft f\u00fchlen lernen&#8220; und das geht nur, wenn Reiter und Pferd losgelassen und in der Balance sind. Die Methode von Eckart Meyners ist die M\u00f6glichkeit, den Reiter zu genau diesen F\u00e4higkeiten zu bringen. Das macht es dann auch dem Pferd leichter und schon sind beide in einem f\u00fchlenden Dialog. Kontakt: Christiane Daniel Kirchfeldstr. 37 45219 Essen Tel.: 0172\/215 80 92 natuerlichgesundreiten@gmx.de www.christianedaniel.de Werdegang 1988-1991 Ausbildung zum Pferdewirt Schwerpunkt Reiten bei R. Klaassen; in der Zeit Turniererfolge Dressur bis Klasse M; im Anschluss zur springreiterlichen Fortbildung 2 Jahre angestellt bei Holger Hetzel 1993-1997 Angestellt in einem Dressurausbildungsstall, Reiterhof Rossdelle, mit Ralf Reinbott; dort vor allem f\u00fcr die Ausbildung von jungen Pferden verantwortlich (Dressur und Springen ), Turniererfolge vor allem in Jungpferdepr\u00fcfungen und Dressur bis Klasse S 1997-1998 Pr\u00fcfung zur Pferdewirtschaftsmeisterin in Warendorf seit 1998 selbstst\u00e4ndig in Sachen Ausbildung von Pferd und Reiter mobil unterwegs, Schwerpunkt junge Pferde und sogenannte Problempferde, in dieser Zeit Fortbildungen bei Dr.Uwe Schulten-Baumer, Richard Hinrichs, Eckart Meyners, Karl-Heinz Giebmanns, Jochen K\u00f6nnecke etc.; au\u00dferdem in dieser Zeit intensive Auseinanderstzung mit alternativen Heilmethoden beim Pferd und anderen Ausbildungsmethoden, Bodenarbeitsmethoden etc. 2013 Ausbildung und Pr\u00fcfung zum Bewegungstrainer EM Bewegungstrainerschulungen sind mobil ab einer Teilnehmerzahl von 1 Person m\u00f6glich Lehrg\u00e4nge und Schulungen sind in Vorbereitung und die Termine werden in K\u00fcrze hier ver\u00f6ffentlicht. Referenzen 30.6\/1.7 Drensteinfurt Hofgut Ashege 7.7. Kempen 14.7. Essen Dellwig 15.7. Sonsbeck 28.\/29. 7. Saarburg 4.8. Kempen 5.8. Essen-Dellwig 10.-13.8. Niedergesteln Oberwallis CH 18.\/19.8. Kempen 25.\/26.8. Dohr\/Mosel 1.\/2.9 Haltern Hof Schl\u00fcter 22.9. Kempen 23.9. Essen-Kettwig 30.9. M\u00fclheim 6.\/7.10 Drensteinfurt Hofgut Ashege 2016 November 11.-13. Fortbildung Bewegungstrainer mit Eckart Meyners September 3.\/4. Bewegungstraining Schermbeck, Reitanlage am Elsenberg August 27.\/28. Bewegungstraining Unna Juli 9.\/10. Bewegungstraining Postenhof, Duisburg Juni 5.6. Bewegungstrainingstag in Ennepetal 17. &#8211; 19.6. Bewegungstrainingslehrgang in Niedergesteln, Schweiz\/Oberwallis 25.6.\/26.6. Dressurlehrgang Brockerhof Duisburg Mai 30.4.\/1.5. Bewegungstraining am Postenhof 8.5. Bewegungstraining in Reken 22.5. Bewegungstrainingstag in Fr\u00f6ndenberg April 2.\/3.4. + 9.\/10.4. Lehrg\u00e4nge am Brockerhof in Duisburg 16.+ 17.4. Lehrgang in Bad Iburg 23.+ 24.4. Islandpferdereiter D\u00fcsseldorf M\u00e4rz 8.-10.3. Bewegungstrainerfortbildung mit Eckart Meyners in Amelinghausen 13.3. Bewegungstrainingstag Stall Unterhansberg in Essen-Kettwig 19.\/20.3. Lehrgang in Schermbeck Reitanlage am Elsenberg Februar 20. + 21.2. Reitstall Wagner, Irsch (Saarland) 27. + 28.2. Lehrgang in Dortmund 2015 Januar 13.- 15. Januar Fortbildung Bewegungstraining mit Eckart Meyners, Thema Faszien Februar 14. + 15. Februar Folgelehrgang Bewegungstraining in Irsch, Reitstall Wagner (Saarland) M\u00e4rz 7.- 9. M\u00e4rz praktische Mitwirkung beim Bundesberufsreitertag in Langenfeld Thema: handlungsorientierter Unterricht 28.+ 29. M\u00e4rz Folgelehrgang Bewegungstraining Reitanlage am Elsenberg in Schermbeck April 19. April Bewegungstrainingstag Bad Iburg 25.+ 26. April Intensivierung Bewegungstraining Reitstall Wagner in Irsch (Saarland) Mai 10. Mai Bewegungstrainingstag in Essen-Kettwig Stall Unterhansberg Juni 14. Juni Bewegungstrainingstag Aktivstall Weidtmann, Mettmann 27. + 28. Juni Lehrgang Bewegungstraining im Reitstall B\u00f6nniger, Krefeld Juli 7. + 8. Juli Fortbildung Bewegungstrainer in Haiger mit Friedhelm Petry 18. + 19. Juli Folgelehrgang Reitstall Wagner, Irsch (Saarland) 26. Juli Bewegungstrainingstag in Duisburg bei Janine K\u00fcpper August 1. + 2. August Bewegungstrainingslehrgang Brockerhof, Duisburg 23. August Bewegungstrainingstag Overhammshof, Essen, organisiert vom VFD Stadtverband Essen 29. August Bewegungstrainingstag in Voerde, Privatstall September 5. + 6. September Folgelehrgang Bewegungstraining in Schermbeck, Reitstall am Elsenberg 13. September Folgeseminartag Bewegungstraining in Bad Iburg 26. September Intensivierung Bewegungstarining Overhammshof Essen Oktober 3.\/4. + 11. Oktober Bewenungstrainingslehrgang B\u00f6nnigerhof, Krefeld 25. Oktober Bewegungstraining im Stall Kuhlmann, Wickede November 7. + 8. November Fortbildung Bewegungstrainer in WAF, Deutsche Reitschule, Eckart Meyners und Hannes M\u00fcller 14. + 15. November Folgelehrgang Reitstall Wagner, Irsch 21. November Bewegungstrainingstag in Osnabr\u00fcck, Privatstall 22. November Bewegungstrainingstag in Bochum, Stall Markmann 28. + 29. November FFP-Fortbildung, Sicherheit im Reitsport, Westf. Landesreit-und Fahrschule M\u00fcnster Dezember 12. + 13. Dezember Folgelehrgang Bewegungstraining in Schermbeck, Reitstall am Elsenberg 2014 Januar 4.\/5.1. Bewegungstrainingslehrgang in Unna mit 10 praktischen TN 26.1. Bewegungstrainingstag in Irsch\/Saarburg Reitstall Wagner 7 TN Februar 2.2. Bewegungstraining Reitstall Reuter in Ratingen 4 TN 23.2. Bewegungstrainingstag Bad Iburg 8 TN M\u00e4rz 8.\/9.3. Bewegungstrainingslehrgang mit Theorie Reitstall am Elsenberg\/Wesel 8 prakt. TN April 4.-6. 4. Fortbildung Bewegungstraining mit Eckart Meyners in Amelinghausen 26.\/27.4. Folgelehrgang in Irsch\/Saarburg Reitstall Wagner 8 TN Mai 1.5. Bewegungstraining in Bochum 6 TN 11.5. Bewegungstraining Stall Reuter\/Ratingen 4 TN 17.5. Bewegungstraining Stall Markmann Wickede 6 TN 18.5. Bewegungstraining Stall Unterhansberg Essen\/Kettwig 6 TN 31.5.\/1.6. Folgelehrgang Reitstall am Elsenberg\/Wesel 8 TN Juni 8.6. Bewegungstrainertreffen bei Sven Zilles zum Erfahrungsaustausch mit praktischem Reiten 9.6. Folgelehrgang in Irsch\/Saarburg Reitstall Wagner 8 TN 15.6. Folgelehrgang in Bad Iburg 8 TN 28.\/29.6. Lehrgang in Luxemburg 8 TN Juli 26.7. Bewegungstrainingstag Stall Markmann Bochum 6 TN August 24.8. Demonstrationsveranstaltung Tag der offenen T\u00fcr des VFD mit sehr viel Zuschauerinteresse 30.\/31.8. Folgelehrgang Reitanlage am Elsenberg\/Wesel 8 TN September 7.9. Bewegungstraining Stall Unterhansberg 6 TN 21.9. Folgelehrgang Bad Iburg 8 TN Oktober 4.10. Bewegungstraining Alexanderhof Haan-Gruiten 4 TN 18.\/19.10 Fortbildung &#8222;Pferd, Sattel, Reiter&#8220; im anatomischen Institut Leipzig November 31.10 -2.11. Fortbildung Bewegungstraining mit Eckart Meyners in Warendorf 8.\/9.11. Folgelehrgang Reitstall Kohlmann in Wickede 8 TN 29.30.11. Folgelehrgang Reitstall am Elsenberg\/Wesel 8 TN Dezember Vorbereitung Bundesberufsreitertag mit Bewegungstrainerkollegen in D\u00fcren bei Anne Schagen 2013: Dezember 8.12. Bewegungstrainingstag mit Theorie, Reitstall Heesen in M\u00fclheim, 7 praktische Teilnehmer 14.12. Bewegungstrainingstag Reitstall Fischershof Essen, 4 praktische Teilnehmer November 1.-3.11. Fortbildung Bewegungstrainer mit Eckart Meyners, Deutsche Reitschule Warendorf 9.11. Bewegungstrainingstag mit Theorie Stall Sonnen Duisburg, 8 praktische Teilnehmer 16.+ 17.11. 2-t\u00e4giges Praxisseminar Aktivstall Springob Soest Schule der Legeret\u00e9, 8 praktische Teilnehmer 23.+24.11. 2-t\u00e4giges Praxisseminar Reitstall am Elsenberg Wesel, 8 praktische Teilnehmer September 15.9. Bewegungstraining Lindlar Aktivstall Hohkeppel, 4 praktische Teilnehmer 21. + 22. 9. 2-t\u00e4giges Praxissseminar mit Theorie Stall Unterhansberg Essen-Kettwig, 5 praktische Teilnehmer 29.9 Bewegungstraining Lindlar Aktivstall Hohkeppel, 5 praktische Teilnehmer<\/p>\n","protected":false},"author":61,"featured_media":0,"parent":395,"menu_order":23,"comment_status":"closed","ping_status":"closed","template":"","meta":{"ngg_post_thumbnail":0},"acf":[],"_links":{"self":[{"href":"https:\/\/www.bewegungstrainer-em.org\/index.php\/wp-json\/wp\/v2\/pages\/2295"}],"collection":[{"href":"https:\/\/www.bewegungstrainer-em.org\/index.php\/wp-json\/wp\/v2\/pages"}],"about":[{"href":"https:\/\/www.bewegungstrainer-em.org\/index.php\/wp-json\/wp\/v2\/types\/page"}],"author":[{"embeddable":true,"href":"https:\/\/www.bewegungstrainer-em.org\/index.php\/wp-json\/wp\/v2\/users\/61"}],"replies":[{"embeddable":true,"href":"https:\/\/www.bewegungstrainer-em.org\/index.php\/wp-json\/wp\/v2\/comments?post=2295"}],"version-history":[{"count":27,"href":"https:\/\/www.bewegungstrainer-em.org\/index.php\/wp-json\/wp\/v2\/pages\/2295\/revisions"}],"predecessor-version":[{"id":3739,"href":"https:\/\/www.bewegungstrainer-em.org\/index.php\/wp-json\/wp\/v2\/pages\/2295\/revisions\/3739"}],"up":[{"embeddable":true,"href":"https:\/\/www.bewegungstrainer-em.org\/index.php\/wp-json\/wp\/v2\/pages\/395"}],"wp:attachment":[{"href":"https:\/\/www.bewegungstrainer-em.org\/index.php\/wp-json\/wp\/v2\/media?parent=2295"}],"curies":[{"name":"wp","href":"https:\/\/api.w.org\/{rel}","templated":true}]}}