{"id":2378,"date":"2013-10-10T19:22:27","date_gmt":"2013-10-10T19:22:27","guid":{"rendered":"http:\/\/www.bewegungstrainer-em.org\/?page_id=2378"},"modified":"2018-08-28T19:48:48","modified_gmt":"2018-08-28T19:48:48","slug":"buecher_medien","status":"publish","type":"page","link":"https:\/\/www.bewegungstrainer-em.org\/index.php\/buecher_medien\/","title":{"rendered":"B\u00fccher &#038; Medien"},"content":{"rendered":"<h3><b>B\u00dcCHER<\/b><\/h3>\n<p><a href=\"http:\/\/www.kosmos.de\/produktdetail-909-909\/bewegungsgefuehl_und_reitersitz-550\/\" target=\"blank\"><img decoding=\"async\" loading=\"lazy\" class=\"alignnone size-full wp-image-2382\" title=\"bewegungsgefuehl_reitersitz\" src=\"https:\/\/www.bewegungstrainer-em.org\/wp-content\/uploads\/2013\/10\/bewegungsgefuehl_reitersitz.jpg\" alt=\"\" width=\"215\" height=\"291\" srcset=\"https:\/\/www.bewegungstrainer-em.org\/wp-content\/uploads\/2013\/10\/bewegungsgefuehl_reitersitz.jpg 215w, https:\/\/www.bewegungstrainer-em.org\/wp-content\/uploads\/2013\/10\/bewegungsgefuehl_reitersitz-110x150.jpg 110w\" sizes=\"(max-width: 215px) 100vw, 215px\" \/><\/a><\/p>\n<p><a href=\"http:\/\/www.kosmos.de\/produktdetail-909-909\/das_bewegungsgefuehl_des_reiters-3383\/\" target=\"_blank\" rel=\"noopener noreferrer\"><img decoding=\"async\" loading=\"lazy\" class=\"alignnone size-medium wp-image-2389\" title=\"Das_Bewegungsgefuehl_des_Reiters\" src=\"https:\/\/www.bewegungstrainer-em.org\/wp-content\/uploads\/2013\/10\/Das_Bewegungsgefuehl_des_Reiters-207x300.jpg\" alt=\"\" width=\"207\" height=\"300\" srcset=\"https:\/\/www.bewegungstrainer-em.org\/wp-content\/uploads\/2013\/10\/Das_Bewegungsgefuehl_des_Reiters-207x300.jpg 207w, https:\/\/www.bewegungstrainer-em.org\/wp-content\/uploads\/2013\/10\/Das_Bewegungsgefuehl_des_Reiters-103x150.jpg 103w, https:\/\/www.bewegungstrainer-em.org\/wp-content\/uploads\/2013\/10\/Das_Bewegungsgefuehl_des_Reiters.jpg 215w\" sizes=\"(max-width: 207px) 100vw, 207px\" \/><\/a><\/p>\n<p><a href=\"http:\/\/www.kosmos.de\/produktdetail-23-23\/reiten_als_dialog-727\/\" target=\"_blank\" rel=\"noopener noreferrer\"><img decoding=\"async\" loading=\"lazy\" class=\"alignnone size-medium wp-image-2379\" title=\"reiten_als_dialog\" src=\"https:\/\/www.bewegungstrainer-em.org\/wp-content\/uploads\/2013\/10\/reiten_als_dialog-207x300.jpg\" alt=\"\" width=\"207\" height=\"300\" srcset=\"https:\/\/www.bewegungstrainer-em.org\/wp-content\/uploads\/2013\/10\/reiten_als_dialog-207x300.jpg 207w, https:\/\/www.bewegungstrainer-em.org\/wp-content\/uploads\/2013\/10\/reiten_als_dialog-103x150.jpg 103w, https:\/\/www.bewegungstrainer-em.org\/wp-content\/uploads\/2013\/10\/reiten_als_dialog.jpg 215w\" sizes=\"(max-width: 207px) 100vw, 207px\" \/><\/a><\/p>\n<p><a href=\"https:\/\/www.kosmos.de\/buecher\/ratgeber\/pferde-reiten\/fortgeschrittene\/6420\/wie-bewegt-sich-der-reiter\" target=\"_blank\" rel=\"noopener noreferrer\"><img decoding=\"async\" loading=\"lazy\" class=\"alignnone  wp-image-3365\" src=\"https:\/\/www.bewegungstrainer-em.org\/wp-content\/uploads\/2013\/10\/bild_wie_bewegt_sich_der_reiter.jpg\" alt=\"\" width=\"205\" height=\"291\" srcset=\"https:\/\/www.bewegungstrainer-em.org\/wp-content\/uploads\/2013\/10\/bild_wie_bewegt_sich_der_reiter.jpg 289w, https:\/\/www.bewegungstrainer-em.org\/wp-content\/uploads\/2013\/10\/bild_wie_bewegt_sich_der_reiter-211x300.jpg 211w\" sizes=\"(max-width: 205px) 100vw, 205px\" \/><\/a><\/p>\n<p><a href=\"http:\/\/www.kosmos.de\/produktdetail-909-909\/aufwaermprogramm_fuer_reiter-1132\/\" target=\"_blank\" rel=\"noopener noreferrer\"><img decoding=\"async\" loading=\"lazy\" class=\"alignnone size-medium wp-image-2387\" title=\"Aufwaermprogramm_fuer_Reiter\" src=\"https:\/\/www.bewegungstrainer-em.org\/wp-content\/uploads\/2013\/10\/Aufwaermprogramm_fuer_Reiter-179x300.jpg\" alt=\"\" width=\"179\" height=\"300\" srcset=\"https:\/\/www.bewegungstrainer-em.org\/wp-content\/uploads\/2013\/10\/Aufwaermprogramm_fuer_Reiter-179x300.jpg 179w, https:\/\/www.bewegungstrainer-em.org\/wp-content\/uploads\/2013\/10\/Aufwaermprogramm_fuer_Reiter-89x150.jpg 89w, https:\/\/www.bewegungstrainer-em.org\/wp-content\/uploads\/2013\/10\/Aufwaermprogramm_fuer_Reiter.jpg 215w\" sizes=\"(max-width: 179px) 100vw, 179px\" \/><\/a><\/p>\n<p><a href=\"http:\/\/www.kosmos.de\/produktdetail-909-909\/uebungsprogramm_im_sattel-2863\/\" target=\"_blank\" rel=\"noopener noreferrer\"><img decoding=\"async\" loading=\"lazy\" class=\"alignnone size-medium wp-image-2393\" title=\"Uebungsprog_im_Sattel\" src=\"https:\/\/www.bewegungstrainer-em.org\/wp-content\/uploads\/2013\/10\/Uebungsprog_im_Sattel1-180x300.jpg\" alt=\"\" width=\"180\" height=\"300\" srcset=\"https:\/\/www.bewegungstrainer-em.org\/wp-content\/uploads\/2013\/10\/Uebungsprog_im_Sattel1-180x300.jpg 180w, https:\/\/www.bewegungstrainer-em.org\/wp-content\/uploads\/2013\/10\/Uebungsprog_im_Sattel1-90x150.jpg 90w, https:\/\/www.bewegungstrainer-em.org\/wp-content\/uploads\/2013\/10\/Uebungsprog_im_Sattel1.jpg 215w\" sizes=\"(max-width: 180px) 100vw, 180px\" \/><\/a><\/p>\n<p>(<a href=\"http:\/\/www.kosmos.de\" target=\"_blank\" rel=\"noopener noreferrer\">www.kosmos.de<\/a>)<\/p>\n<p>&nbsp;<br \/>\n&nbsp;<\/p>\n<h4>MEDIEN: Die Videos von Eckart Meyners gibt es zum Streamen auf <a href=\"https:\/\/www.wehorse.com\" target=\"_blank\">www.wehorse.com<\/a> oder als DVD im wehorse-Shop<\/h4>\n<h3><b>DVDs<\/b><\/h3>\n<p><a href=\"https:\/\/www.wehorse.com\/shop\/de\/reiter\/sitz-hilfen\/bewegungsgefuehl-fuer-reiter-eckart-meyners\/\" target=\"_blank\"><img decoding=\"async\" loading=\"lazy\" src=\"https:\/\/www.bewegungstrainer-em.org\/wp-content\/uploads\/2013\/10\/200010-eckart-meyners-bewegungsgefuehl-fuer-reiter-300x271.jpg\" alt=\"\" width=\"300\" height=\"271\" class=\"alignnone size-medium wp-image-3496\" srcset=\"https:\/\/www.bewegungstrainer-em.org\/wp-content\/uploads\/2013\/10\/200010-eckart-meyners-bewegungsgefuehl-fuer-reiter-300x271.jpg 300w, https:\/\/www.bewegungstrainer-em.org\/wp-content\/uploads\/2013\/10\/200010-eckart-meyners-bewegungsgefuehl-fuer-reiter-768x694.jpg 768w, https:\/\/www.bewegungstrainer-em.org\/wp-content\/uploads\/2013\/10\/200010-eckart-meyners-bewegungsgefuehl-fuer-reiter-520x470.jpg 520w, https:\/\/www.bewegungstrainer-em.org\/wp-content\/uploads\/2013\/10\/200010-eckart-meyners-bewegungsgefuehl-fuer-reiter-740x669.jpg 740w, https:\/\/www.bewegungstrainer-em.org\/wp-content\/uploads\/2013\/10\/200010-eckart-meyners-bewegungsgefuehl-fuer-reiter.jpg 940w\" sizes=\"(max-width: 300px) 100vw, 300px\" \/><\/a><\/p>\n<p><a href=\"https:\/\/www.wehorse.com\/shop\/de\/reiter\/sitz-hilfen\/uebungsprogramm-im-sattel-der-film-eckart-meyners\/\" target=\"_blank\"><img decoding=\"async\" loading=\"lazy\" src=\"https:\/\/www.bewegungstrainer-em.org\/wp-content\/uploads\/2013\/10\/200230-eckart-meyners-uebungsprogramm-im-sattel-300x271.jpg\" alt=\"\" width=\"300\" height=\"271\" class=\"alignnone size-medium wp-image-3494\" srcset=\"https:\/\/www.bewegungstrainer-em.org\/wp-content\/uploads\/2013\/10\/200230-eckart-meyners-uebungsprogramm-im-sattel-300x271.jpg 300w, https:\/\/www.bewegungstrainer-em.org\/wp-content\/uploads\/2013\/10\/200230-eckart-meyners-uebungsprogramm-im-sattel-768x694.jpg 768w, https:\/\/www.bewegungstrainer-em.org\/wp-content\/uploads\/2013\/10\/200230-eckart-meyners-uebungsprogramm-im-sattel-520x470.jpg 520w, https:\/\/www.bewegungstrainer-em.org\/wp-content\/uploads\/2013\/10\/200230-eckart-meyners-uebungsprogramm-im-sattel-740x669.jpg 740w, https:\/\/www.bewegungstrainer-em.org\/wp-content\/uploads\/2013\/10\/200230-eckart-meyners-uebungsprogramm-im-sattel.jpg 940w\" sizes=\"(max-width: 300px) 100vw, 300px\" \/><\/a><\/p>\n<p><a href=\"https:\/\/www.wehorse.com\/shop\/de\/reiter\/sitz-hilfen\/reiten-mit-franklin-baellen-sibylle-wiemer-eckart-meyners\/\" target=\"_blank\"><img decoding=\"async\" loading=\"lazy\" src=\"https:\/\/www.bewegungstrainer-em.org\/wp-content\/uploads\/2013\/10\/300080-eckart-meyners-franklin-baelle-neu-300x271.jpg\" alt=\"\" width=\"300\" height=\"271\" class=\"alignnone size-medium wp-image-3492\" srcset=\"https:\/\/www.bewegungstrainer-em.org\/wp-content\/uploads\/2013\/10\/300080-eckart-meyners-franklin-baelle-neu-300x271.jpg 300w, https:\/\/www.bewegungstrainer-em.org\/wp-content\/uploads\/2013\/10\/300080-eckart-meyners-franklin-baelle-neu-768x694.jpg 768w, https:\/\/www.bewegungstrainer-em.org\/wp-content\/uploads\/2013\/10\/300080-eckart-meyners-franklin-baelle-neu-520x470.jpg 520w, https:\/\/www.bewegungstrainer-em.org\/wp-content\/uploads\/2013\/10\/300080-eckart-meyners-franklin-baelle-neu-740x669.jpg 740w, https:\/\/www.bewegungstrainer-em.org\/wp-content\/uploads\/2013\/10\/300080-eckart-meyners-franklin-baelle-neu.jpg 940w\" sizes=\"(max-width: 300px) 100vw, 300px\" \/><\/a><\/p>\n<p>&nbsp;<\/p>\n<p>&nbsp;<\/p>\n<h3><b>ONLINE-VIDEOS (TRAILER)<\/b><\/h3>\n<p>Online-Videos zum Thema Bewegungsgef\u00fchl f\u00fcr Reiter:<\/p>\n<p><a href=\"https:\/\/www.wehorse.com\/de\/videos\/show\/277\/bewegungsgefuehl-fuer-reiter-teil-1-durch-gezielte-uebungen-zur-besseren-einwirkung-eckart-meyners.html\" target=\"_blank\">Teil 1<\/a><br \/>\n<a href=\"https:\/\/www.wehorse.com\/de\/videos\/show\/280\/bewegungsgefuehl-fuer-reiter-teil-2-das-6-punkte-programm-so-gehts-eckart-meyners.html\" target=\"_blank\">Teil 2<\/a><br \/>\n<a href=\"https:\/\/www.wehorse.com\/de\/videos\/show\/284\/bewegungsgefuehl-fuer-reiter-teil-3-mobilisierung-der-gelenke-allgemeine-kraeftigung-eckart-meyners.html\" target=\"_blank\">Teil 3<\/a><br \/>\n<a href=\"https:\/\/www.wehorse.com\/de\/videos\/show\/288\/bewegungsgefuehl-fuer-reiter-teil-4-variationen-des-6-punkte-programms-eckart-meyners.html\" target=\"_blank\">Teil 4<\/a><\/p>\n<p>Online-Videos zum Thema \u00dcbungsprogramm im Sattel:<\/p>\n<p><a href=\"https:\/\/www.wehorse.com\/de\/videos\/show\/93\/das-6-punkte-uebungs-und-aufwaermprogramm-im-sattel-eckart-meyners.html\" target=\"_blank\">Teil 1<\/a><br \/>\n<a href=\"https:\/\/www.wehorse.com\/de\/videos\/show\/102\/reitunterricht-gestalten-sitzuebungen-aus-der-bewegungslehre-eckart-meyners.html\" target=\"_blank\">Teil 2<\/a><\/p>\n<p><a href=\"https:\/\/www.wehorse.com\/de\/videos\/show\/299\/reiten-mit-franklin-baellen-teil-1-grundlagen-franklin-rollen-im-sattel-sibylle-wiemer.html\" target=\"_blank\">Link zum Online-Video zum Thema Reiten mit Franklin&reg;-B\u00e4llen<\/a><\/p>\n","protected":false},"excerpt":{"rendered":"<p>B\u00dcCHER (www.kosmos.de) &nbsp; &nbsp; MEDIEN: Die Videos von Eckart Meyners gibt es zum Streamen auf www.wehorse.com oder als DVD im wehorse-Shop DVDs &nbsp; &nbsp; ONLINE-VIDEOS (TRAILER) Online-Videos zum Thema Bewegungsgef\u00fchl f\u00fcr Reiter: Teil 1 Teil 2 Teil 3 Teil 4 Online-Videos zum Thema \u00dcbungsprogramm im Sattel: Teil 1 Teil 2 Link zum Online-Video zum Thema Reiten mit Franklin&reg;-B\u00e4llen<\/p>\n","protected":false},"author":61,"featured_media":0,"parent":0,"menu_order":70,"comment_status":"closed","ping_status":"closed","template":"","meta":{"ngg_post_thumbnail":0},"acf":[],"_links":{"self":[{"href":"https:\/\/www.bewegungstrainer-em.org\/index.php\/wp-json\/wp\/v2\/pages\/2378"}],"collection":[{"href":"https:\/\/www.bewegungstrainer-em.org\/index.php\/wp-json\/wp\/v2\/pages"}],"about":[{"href":"https:\/\/www.bewegungstrainer-em.org\/index.php\/wp-json\/wp\/v2\/types\/page"}],"author":[{"embeddable":true,"href":"https:\/\/www.bewegungstrainer-em.org\/index.php\/wp-json\/wp\/v2\/users\/61"}],"replies":[{"embeddable":true,"href":"https:\/\/www.bewegungstrainer-em.org\/index.php\/wp-json\/wp\/v2\/comments?post=2378"}],"version-history":[{"count":28,"href":"https:\/\/www.bewegungstrainer-em.org\/index.php\/wp-json\/wp\/v2\/pages\/2378\/revisions"}],"predecessor-version":[{"id":3502,"href":"https:\/\/www.bewegungstrainer-em.org\/index.php\/wp-json\/wp\/v2\/pages\/2378\/revisions\/3502"}],"wp:attachment":[{"href":"https:\/\/www.bewegungstrainer-em.org\/index.php\/wp-json\/wp\/v2\/media?parent=2378"}],"curies":[{"name":"wp","href":"https:\/\/api.w.org\/{rel}","templated":true}]}}