{"id":2417,"date":"2013-11-17T17:49:33","date_gmt":"2013-11-17T17:49:33","guid":{"rendered":"http:\/\/www.bewegungstrainer-em.org\/?page_id=2417"},"modified":"2017-08-02T19:17:45","modified_gmt":"2017-08-02T19:17:45","slug":"simone-reuter-34508-willingen","status":"publish","type":"page","link":"https:\/\/www.bewegungstrainer-em.org\/index.php\/trainerverzeichnis\/hessen\/simone-reuter-34508-willingen\/","title":{"rendered":"Simone Reuter, 34508 Willingen"},"content":{"rendered":"<p><img decoding=\"async\" loading=\"lazy\" class=\"alignnone  wp-image-2424\" title=\"Simone-Reuter-Portrait\" src=\"https:\/\/www.bewegungstrainer-em.org\/wp-content\/uploads\/2013\/11\/Simone-Reuter-Portrait.jpg\" alt=\"Simone Reuter Portrait\" width=\"238\" height=\"358\" srcset=\"https:\/\/www.bewegungstrainer-em.org\/wp-content\/uploads\/2013\/11\/Simone-Reuter-Portrait.jpg 333w, https:\/\/www.bewegungstrainer-em.org\/wp-content\/uploads\/2013\/11\/Simone-Reuter-Portrait-199x300.jpg 199w, https:\/\/www.bewegungstrainer-em.org\/wp-content\/uploads\/2013\/11\/Simone-Reuter-Portrait-99x150.jpg 99w\" sizes=\"(max-width: 238px) 100vw, 238px\" \/><\/p>\n<p><strong>&#8222;Das Pferd ist Dein Spiegel &#8230; ein losgelassener Reiter f\u00fchrt zum losgelassenen Pferd!&#8220;<\/strong><\/p>\n<p><strong>Kontaktdaten<\/strong><\/p>\n<table style=\"height: 152px;\" width=\"300\">\n<tbody>\n<tr>\n<td>Name<\/td>\n<td>Simone Reuter<\/td>\n<\/tr>\n<tr>\n<td>Adresse<\/td>\n<td>Auf dem breiten Hofe 6<\/td>\n<\/tr>\n<tr>\n<td>Ort<\/td>\n<td>34508 Willingen-Usseln<\/td>\n<\/tr>\n<tr>\n<td>Mobil<\/td>\n<td>0171 &#8211; 67 11 555<\/td>\n<\/tr>\n<tr>\n<td>e-mail<\/td>\n<td><a href=\"mailto:seimi.reuter@t-online.de\">seimi.reuter@t-online.de<\/a><\/td>\n<\/tr>\n<\/tbody>\n<\/table>\n<p><strong>Werdegang<\/strong><\/p>\n<table style=\"height: 152px;\" width=\"600\">\n<tbody>\n<tr>\n<td>1992<\/td>\n<td>Pr\u00fcfung Pferdewirt Zucht und Haltung<\/td>\n<\/tr>\n<tr>\n<td>1994<\/td>\n<td>Pr\u00fcfung Pferdewirt Reiten, Ausbilder Stefan Lange und A. G\u00f6ddecke, T\u00e4tigkeit als Pferdewirtin in verschiedenen Betrieben<\/td>\n<\/tr>\n<tr>\n<td>2009<\/td>\n<td>Pr\u00fcfung zum Bewegungstrainer EM<\/td>\n<\/tr>\n<tr>\n<td>seit 2005<\/td>\n<td>selbst\u00e4ndig t\u00e4tig auf verschiedenen Anlagen<\/td>\n<\/tr>\n<\/tbody>\n<\/table>\n<p><strong>Schulungsort:<\/strong><br \/>\nmobil &#8211; auf Wunsch auf fremder Anlage; derzeit im Raum KB, MR, OWL, BN<\/p>\nngg_shortcode_0_placeholder\n","protected":false},"excerpt":{"rendered":"<p>&#8222;Das Pferd ist Dein Spiegel &#8230; ein losgelassener Reiter f\u00fchrt zum losgelassenen Pferd!&#8220; Kontaktdaten Name Simone Reuter Adresse Auf dem breiten Hofe 6 Ort 34508 Willingen-Usseln Mobil 0171 &#8211; 67 11 555 e-mail seimi.reuter@t-online.de Werdegang 1992 Pr\u00fcfung Pferdewirt Zucht und Haltung 1994 Pr\u00fcfung Pferdewirt Reiten, Ausbilder Stefan Lange und A. G\u00f6ddecke, T\u00e4tigkeit als Pferdewirtin in verschiedenen Betrieben 2009 Pr\u00fcfung zum Bewegungstrainer EM seit 2005 selbst\u00e4ndig t\u00e4tig auf verschiedenen Anlagen Schulungsort: mobil &#8211; auf Wunsch auf fremder Anlage; derzeit im Raum KB, MR, OWL, BN<\/p>\n","protected":false},"author":61,"featured_media":0,"parent":47,"menu_order":10,"comment_status":"closed","ping_status":"closed","template":"","meta":{"ngg_post_thumbnail":0},"acf":[],"_links":{"self":[{"href":"https:\/\/www.bewegungstrainer-em.org\/index.php\/wp-json\/wp\/v2\/pages\/2417"}],"collection":[{"href":"https:\/\/www.bewegungstrainer-em.org\/index.php\/wp-json\/wp\/v2\/pages"}],"about":[{"href":"https:\/\/www.bewegungstrainer-em.org\/index.php\/wp-json\/wp\/v2\/types\/page"}],"author":[{"embeddable":true,"href":"https:\/\/www.bewegungstrainer-em.org\/index.php\/wp-json\/wp\/v2\/users\/61"}],"replies":[{"embeddable":true,"href":"https:\/\/www.bewegungstrainer-em.org\/index.php\/wp-json\/wp\/v2\/comments?post=2417"}],"version-history":[{"count":11,"href":"https:\/\/www.bewegungstrainer-em.org\/index.php\/wp-json\/wp\/v2\/pages\/2417\/revisions"}],"predecessor-version":[{"id":2558,"href":"https:\/\/www.bewegungstrainer-em.org\/index.php\/wp-json\/wp\/v2\/pages\/2417\/revisions\/2558"}],"up":[{"embeddable":true,"href":"https:\/\/www.bewegungstrainer-em.org\/index.php\/wp-json\/wp\/v2\/pages\/47"}],"wp:attachment":[{"href":"https:\/\/www.bewegungstrainer-em.org\/index.php\/wp-json\/wp\/v2\/media?parent=2417"}],"curies":[{"name":"wp","href":"https:\/\/api.w.org\/{rel}","templated":true}]}}