{"id":2817,"date":"2015-04-20T11:59:32","date_gmt":"2015-04-20T11:59:32","guid":{"rendered":"http:\/\/www.bewegungstrainer-em.org\/?page_id=2817"},"modified":"2024-12-04T14:00:59","modified_gmt":"2024-12-04T14:00:59","slug":"diana-bachmann-52074-aachen","status":"publish","type":"page","link":"https:\/\/www.bewegungstrainer-em.org\/index.php\/trainerverzeichnis\/bewegungstrainer-nrw\/diana-bachmann-52074-aachen\/","title":{"rendered":"Diana Bachmann, 52074 Aachen"},"content":{"rendered":"<p><a href=\"https:\/\/www.bewegungstrainer-em.org\/wp-content\/uploads\/2015\/04\/Bewegungstrainer-Diana-Bachmann-2.jpg\"><img decoding=\"async\" loading=\"lazy\" class=\"alignnone size-full wp-image-2821\" title=\"Bewegungstrainer Diana Bachmann 2\" src=\"https:\/\/www.bewegungstrainer-em.org\/wp-content\/uploads\/2015\/04\/Bewegungstrainer-Diana-Bachmann-2.jpg\" alt=\"\" width=\"241\" height=\"200\" srcset=\"https:\/\/www.bewegungstrainer-em.org\/wp-content\/uploads\/2015\/04\/Bewegungstrainer-Diana-Bachmann-2.jpg 241w, https:\/\/www.bewegungstrainer-em.org\/wp-content\/uploads\/2015\/04\/Bewegungstrainer-Diana-Bachmann-2-150x124.jpg 150w\" sizes=\"(max-width: 241px) 100vw, 241px\" \/><\/a><\/p>\n<p>&#8222;Nur bei einem ,durchl\u00e4ssigen Reiter&#8216; kommt das Pferd zur Entfaltung seiner ganzen Nat\u00fcrlichkeit. Ausdruck und Bewegungsst\u00e4rken des Pferdes k\u00f6nnen so gef\u00f6rdert werden.&#8220;<\/p>\n<p><strong>Kontakt:<\/strong><br \/>\n<strong>Diana Bachmann<\/strong><br \/>\n52074 Aachen\/4851 Plombieres, Belgien<br \/>\nTel.: 0177\/456 856 0<br \/>\n<a href=\"mailto:dressagebachmann@web.de\">dressagebachmann@web.de<\/a><br \/>\n<a href=\"http:\/\/www.reiteninaachen.de\/\">www.reiteninaachen.de<\/a><\/p>\n<p><strong>Werdegang<\/strong><\/p>\n<table style=\"height: 328px;\" width=\"847\">\n<tbody>\n<tr>\n<td>1996:<\/td>\n<td>Ausbildung zur Pferdewirtin Reiten<\/td>\n<\/tr>\n<tr>\n<td>1998:<\/td>\n<td>Pferdewirtin im Turnierspringstall Walter Pr\u00f6mper<\/td>\n<\/tr>\n<tr>\n<td>1999:<\/td>\n<td>Pferdewirtin im Dressurstall Gest\u00fct Weidenhof bei Holger M\u00fcnstermann<\/td>\n<\/tr>\n<tr>\n<td>2000:<\/td>\n<td>Pferdewirtin in der Hidden Valley Ranch in Kalifornien<br \/>\nbei Jochen Hippenstiel<\/td>\n<\/tr>\n<tr>\n<td>2002:<\/td>\n<td>Betriebsleiterin in der Reitanlage Gut-Hanbruch<\/td>\n<\/tr>\n<tr>\n<td>2004:<\/td>\n<td>Pferdewirtschaftsmeisterin FN und Richter RAR<\/td>\n<\/tr>\n<tr>\n<td>2005:<\/td>\n<td>Selbstst\u00e4ndige Reitlehrerin im Aachener Raum<br \/>\neingestallt im Reitstall Gut Kuckum<\/td>\n<\/tr>\n<tr>\n<td>2008:<\/td>\n<td>Bewegungstrainerin (EM)<\/td>\n<\/tr>\n<tr>\n<td>2013:<\/td>\n<td>Ausbildung zur Sattelbeurteilerin FN<\/td>\n<\/tr>\n<\/tbody>\n<\/table>\n<p><strong>Referenzen:<\/strong><br \/>\nSowohl Einbindung des Bewegungstrainings in den t\u00e4glichen Unterricht als auch auf Wochenendlehrg\u00e4ngen<\/p>\n<p><strong>Schulungsort:<\/strong><\/p>\n<ul>\n<li>mobil &#8211; auf Wunsch auf fremder Anlage<\/li>\n<li>ab 5 Teilnehmern<\/li>\n<\/ul>\nngg_shortcode_0_placeholder\n","protected":false},"excerpt":{"rendered":"<p>&#8222;Nur bei einem ,durchl\u00e4ssigen Reiter&#8216; kommt das Pferd zur Entfaltung seiner ganzen Nat\u00fcrlichkeit. Ausdruck und Bewegungsst\u00e4rken des Pferdes k\u00f6nnen so gef\u00f6rdert werden.&#8220; Kontakt: Diana Bachmann 52074 Aachen\/4851 Plombieres, Belgien Tel.: 0177\/456 856 0 dressagebachmann@web.de www.reiteninaachen.de Werdegang 1996: Ausbildung zur Pferdewirtin Reiten 1998: Pferdewirtin im Turnierspringstall Walter Pr\u00f6mper 1999: Pferdewirtin im Dressurstall Gest\u00fct Weidenhof bei Holger M\u00fcnstermann 2000: Pferdewirtin in der Hidden Valley Ranch in Kalifornien bei Jochen Hippenstiel 2002: Betriebsleiterin in der Reitanlage Gut-Hanbruch 2004: Pferdewirtschaftsmeisterin FN und Richter RAR 2005: Selbstst\u00e4ndige Reitlehrerin im Aachener Raum eingestallt im Reitstall Gut Kuckum 2008: Bewegungstrainerin (EM) 2013: Ausbildung zur Sattelbeurteilerin FN Referenzen: Sowohl Einbindung des Bewegungstrainings in den t\u00e4glichen Unterricht als auch auf Wochenendlehrg\u00e4ngen Schulungsort: mobil &#8211; auf Wunsch auf fremder Anlage ab 5 Teilnehmern<\/p>\n","protected":false},"author":61,"featured_media":0,"parent":395,"menu_order":0,"comment_status":"closed","ping_status":"closed","template":"","meta":{"ngg_post_thumbnail":0},"acf":[],"_links":{"self":[{"href":"https:\/\/www.bewegungstrainer-em.org\/index.php\/wp-json\/wp\/v2\/pages\/2817"}],"collection":[{"href":"https:\/\/www.bewegungstrainer-em.org\/index.php\/wp-json\/wp\/v2\/pages"}],"about":[{"href":"https:\/\/www.bewegungstrainer-em.org\/index.php\/wp-json\/wp\/v2\/types\/page"}],"author":[{"embeddable":true,"href":"https:\/\/www.bewegungstrainer-em.org\/index.php\/wp-json\/wp\/v2\/users\/61"}],"replies":[{"embeddable":true,"href":"https:\/\/www.bewegungstrainer-em.org\/index.php\/wp-json\/wp\/v2\/comments?post=2817"}],"version-history":[{"count":24,"href":"https:\/\/www.bewegungstrainer-em.org\/index.php\/wp-json\/wp\/v2\/pages\/2817\/revisions"}],"predecessor-version":[{"id":4424,"href":"https:\/\/www.bewegungstrainer-em.org\/index.php\/wp-json\/wp\/v2\/pages\/2817\/revisions\/4424"}],"up":[{"embeddable":true,"href":"https:\/\/www.bewegungstrainer-em.org\/index.php\/wp-json\/wp\/v2\/pages\/395"}],"wp:attachment":[{"href":"https:\/\/www.bewegungstrainer-em.org\/index.php\/wp-json\/wp\/v2\/media?parent=2817"}],"curies":[{"name":"wp","href":"https:\/\/api.w.org\/{rel}","templated":true}]}}