{"id":292,"date":"2010-04-27T10:04:23","date_gmt":"2010-04-27T10:04:23","guid":{"rendered":"http:\/\/www.bewegungstrainer-em.org\/wordpress2\/?page_id=292"},"modified":"2022-07-25T19:26:35","modified_gmt":"2022-07-25T19:26:35","slug":"ina-lehmann-22880-wedel","status":"publish","type":"page","link":"https:\/\/www.bewegungstrainer-em.org\/index.php\/trainerverzeichnis\/bewegungstrainer-schleswig-holstein\/ina-lehmann-22880-wedel\/","title":{"rendered":"Ina Lehmann, 22880 Wedel"},"content":{"rendered":"<p><a href=\"https:\/\/www.bewegungstrainer-em.org\/wp-content\/uploads\/2010\/04\/Ina-Lehmann2.jpg\"><img decoding=\"async\" loading=\"lazy\" class=\"alignnone wp-image-2065\" title=\"Ina Lehmann\" src=\"https:\/\/www.bewegungstrainer-em.org\/wp-content\/uploads\/2010\/04\/Ina-Lehmann2-300x217.jpg\" alt=\"\" width=\"308\" height=\"223\" srcset=\"https:\/\/www.bewegungstrainer-em.org\/wp-content\/uploads\/2010\/04\/Ina-Lehmann2-300x217.jpg 300w, https:\/\/www.bewegungstrainer-em.org\/wp-content\/uploads\/2010\/04\/Ina-Lehmann2-150x108.jpg 150w, https:\/\/www.bewegungstrainer-em.org\/wp-content\/uploads\/2010\/04\/Ina-Lehmann2-400x289.jpg 400w, https:\/\/www.bewegungstrainer-em.org\/wp-content\/uploads\/2010\/04\/Ina-Lehmann2.jpg 510w\" sizes=\"(max-width: 308px) 100vw, 308px\" \/><\/a><a href=\"https:\/\/www.bewegungstrainer-em.org\/wp-content\/uploads\/2010\/04\/Infoseite-Ina-Lehmann.pdf\"><img decoding=\"async\" loading=\"lazy\" class=\"alignnone wp-image-3523\" src=\"https:\/\/www.bewegungstrainer-em.org\/wp-content\/uploads\/2010\/04\/Infoseite-Ina-Lehmann-212x300.jpg\" alt=\"\" width=\"158\" height=\"224\" srcset=\"https:\/\/www.bewegungstrainer-em.org\/wp-content\/uploads\/2010\/04\/Infoseite-Ina-Lehmann-212x300.jpg 212w, https:\/\/www.bewegungstrainer-em.org\/wp-content\/uploads\/2010\/04\/Infoseite-Ina-Lehmann-768x1086.jpg 768w, https:\/\/www.bewegungstrainer-em.org\/wp-content\/uploads\/2010\/04\/Infoseite-Ina-Lehmann-724x1024.jpg 724w, https:\/\/www.bewegungstrainer-em.org\/wp-content\/uploads\/2010\/04\/Infoseite-Ina-Lehmann-520x736.jpg 520w, https:\/\/www.bewegungstrainer-em.org\/wp-content\/uploads\/2010\/04\/Infoseite-Ina-Lehmann-740x1047.jpg 740w\" sizes=\"(max-width: 158px) 100vw, 158px\" \/><\/a><\/p>\n<p>\u201eDie sogenannte Kunst des Reitens ist keine solche und auch keine Wissenschaft, sondern erlernbar. Hierzu sind genaue Kenntnisse \u00fcber Anatomie und Psyche von Pferd und Reiter unerl\u00e4\u00dflich. Praxisnah und auf erstaunlich einfache Art und Weise vermittelt die Bewegungslehre nach Eckart Meyners (EM) alles Wissenswerte um einen verantwortungsvollen, artgerechten Umgang mit dem Pferd zu erlernen, ganz gleich ob in der Natur, der Halle, im Parcours, ob als Freizeitreiter oder ambitionierter Turniersportler.<\/p>\n<p>&nbsp;<\/p>\n<p><strong>KONTAKT:<\/strong><br \/>\n<strong>Ina Lehmann<\/strong><br \/>\nF\u00e4hrenkamp 60<br \/>\n22880 Wedel<br \/>\nMobil 0172- 452 11 37<br \/>\n<a href=\"mailto:info@reiten-in-bewegung.de\">info@reiten-in-bewegung.de<\/a><br \/>\n<a href=\"http:\/\/www.reiten-in-bewegung.de\" target=\"_blank\" rel=\"noopener noreferrer\">www.reiten-in-bewegung.de<\/a><\/p>\n<p><strong>Werdegang<\/strong><\/p>\n<table style=\"height: 60px;\" width=\"700\">\n<tbody>\n<tr>\n<td>2008 bis heute<\/td>\n<td>Freiberuflich t\u00e4tig als Ausbilderin f\u00fcr Pferd und Reiter<br \/>\nim Gro\u00dfraum Wedel\/Hamburg und Schleswig Holstein<br \/>\nBundesweit mit Lehrg\u00e4ngen, vorwiegend Bewegungstraining EM<\/td>\n<\/tr>\n<tr>\n<td>2008<\/td>\n<td>Ausbildung und Pr\u00fcfung zum Bewegungstrainer EM an der Deutschen Reitschule in Warendorf<\/td>\n<\/tr>\n<tr>\n<td>1988<\/td>\n<td>Freiberufliche T\u00e4tigkeit in der Ausbildung Pferd und Reiter<\/td>\n<\/tr>\n<tr>\n<td>1987<\/td>\n<td>Betriebsleitung Zucht- und Ausbildungsstall Gosche<br \/>\nSchwerpunkt Ausbildung und Pr\u00e4sentation<\/td>\n<\/tr>\n<tr>\n<td>1986<\/td>\n<td>Pr\u00fcfung Pferdewirtschaftsmeister Reitausbildung<\/td>\n<\/tr>\n<tr>\n<td>1995-1996<\/td>\n<td>Bereiter Turnierstall Horst Karsten<br \/>\nSchwerpunkt Vielseitigkeit<\/td>\n<\/tr>\n<tr>\n<td>1983-1984<\/td>\n<td>Bereiter Turnierstall Hauke Schmidt<br \/>\nSchwerpunkt Springen<\/td>\n<\/tr>\n<tr>\n<td>1983<\/td>\n<td>Bereiter Handelsstall Theo Ribhegge<br \/>\nPr\u00e4sentation von Sportpferden<\/td>\n<\/tr>\n<tr>\n<td>1983<\/td>\n<td>Pr\u00fcfung Pferdewirt Schwerpunkt Reitausbildung<\/td>\n<\/tr>\n<tr>\n<td>1979<\/td>\n<td>Ausbildung zum Pferdewirt Schwerpunkt Reitausbildung<br \/>\nTurnier und Ausbildungsstall Helmut Hartmann<\/td>\n<\/tr>\n<\/tbody>\n<\/table>\n<p><strong>Schulungsort<\/strong><\/p>\n<ul>\n<li>Bei Ihnen vor Ort, Ihrem Verein, Ihrer Reitanlage<\/li>\n<li>Einzelne Interessenten auf dem Catharinenhof Wedel<\/li>\n<li>Kleingruppen ab 3 Teilnehmern in Schleswig Holstein\/Hamburg\/Niedersachsen<\/li>\n<\/ul>\n<p><strong>Seminare und Lehrg\u00e4nge<\/strong><\/p>\n<ul>\n<li>1 bis 3 Tage auch am Wochenende mit bis zu 10 aktiven Teilnehmer pro Tag<\/li>\n<li>Zus\u00e4tzliche Theorieteilnehmer nach Absprache<\/li>\n<\/ul>\n<p>Seminare und Lehrg\u00e4nge sind bundesweit sowie im Ausland m\u00f6glich.<\/p>\n<p><strong>Referenzen<\/strong><br \/>\nLehrg\u00e4nge in der Umgebung: Termine finden Sie auf meiner <a href=\"http:\/\/www.reiten-in-bewegung.de\" target=\"_blank\" rel=\"noopener noreferrer\">Webseite<\/a>.<\/p>\n<p><a href=\"https:\/\/www.bewegungstrainer-em.org\/wp-content\/uploads\/2021\/05\/Handewitt-LehrgangEM_InaLehmann.pdf\"><img decoding=\"async\" loading=\"lazy\" class=\"alignnone wp-image-3891\" src=\"https:\/\/www.bewegungstrainer-em.org\/wp-content\/uploads\/2021\/05\/Handewitt-LehrgangEM-1.jpg\" alt=\"\" width=\"396\" height=\"560\"><\/a><\/p>\n<p><a href=\"https:\/\/www.bewegungstrainer-em.org\/wp-content\/uploads\/2021\/05\/AZL-12.-Juni-Reiten-in-Bewegung-mit-Ina-Lehmann.pdf\"><img decoding=\"async\" loading=\"lazy\" class=\"alignnone wp-image-3897\" src=\"https:\/\/www.bewegungstrainer-em.org\/wp-content\/uploads\/2021\/05\/Bewegungstraining-EM-Luhmu\u0308hlen-mit-Ina-Lehmann-1.jpg\" alt=\"\" width=\"581\" height=\"410\"><\/a><\/p>\n<p>&nbsp;<\/p>\n<p>&nbsp;<\/p>\n<p><strong>2016<\/strong><\/p>\n<p><em>November<\/em><br \/>\n19.-20.11.2016 &#8211; Zuchthof Peithmann, 18182 Bentwisch\/OT<\/p>\n<p><em>Oktober<\/em><br \/>\n15.-16.10.2016 &#8211; Pferdehof Kuhlke &#8211; 18239 Satow<\/p>\n<p><em>September<\/em><br \/>\n30.09.2016-02.10. 2016 &#8211; Reitstall Schaal &#8211; Nu\u0308rtingen<\/p>\n<p><em>Mai<\/em><br \/>\n<strong>Bewegungstraining f\u00fcr Reiter nach Eckart Meyners<br \/>\nim Zusammenhang mit der klassischen Reitausbildung, Reitverein Rantrum<br \/>\nDas Ziel des Kurses: \u201eReiten in Bewegung und positiver Spannung\u201c<br \/>\nAnfragen zu Kurs und Anmeldung: Karina Reimer, Tel. +49 0172 6535311 <\/strong><\/p>\n<p>Bewegungstraining f\u00fcr Reiter nach Eckart Meyners<br \/>\nim Zusammenhang mit der klassischen Reitausbildung, Reitverein Billwerder<br \/>\nDas Ziel des Kurses: \u201eReiten in der Bewegung und mit positiver Spannung\u201c<\/p>\n<p><em><strong>Bewegungstraining nach Eckart Meyners<\/strong><\/em><\/p>\n<p><em>Januar<\/em><\/p>\n<p><strong>Lehrgang Bewegungstraining-Sitzschulung &#8211; \u00dcber die Funktion zur Form<br \/>\nmit <a href=\"https:\/\/www.bewegungstrainer-em.org\/index.php\/trainerverzeichnis\/bewegungstrainer-schleswig-holstein\/ina-lehmann-22880-wedel\/http:\/\/\" target=\"_blank\" rel=\"noopener noreferrer\">Ina Lehmann<\/a> und <a href=\"https:\/\/www.bewegungstrainer-em.org\/index.php\/trainerverzeichnis\/hessen\/michael-rohrmann-35749-herborn\/\" target=\"_blank\" rel=\"noopener noreferrer\">Michael Rohrmann<\/a><\/strong><br \/>\n\u2022 Rantrumer Reitverein e.V., Rantrum<\/p>\n<p><strong>2012<\/strong><\/p>\n<p><em>Juli\/August<\/em><\/p>\n<p>Telse Schwarz, M\u00f6hnsen<\/p>\n<p>Reitstall Hohenhorn, <a href=\"http:\/\/www.reitstall-hohenhorn.de\" target=\"_blank\" rel=\"noopener noreferrer\">www.reitstall-hohenhorn.de<\/a><\/p>\n<p>Hof Hamann, Kiel<\/p>\n<p>Reitanlage Hof Timm, Norderstedt<\/p>\n<p>Stall Yard, Wensin Garbek <a href=\"http:\/\/www.suomus-sporthorses.com\" target=\"_blank\" rel=\"noopener noreferrer\">www.suomus-sporthorses.com<\/a><\/p>\n<p><em>April<\/em><\/p>\n<p>Hof-Immenstedt, 25767 Immenstedt<\/p>\n<p>Tanja Holst,&nbsp; Holstens Hof Neu Wulmstorf<\/p>\n<p><em>Januar<\/em><br \/>\nLehrgang bei&nbsp; Moorweg 20 23845 Seth <a href=\"http:\/\/www.knabstrupper-vom-trollmoor.de\" target=\"_blank\" rel=\"noopener noreferrer\">www.knabstrupper-vom-trollmoor.de<\/a><\/p>\n<p>Stall Yard, Wensin Garbek <a href=\"http:\/\/www.suomus-sporthorses.com\" target=\"_blank\" rel=\"noopener noreferrer\">www.suomus-sporthorses.com<\/a><\/p>\n<p>Reitstall Hohenhorn, Hohenhorn <a href=\"http:\/\/www.reitstall-hohenhorn.de\" target=\"_blank\" rel=\"noopener noreferrer\">www.reitstall-hohenhorn.de<\/a><\/p>\n<p><strong>2011<\/strong><\/p>\n<p><em>August<\/em><br \/>\nSitzschulung\/Bewegungstraining nach Eckart Meyners<br \/>\nTheorie und Praxis<br \/>\nPonyland Norddeich<\/p>\n<p><em>Juni<\/em><br \/>\nBewegungstraining EM Praxis<br \/>\nStall Timm, 22848 Norderstedt<\/p>\n<p>Sitzschulung\/Bewegungstraining nach Eckart Meyners auf Wunsch mit Dressur- und Springunterricht<br \/>\n23827 Wensin<\/p>\n<p>Schnupperabend Bewegungstraining EM<br \/>\nReitgemeinschaft Zurm\u00fchlen e.V., 25469 Halstenbek<br \/>\n(Im zweist\u00fcndigen Abendprogramm wurde an zwei Reitern in Theorie und Praxis veranschaulicht, was Bewegungstraining im Einzelfall bewirken kann. Die positiven Ver\u00e4nderungen bei Pferd und Reiter sind meist vom Boden aus betrachtet genauso spannend, wie f\u00fcr den Reiter das neugewonnene Reitgef\u00fchl.)<\/p>\n<p>Dressur- und Springunterricht in Kombination<br \/>\nmit Bewegungstraining nach Eckart Meyners<\/p>\n<p><em>April<\/em><br \/>\nBewegungstraining EM Theorie und Praxis<br \/>\nReitstall Meier, 21646 Halvesbostel, 2 Tage<\/p>\n<p><strong>2010<\/strong><br \/>\n<em>November<\/em><br \/>\nAbendseminar zu Sitzschulung nach Eckart Meyners in<br \/>\n25560 Schenefeld<\/p>\n<p><em>Oktober<\/em><br \/>\nBewegungstraining EM \u2028Theorie und Praxis<br \/>\nHof Brahmkamp GbR , Kosel<\/p>\nngg_shortcode_0_placeholder\n","protected":false},"excerpt":{"rendered":"<p>\u201eDie sogenannte Kunst des Reitens ist keine solche und auch keine Wissenschaft, sondern erlernbar. Hierzu sind genaue Kenntnisse \u00fcber Anatomie und Psyche von Pferd und Reiter unerl\u00e4\u00dflich. Praxisnah und auf erstaunlich einfache Art und Weise vermittelt die Bewegungslehre nach Eckart Meyners (EM) alles Wissenswerte um einen verantwortungsvollen, artgerechten Umgang mit dem Pferd zu erlernen, ganz gleich ob in der Natur, der Halle, im Parcours, ob als Freizeitreiter oder ambitionierter Turniersportler. &nbsp; KONTAKT: Ina Lehmann F\u00e4hrenkamp 60 22880 Wedel Mobil 0172- 452 11 37 info@reiten-in-bewegung.de www.reiten-in-bewegung.de Werdegang 2008 bis heute Freiberuflich t\u00e4tig als Ausbilderin f\u00fcr Pferd und Reiter im Gro\u00dfraum Wedel\/Hamburg und Schleswig Holstein Bundesweit mit Lehrg\u00e4ngen, vorwiegend Bewegungstraining EM 2008 Ausbildung und Pr\u00fcfung zum Bewegungstrainer EM an der Deutschen Reitschule in Warendorf 1988 Freiberufliche T\u00e4tigkeit in der Ausbildung Pferd und Reiter 1987 Betriebsleitung Zucht- und Ausbildungsstall Gosche Schwerpunkt Ausbildung und Pr\u00e4sentation 1986 Pr\u00fcfung Pferdewirtschaftsmeister Reitausbildung 1995-1996 Bereiter Turnierstall Horst Karsten Schwerpunkt Vielseitigkeit 1983-1984 Bereiter Turnierstall Hauke Schmidt Schwerpunkt Springen 1983 Bereiter Handelsstall Theo Ribhegge Pr\u00e4sentation von Sportpferden 1983 Pr\u00fcfung Pferdewirt Schwerpunkt Reitausbildung 1979 Ausbildung zum Pferdewirt Schwerpunkt Reitausbildung Turnier und Ausbildungsstall Helmut Hartmann Schulungsort Bei Ihnen vor Ort, Ihrem Verein, Ihrer Reitanlage Einzelne Interessenten auf dem Catharinenhof Wedel Kleingruppen ab 3 Teilnehmern in Schleswig Holstein\/Hamburg\/Niedersachsen Seminare und Lehrg\u00e4nge 1 bis 3 Tage auch am Wochenende mit bis zu 10 aktiven Teilnehmer pro Tag Zus\u00e4tzliche Theorieteilnehmer nach Absprache Seminare und Lehrg\u00e4nge sind bundesweit sowie im Ausland m\u00f6glich. Referenzen Lehrg\u00e4nge in der Umgebung: Termine finden Sie auf meiner Webseite. &nbsp; &nbsp; 2016 November 19.-20.11.2016 &#8211; Zuchthof Peithmann, 18182 Bentwisch\/OT Oktober 15.-16.10.2016 &#8211; Pferdehof Kuhlke &#8211; 18239 Satow September 30.09.2016-02.10. 2016 &#8211; Reitstall Schaal &#8211; Nu\u0308rtingen Mai Bewegungstraining f\u00fcr Reiter nach Eckart Meyners im Zusammenhang mit der klassischen Reitausbildung, Reitverein Rantrum Das Ziel des Kurses: \u201eReiten in Bewegung und positiver Spannung\u201c Anfragen zu Kurs und Anmeldung: Karina Reimer, Tel. +49 0172 6535311 Bewegungstraining f\u00fcr Reiter nach Eckart Meyners im Zusammenhang mit der klassischen Reitausbildung, Reitverein Billwerder Das Ziel des Kurses: \u201eReiten in der Bewegung und mit positiver Spannung\u201c Bewegungstraining nach Eckart Meyners Januar Lehrgang Bewegungstraining-Sitzschulung &#8211; \u00dcber die Funktion zur Form mit Ina Lehmann und Michael Rohrmann \u2022 Rantrumer Reitverein e.V., Rantrum 2012 Juli\/August Telse Schwarz, M\u00f6hnsen Reitstall Hohenhorn, www.reitstall-hohenhorn.de Hof Hamann, Kiel Reitanlage Hof Timm, Norderstedt Stall Yard, Wensin Garbek www.suomus-sporthorses.com April Hof-Immenstedt, 25767 Immenstedt Tanja Holst,&nbsp; Holstens Hof Neu Wulmstorf Januar Lehrgang bei&nbsp; Moorweg 20 23845 Seth www.knabstrupper-vom-trollmoor.de Stall Yard, Wensin Garbek www.suomus-sporthorses.com Reitstall Hohenhorn, Hohenhorn www.reitstall-hohenhorn.de 2011 August Sitzschulung\/Bewegungstraining nach Eckart Meyners Theorie und Praxis Ponyland Norddeich Juni Bewegungstraining EM Praxis Stall Timm, 22848 Norderstedt Sitzschulung\/Bewegungstraining nach Eckart Meyners auf Wunsch mit Dressur- und Springunterricht 23827 Wensin Schnupperabend Bewegungstraining EM Reitgemeinschaft Zurm\u00fchlen e.V., 25469 Halstenbek (Im zweist\u00fcndigen Abendprogramm wurde an zwei Reitern in Theorie und Praxis veranschaulicht, was Bewegungstraining im Einzelfall bewirken kann. Die positiven Ver\u00e4nderungen bei Pferd und Reiter sind meist vom Boden aus betrachtet genauso spannend, wie f\u00fcr den Reiter das neugewonnene Reitgef\u00fchl.) Dressur- und Springunterricht in Kombination mit Bewegungstraining nach Eckart Meyners April Bewegungstraining EM Theorie und Praxis Reitstall Meier, 21646 Halvesbostel, 2 Tage 2010 November Abendseminar zu Sitzschulung nach Eckart Meyners in 25560 Schenefeld Oktober Bewegungstraining EM \u2028Theorie und Praxis Hof Brahmkamp GbR , Kosel<\/p>\n","protected":false},"author":61,"featured_media":0,"parent":294,"menu_order":0,"comment_status":"closed","ping_status":"closed","template":"","meta":{"ngg_post_thumbnail":0},"acf":[],"_links":{"self":[{"href":"https:\/\/www.bewegungstrainer-em.org\/index.php\/wp-json\/wp\/v2\/pages\/292"}],"collection":[{"href":"https:\/\/www.bewegungstrainer-em.org\/index.php\/wp-json\/wp\/v2\/pages"}],"about":[{"href":"https:\/\/www.bewegungstrainer-em.org\/index.php\/wp-json\/wp\/v2\/types\/page"}],"author":[{"embeddable":true,"href":"https:\/\/www.bewegungstrainer-em.org\/index.php\/wp-json\/wp\/v2\/users\/61"}],"replies":[{"embeddable":true,"href":"https:\/\/www.bewegungstrainer-em.org\/index.php\/wp-json\/wp\/v2\/comments?post=292"}],"version-history":[{"count":204,"href":"https:\/\/www.bewegungstrainer-em.org\/index.php\/wp-json\/wp\/v2\/pages\/292\/revisions"}],"predecessor-version":[{"id":3967,"href":"https:\/\/www.bewegungstrainer-em.org\/index.php\/wp-json\/wp\/v2\/pages\/292\/revisions\/3967"}],"up":[{"embeddable":true,"href":"https:\/\/www.bewegungstrainer-em.org\/index.php\/wp-json\/wp\/v2\/pages\/294"}],"wp:attachment":[{"href":"https:\/\/www.bewegungstrainer-em.org\/index.php\/wp-json\/wp\/v2\/media?parent=292"}],"curies":[{"name":"wp","href":"https:\/\/api.w.org\/{rel}","templated":true}]}}