{"id":3584,"date":"2019-01-29T17:43:43","date_gmt":"2019-01-29T17:43:43","guid":{"rendered":"https:\/\/www.bewegungstrainer-em.org\/?page_id=3584"},"modified":"2025-07-21T06:00:44","modified_gmt":"2025-07-21T06:00:44","slug":"michelle-boes-53773-hennef","status":"publish","type":"page","link":"https:\/\/www.bewegungstrainer-em.org\/index.php\/trainerverzeichnis\/bewegungstrainer-nrw\/michelle-boes-53773-hennef\/","title":{"rendered":"Michelle B\u00f6s, 53773 Hennef"},"content":{"rendered":"<p><a href=\"https:\/\/www.bewegungstrainer-em.org\/wp-content\/uploads\/2019\/01\/Portrait_Michelle_Boes.jpg\"><img decoding=\"async\" loading=\"lazy\" class=\"alignnone size-medium wp-image-3590\" src=\"https:\/\/www.bewegungstrainer-em.org\/wp-content\/uploads\/2019\/01\/Portrait_Michelle_Boes-243x300.jpg\" alt=\"\" width=\"243\" height=\"300\" srcset=\"https:\/\/www.bewegungstrainer-em.org\/wp-content\/uploads\/2019\/01\/Portrait_Michelle_Boes-243x300.jpg 243w, https:\/\/www.bewegungstrainer-em.org\/wp-content\/uploads\/2019\/01\/Portrait_Michelle_Boes-520x642.jpg 520w, https:\/\/www.bewegungstrainer-em.org\/wp-content\/uploads\/2019\/01\/Portrait_Michelle_Boes.jpg 545w\" sizes=\"(max-width: 243px) 100vw, 243px\" \/><\/a><\/p>\n<p>Obwohl ich viel mit Gangpferden arbeite, biete ich das Bewegungstraining selbstverst\u00e4ndlich f\u00fcr alle Pferderassen und Reitweisen an! Denn nicht nur ein Gangpferd freut sich \u00fcber einen losgelassenen, mitschwingenden Reiter \ud83d\ude09<\/p>\n<p><strong>Kontakt:<\/strong><br \/>\n<strong>Michelle B\u00f6s<\/strong> <strong>&lt;&#8212;-<\/strong><br \/>\nPleistalstra\u00dfe 27<br \/>\n53773 Hennef<br \/>\nMobil 0177 &#8211; 835 61 81<br \/>\n<a href=\"mailto:michelle.boes@mail.de\"><span class=\"color_11 wixui-rich-text__text\">michelle.boes@mail.de<\/span><\/a><br \/>\n<a href=\"www.michelleboes-islandpferdetraining.com\" target=\"_blank\" rel=\"noopener\">www.michelleboes-islandpferdetraining.com<\/a><\/p>\n<p><strong>Werdegang<\/strong><\/p>\n<table style=\"height: 60px;\" width=\"300\">\n<tbody>\n<tr>\n<td>&nbsp;<\/td>\n<td>Goldenes Reitabzeichen IPZV<\/td>\n<\/tr>\n<tr>\n<td>&nbsp;<\/td>\n<td>Pferdewirtin Spezialreitweisen Gangreiten<\/td>\n<\/tr>\n<tr>\n<td>&nbsp;<\/td>\n<td>IPZV Trainer C<\/td>\n<\/tr>\n<tr>\n<td>&nbsp;<\/td>\n<td>Seit Juli 2018 selbstst\u00e4ndig als Reitlehrer und Bereiter t\u00e4tig<\/td>\n<\/tr>\n<tr>\n<td>&nbsp;<\/td>\n<td>Bewegungstrainer EM<\/td>\n<\/tr>\n<\/tbody>\n<\/table>\n<p><strong>Schulungsort:<\/strong><br \/>\nEin- oder Zweitageskurse ab 4 Teilnehmern bei Ihnen vor Ort,<br \/>\nEinzelstunden ebenfalls bei Ihnen vor Ort,<br \/>\nabh\u00e4ngig von der Entfernung<\/p>\nngg_shortcode_0_placeholder\n","protected":false},"excerpt":{"rendered":"<p>Obwohl ich viel mit Gangpferden arbeite, biete ich das Bewegungstraining selbstverst\u00e4ndlich f\u00fcr alle Pferderassen und Reitweisen an! Denn nicht nur ein Gangpferd freut sich \u00fcber einen losgelassenen, mitschwingenden Reiter \ud83d\ude09 Kontakt: Michelle B\u00f6s &lt;&#8212;- Pleistalstra\u00dfe 27 53773 Hennef Mobil 0177 &#8211; 835 61 81 michelle.boes@mail.de www.michelleboes-islandpferdetraining.com Werdegang &nbsp; Goldenes Reitabzeichen IPZV &nbsp; Pferdewirtin Spezialreitweisen Gangreiten &nbsp; IPZV Trainer C &nbsp; Seit Juli 2018 selbstst\u00e4ndig als Reitlehrer und Bereiter t\u00e4tig &nbsp; Bewegungstrainer EM Schulungsort: Ein- oder Zweitageskurse ab 4 Teilnehmern bei Ihnen vor Ort, Einzelstunden ebenfalls bei Ihnen vor Ort, abh\u00e4ngig von der Entfernung<\/p>\n","protected":false},"author":61,"featured_media":0,"parent":395,"menu_order":17,"comment_status":"closed","ping_status":"closed","template":"","meta":{"ngg_post_thumbnail":0},"acf":[],"_links":{"self":[{"href":"https:\/\/www.bewegungstrainer-em.org\/index.php\/wp-json\/wp\/v2\/pages\/3584"}],"collection":[{"href":"https:\/\/www.bewegungstrainer-em.org\/index.php\/wp-json\/wp\/v2\/pages"}],"about":[{"href":"https:\/\/www.bewegungstrainer-em.org\/index.php\/wp-json\/wp\/v2\/types\/page"}],"author":[{"embeddable":true,"href":"https:\/\/www.bewegungstrainer-em.org\/index.php\/wp-json\/wp\/v2\/users\/61"}],"replies":[{"embeddable":true,"href":"https:\/\/www.bewegungstrainer-em.org\/index.php\/wp-json\/wp\/v2\/comments?post=3584"}],"version-history":[{"count":12,"href":"https:\/\/www.bewegungstrainer-em.org\/index.php\/wp-json\/wp\/v2\/pages\/3584\/revisions"}],"predecessor-version":[{"id":4448,"href":"https:\/\/www.bewegungstrainer-em.org\/index.php\/wp-json\/wp\/v2\/pages\/3584\/revisions\/4448"}],"up":[{"embeddable":true,"href":"https:\/\/www.bewegungstrainer-em.org\/index.php\/wp-json\/wp\/v2\/pages\/395"}],"wp:attachment":[{"href":"https:\/\/www.bewegungstrainer-em.org\/index.php\/wp-json\/wp\/v2\/media?parent=3584"}],"curies":[{"name":"wp","href":"https:\/\/api.w.org\/{rel}","templated":true}]}}