{"id":383,"date":"2010-05-04T18:05:20","date_gmt":"2010-05-04T18:05:20","guid":{"rendered":"http:\/\/www.bewegungstrainer-em.org\/wordpress2\/?page_id=383"},"modified":"2020-08-02T14:59:32","modified_gmt":"2020-08-02T14:59:32","slug":"dirk-bolten-40885-ratingen","status":"publish","type":"page","link":"https:\/\/www.bewegungstrainer-em.org\/index.php\/trainerverzeichnis\/bewegungstrainer-nrw\/dirk-bolten-40885-ratingen\/","title":{"rendered":"Dirk Bolten, 40885 Ratingen"},"content":{"rendered":"<table style=\"height: 300px;\" width=\"527\">\n<tbody>\n<tr>\n<td valign=\"top\" width=\"350\"><a href=\"https:\/\/www.bewegungstrainer-em.org\/wp-content\/uploads\/2010\/03\/dirk-bolten.jpg\"><img decoding=\"async\" loading=\"lazy\" class=\"alignnone size-full wp-image-249\" title=\"dirk-bolten\" src=\"https:\/\/www.bewegungstrainer-em.org\/wp-content\/uploads\/2010\/03\/dirk-bolten.jpg\" alt=\"Portrait Dirk Bolten\" width=\"323\" height=\"364\" srcset=\"https:\/\/www.bewegungstrainer-em.org\/wp-content\/uploads\/2010\/03\/dirk-bolten.jpg 500w, https:\/\/www.bewegungstrainer-em.org\/wp-content\/uploads\/2010\/03\/dirk-bolten-265x300.jpg 265w, https:\/\/www.bewegungstrainer-em.org\/wp-content\/uploads\/2010\/03\/dirk-bolten-132x150.jpg 132w, https:\/\/www.bewegungstrainer-em.org\/wp-content\/uploads\/2010\/03\/dirk-bolten-400x451.jpg 400w\" sizes=\"(max-width: 323px) 100vw, 323px\" \/><\/a><\/td>\n<td><a href=\"https:\/\/www.bewegungstrainer-em.org\/wp-content\/uploads\/2010\/05\/BOL-RZ-Flyer-Bewtraining_web.pdf\"><img decoding=\"async\" loading=\"lazy\" class=\"alignnone wp-image-3181\" title=\"flyervorschau_bolten\" src=\"https:\/\/www.bewegungstrainer-em.org\/wp-content\/uploads\/2010\/05\/flyervorschau_bolten.jpg\" alt=\"\" width=\"173\" height=\"362\" srcset=\"https:\/\/www.bewegungstrainer-em.org\/wp-content\/uploads\/2010\/05\/flyervorschau_bolten.jpg 196w, https:\/\/www.bewegungstrainer-em.org\/wp-content\/uploads\/2010\/05\/flyervorschau_bolten-143x300.jpg 143w, https:\/\/www.bewegungstrainer-em.org\/wp-content\/uploads\/2010\/05\/flyervorschau_bolten-71x150.jpg 71w\" sizes=\"(max-width: 173px) 100vw, 173px\" \/><\/a><\/td>\n<\/tr>\n<\/tbody>\n<\/table>\n<p><iframe loading=\"lazy\" src=\"https:\/\/www.facebook.com\/plugins\/video.php?href=https%3A%2F%2Fwww.facebook.com%2Fclipmyhorse%2Fvideos%2F850506912071351%2F&#038;show_text=0&#038;width=560\" width=\"560\" height=\"315\" style=\"border:none;overflow:hidden\" scrolling=\"no\" frameborder=\"0\" allowTransparency=\"true\" allowFullScreen=\"true\"><\/iframe><\/a><\/p>\n<p><iframe loading=\"lazy\" src=\"https:\/\/www.facebook.com\/plugins\/video.php?href=https%3A%2F%2Fwww.facebook.com%2Fclipmyhorse%2Fvideos%2F1486427811514329%2F&#038;show_text=0&#038;width=560\" width=\"560\" height=\"315\" style=\"border:none;overflow:hidden\" scrolling=\"no\" frameborder=\"0\" allowTransparency=\"true\" allowFullScreen=\"true\"><\/iframe><\/p>\n<p><iframe loading=\"lazy\" src=\"https:\/\/www.facebook.com\/plugins\/video.php?href=https%3A%2F%2Fwww.facebook.com%2Fclipmyhorse%2Fvideos%2F1671526942983529%2F&#038;show_text=0&#038;width=560\" width=\"560\" height=\"315\" style=\"border:none;overflow:hidden\" scrolling=\"no\" frameborder=\"0\" allowTransparency=\"true\" allowFullScreen=\"true\"><\/iframe><br \/>\n&#8222;Grunds\u00e4tzlich bewegt die gro\u00dfe Masse die kleine Masse: Daher muss der Reiter beweglich sein. Je mobiler er ist, desto besser kann er sich dem Pferd anpassen und darauf einwirken.&#8220;<\/p>\n<p><strong>Kontakt:<\/strong><br \/>\n<strong>Dirk Bolten<\/strong><br \/>\nGut H\u00fclchrath<br \/>\nLintorfer Weg 16<br \/>\n40885 Ratingen<br \/>\nMobil 0173\/27 27 537<br \/>\n<a href=\"mailto:info@gut-huelchrath.de\">info@gut-huelchrath.de<\/a><br \/>\n<a href=\"http:\/\/www.gut-huelchrath.de\" target=\"_blank\">www.gut-huelchrath.de<\/a><br \/>\n<a href=\"http:\/\/www.bewegungstraining-em.de\" target=\"_blank\">www.bewegungstraining-em.de<\/a><\/p>\n<p><strong>Werdegang<\/strong><\/p>\n<table style=\"height: 152px;\" width=\"525\">\n<tbody>\n<tr>\n<td>1979:<\/td>\n<td>Abschluss der Lehre als Pferdewirt Schwerpunkt Reiten bei Reinhard Meier<\/td>\n<\/tr>\n<tr>\n<td>1980 -1981:<\/td>\n<td>Weiterbildung am Landgest\u00fct Warendorf<\/td>\n<\/tr>\n<tr>\n<td>Ab 1981:<\/td>\n<td>Bereiter im Dressurstall des Reitbetriebes Lammers in Olfen<\/td>\n<\/tr>\n<tr>\n<td>1983:<\/td>\n<td>Abschluss zum Pferdewirtschaftsmeister Schwerpunkt Reiten<\/td>\n<\/tr>\n<tr>\n<td>Seit 1985:<\/td>\n<td>Leitung und Verwaltung von Gut H\u00fclchrath sowie Leitung des Schulunterrichts<\/td>\n<\/tr>\n<tr>\n<td>2008:<\/td>\n<td>Abschluss und Qualifikation zum Bewegungstrainer EM<\/td>\n<\/tr>\n<tr>\n<td>2012:<\/td>\n<td>Ausbildung und Qualifikation zum Life Kinetik Trainer<\/td>\n<\/tr>\n<\/tbody>\n<\/table>\n<p><strong>Schulungsort:<\/strong><br \/>\nAuf der eigenen Anlage; mobil: ab 4 Teilnehmern.<\/p>\n<p><strong>Referenzen<\/strong><\/p>\n<p><strong>2012 &#8211; 2019<\/strong><br \/>\nunz\u00e4hlige Lehrg\u00e4nge rund um NRW, meist mit 6-8 Teilnehmern am Wochenende sowie auf der eigenen Anlage<\/p>\n<p><strong>2012<\/strong><\/p>\n<p>W\u00f6chentlich Unterricht im Dressurstall Claudia Haller, Kaarst<br \/>\n(Bewegungstraining mit Ponyderby-Siegerin 2012 Saskia Schneppenheim)<\/p>\n<p><strong>April<\/strong><br \/>\nBewegungstraining Theorie + Praxis, Schwerpunkt Springen<br \/>\nReitstall Borkum<\/p>\n<p><strong>M\u00e4rz<\/strong><br \/>\nDuisburg-Wittlaerer Reitverein<\/p>\n<p><strong>Februar<\/strong><br \/>\nBewegungstraining Theorie + Praxis,<br \/>\nReitstall Borkum<\/p>\n<p><strong>Januar <\/strong><\/p>\n<p><strong> an 3 Wochenenden:<\/strong><br \/>\nWintertraining: Bewegungstraining und klass. Dressur, mit Heiko M\u00fcnzmaier<br \/>\nGut H\u00fclchrath, Ratingen<\/p>\n<p><strong><em>2011<\/em><\/strong><\/p>\n<p><em>Dezember<\/em><\/p>\n<p>Kreisverband Neuss, Bewegungstraining Theorie + Praxis<\/p>\n<p>Vortr\u00e4ge mit praktischem Teil im Pferdesporthaus Loesdau GmbH &amp; Co. KG, M\u00fclheim an der Ruhr<\/p>\n<p><em>November<\/em><\/p>\n<p>Bewegungstraining Theorie + Praxis<br \/>\nim Reitstall Soddemann, Coesfeld<\/p>\n<p>Bewegungstraining Praxis,<br \/>\nDressurstall Christian Reisch, Ness<\/p>\n<p><em>Oktober<\/em><br \/>\nBewegungstraining Praxis,<br \/>\nRheine, 1 Tag mit 9 Teilnehmern<\/p>\n<p><em>Oktober<\/em><br \/>\nBewegungstraining Praxis,<br \/>\nDressurstall Christian Reisch, 1 Nachmittag mit 5 Teilnehmern<\/p>\n<p><em>Sept\/Okt<\/em><br \/>\nBewegungstraining Theorie + Praxis<br \/>\nHaan, ganzes Wochenende mit 14 Teilnehmern<\/p>\n<p><em>Juni<\/em><br \/>\nBewegungstraining Praxis, Seminar \u00fcber 4 Wochen mittwochs<br \/>\nReitstall Haus Alaquint, Mettmann<\/p>\n<p><em>Juni<\/em><br \/>\nBewegungstraining Theorie + Praxis<br \/>\nReitstall Kiefer, Krefeld, 1 Wochenende mit 14 Teilnehmern<\/p>\n<p><em>Mai<\/em><br \/>\nBewegungstraining Praxis<br \/>\nPostenhof, Duisburg 1 Tag mit 8 Teilnehmern<\/p>\n<p><em>April<\/em><br \/>\nBewegungstraining Praxis<br \/>\nReitschule Krefeld, Dr\u00fcgstra\u00dfe 85, 1 Tag mit 11 Teilnehmern<\/p>\n<p><em>14. &#8211; 16. Januar 2011<\/em><br \/>\nReitstall Borkum<br \/>\nBewegungstraining Theorie und Praxis, 3 Tage mit 12 Teilnehmern<\/p>\n<p><em>28. &#8211; 30. Januar 2011 <\/em><br \/>\nKreisverband Neuss, Ausbildungsstall Hartmut und Martina Schmidt,<br \/>\nDegenhof, Fragenh\u00fctte, Korschenbroich<br \/>\nKombination: Lehrgang Bewegungstraining Theorie und Praxis mit Dressurlehrgang bei Hartmut Schmidt<br \/>\n<a href=\"http:\/\/www.dressurpferde-schmidt.de\/\">Homepage Ausbildungsstall Hartmut Schmidt<\/a><br \/>\n<a href=\"http:\/\/www.pferdesport-neuss.de\/\">Homepage Kreis-Pferdesportverband Neuss<\/a><\/p>\n<p><strong><em>2010<\/em><\/strong><\/p>\n<p><em>Januar<\/em> Dressurstall Thomas Schmitz, Velbert, 2 Tage, 10 Teilnehmer und 4 Lehrlinge<br \/>\n<em>Januar<\/em> K\u00f6ln, Springstall, 8 Teilnehmer<br \/>\n<em>Januar<\/em> Verkaufs- und Ausbildungsstall Haus Alaquint, Mettmann 16 Teilnehmer an 2 Tagen<br \/>\n<em>Februar <\/em><a href=\"http:\/\/reitstall-hanten.de\/index.php?option=com_content&amp;view=article&amp;id=26:21-februar-2010-sitztraining-mit-dirk-bolten&amp;catid=1:rueckblick&amp;Itemid=11\" target=\"_blank\" rel=\"noopener noreferrer\">Pensionssstall Hanten, Erkrath, 1 Tag mit 8 Teilnehmern &#8211; mit FOTOS <\/a><br \/>\n<em>April <\/em>Dortmunder RV, Folgetermin, 1 Tag mit 6 Teilnehmern<br \/>\n<em>September <\/em>Dressurstall Christian Reisch, Neuss<br \/>\nFolgeseminar Bewegungstraining Praxis, 1 Tag, 6 Teilnehmer<br \/>\n<em>Oktober<\/em> Pannenbecker Hof, Steffi Wittmann, Kaarst<br \/>\nBewegungstraining Theorie + Praxis, 2 Tage, je 8 Teilnehmer<br \/>\n<em>Oktober<\/em> Ausbildungsstall Frank &#8230; , Raesfeld, 1 Tag, 4 Teilnehmer<br \/>\n<em>Oktober<\/em> Reitstall Kiefer, M\u00fclheim, Lehrgang Bewegungstraining Theorie und Praxis<br \/>\n<em>Oktober <\/em>Reitstall Pannenbecker Hof, Kaarst, Folgeseminar Bewegungstraining<\/p>\n<p><strong><em>2009<\/em><\/strong><br \/>\n<em>November<\/em> Dortmunder RV, 1 Tag mit 8 Teilnehmern<br \/>\n<em>M\u00e4rz<\/em> Training der \u00f6sterreichischen Vielseitigkeitsmannschaft in Linz 2009 \u00fcber 3 Tage<\/p>\n<p>Diverse Lehrg\u00e4nge in 2009, Einbindung des Bewegungstrainings in die t\u00e4gliche Arbeit und den Schulunterricht,<br \/>\nPrivatunterricht mit externen Teilnehmern auf eigener Anlage, 3-4 Lehrg\u00e4nge im Dressurstall Christian Reisch, Neuss (Bewegungstrainerkollege)<\/p>\n<p><strong>Bildergalerie<\/strong><br \/>\nngg_shortcode_0_placeholder<\/p>\n<p><object width=\"480\" height=\"385\" classid=\"clsid:d27cdb6e-ae6d-11cf-96b8-444553540000\" codebase=\"http:\/\/download.macromedia.com\/pub\/shockwave\/cabs\/flash\/swflash.cab#version=6,0,40,0\"><param name=\"allowFullScreen\" value=\"true\" \/><param name=\"allowscriptaccess\" value=\"always\" \/><param name=\"src\" value=\"http:\/\/www.youtube.com\/v\/zXvJ7YrBanI&amp;hl=de_DE&amp;fs=1&amp;color1=0x234900&amp;color2=0x4e9e00\" \/><param name=\"allowfullscreen\" value=\"true\" \/><embed width=\"480\" height=\"385\" type=\"application\/x-shockwave-flash\" src=\"http:\/\/www.youtube.com\/v\/zXvJ7YrBanI&amp;hl=de_DE&amp;fs=1&amp;color1=0x234900&amp;color2=0x4e9e00\" allowfullscreen=\"allowfullscreen\" allowscriptaccess=\"always\" allowfullscreen=\"allowfullscreen\" \/><\/object><\/p>\n","protected":false},"excerpt":{"rendered":"<p>&#8222;Grunds\u00e4tzlich bewegt die gro\u00dfe Masse die kleine Masse: Daher muss der Reiter beweglich sein. Je mobiler er ist, desto besser kann er sich dem Pferd anpassen und darauf einwirken.&#8220; Kontakt: Dirk Bolten Gut H\u00fclchrath Lintorfer Weg 16 40885 Ratingen Mobil 0173\/27 27 537 info@gut-huelchrath.de www.gut-huelchrath.de www.bewegungstraining-em.de Werdegang 1979: Abschluss der Lehre als Pferdewirt Schwerpunkt Reiten bei Reinhard Meier 1980 -1981: Weiterbildung am Landgest\u00fct Warendorf Ab 1981: Bereiter im Dressurstall des Reitbetriebes Lammers in Olfen 1983: Abschluss zum Pferdewirtschaftsmeister Schwerpunkt Reiten Seit 1985: Leitung und Verwaltung von Gut H\u00fclchrath sowie Leitung des Schulunterrichts 2008: Abschluss und Qualifikation zum Bewegungstrainer EM 2012: Ausbildung und Qualifikation zum Life Kinetik Trainer Schulungsort: Auf der eigenen Anlage; mobil: ab 4 Teilnehmern. Referenzen 2012 &#8211; 2019 unz\u00e4hlige Lehrg\u00e4nge rund um NRW, meist mit 6-8 Teilnehmern am Wochenende sowie auf der eigenen Anlage 2012 W\u00f6chentlich Unterricht im Dressurstall Claudia Haller, Kaarst (Bewegungstraining mit Ponyderby-Siegerin 2012 Saskia Schneppenheim) April Bewegungstraining Theorie + Praxis, Schwerpunkt Springen Reitstall Borkum M\u00e4rz Duisburg-Wittlaerer Reitverein Februar Bewegungstraining Theorie + Praxis, Reitstall Borkum Januar an 3 Wochenenden: Wintertraining: Bewegungstraining und klass. Dressur, mit Heiko M\u00fcnzmaier Gut H\u00fclchrath, Ratingen 2011 Dezember Kreisverband Neuss, Bewegungstraining Theorie + Praxis Vortr\u00e4ge mit praktischem Teil im Pferdesporthaus Loesdau GmbH &amp; Co. KG, M\u00fclheim an der Ruhr November Bewegungstraining Theorie + Praxis im Reitstall Soddemann, Coesfeld Bewegungstraining Praxis, Dressurstall Christian Reisch, Ness Oktober Bewegungstraining Praxis, Rheine, 1 Tag mit 9 Teilnehmern Oktober Bewegungstraining Praxis, Dressurstall Christian Reisch, 1 Nachmittag mit 5 Teilnehmern Sept\/Okt Bewegungstraining Theorie + Praxis Haan, ganzes Wochenende mit 14 Teilnehmern Juni Bewegungstraining Praxis, Seminar \u00fcber 4 Wochen mittwochs Reitstall Haus Alaquint, Mettmann Juni Bewegungstraining Theorie + Praxis Reitstall Kiefer, Krefeld, 1 Wochenende mit 14 Teilnehmern Mai Bewegungstraining Praxis Postenhof, Duisburg 1 Tag mit 8 Teilnehmern April Bewegungstraining Praxis Reitschule Krefeld, Dr\u00fcgstra\u00dfe 85, 1 Tag mit 11 Teilnehmern 14. &#8211; 16. Januar 2011 Reitstall Borkum Bewegungstraining Theorie und Praxis, 3 Tage mit 12 Teilnehmern 28. &#8211; 30. Januar 2011 Kreisverband Neuss, Ausbildungsstall Hartmut und Martina Schmidt, Degenhof, Fragenh\u00fctte, Korschenbroich Kombination: Lehrgang Bewegungstraining Theorie und Praxis mit Dressurlehrgang bei Hartmut Schmidt Homepage Ausbildungsstall Hartmut Schmidt Homepage Kreis-Pferdesportverband Neuss 2010 Januar Dressurstall Thomas Schmitz, Velbert, 2 Tage, 10 Teilnehmer und 4 Lehrlinge Januar K\u00f6ln, Springstall, 8 Teilnehmer Januar Verkaufs- und Ausbildungsstall Haus Alaquint, Mettmann 16 Teilnehmer an 2 Tagen Februar Pensionssstall Hanten, Erkrath, 1 Tag mit 8 Teilnehmern &#8211; mit FOTOS April Dortmunder RV, Folgetermin, 1 Tag mit 6 Teilnehmern September Dressurstall Christian Reisch, Neuss Folgeseminar Bewegungstraining Praxis, 1 Tag, 6 Teilnehmer Oktober Pannenbecker Hof, Steffi Wittmann, Kaarst Bewegungstraining Theorie + Praxis, 2 Tage, je 8 Teilnehmer Oktober Ausbildungsstall Frank &#8230; , Raesfeld, 1 Tag, 4 Teilnehmer Oktober Reitstall Kiefer, M\u00fclheim, Lehrgang Bewegungstraining Theorie und Praxis Oktober Reitstall Pannenbecker Hof, Kaarst, Folgeseminar Bewegungstraining 2009 November Dortmunder RV, 1 Tag mit 8 Teilnehmern M\u00e4rz Training der \u00f6sterreichischen Vielseitigkeitsmannschaft in Linz 2009 \u00fcber 3 Tage Diverse Lehrg\u00e4nge in 2009, Einbindung des Bewegungstrainings in die t\u00e4gliche Arbeit und den Schulunterricht, Privatunterricht mit externen Teilnehmern auf eigener Anlage, 3-4 Lehrg\u00e4nge im Dressurstall Christian Reisch, Neuss (Bewegungstrainerkollege) Bildergalerie<\/p>\n","protected":false},"author":61,"featured_media":0,"parent":395,"menu_order":10,"comment_status":"closed","ping_status":"closed","template":"","meta":{"ngg_post_thumbnail":0},"acf":[],"_links":{"self":[{"href":"https:\/\/www.bewegungstrainer-em.org\/index.php\/wp-json\/wp\/v2\/pages\/383"}],"collection":[{"href":"https:\/\/www.bewegungstrainer-em.org\/index.php\/wp-json\/wp\/v2\/pages"}],"about":[{"href":"https:\/\/www.bewegungstrainer-em.org\/index.php\/wp-json\/wp\/v2\/types\/page"}],"author":[{"embeddable":true,"href":"https:\/\/www.bewegungstrainer-em.org\/index.php\/wp-json\/wp\/v2\/users\/61"}],"replies":[{"embeddable":true,"href":"https:\/\/www.bewegungstrainer-em.org\/index.php\/wp-json\/wp\/v2\/comments?post=383"}],"version-history":[{"count":101,"href":"https:\/\/www.bewegungstrainer-em.org\/index.php\/wp-json\/wp\/v2\/pages\/383\/revisions"}],"predecessor-version":[{"id":3817,"href":"https:\/\/www.bewegungstrainer-em.org\/index.php\/wp-json\/wp\/v2\/pages\/383\/revisions\/3817"}],"up":[{"embeddable":true,"href":"https:\/\/www.bewegungstrainer-em.org\/index.php\/wp-json\/wp\/v2\/pages\/395"}],"wp:attachment":[{"href":"https:\/\/www.bewegungstrainer-em.org\/index.php\/wp-json\/wp\/v2\/media?parent=383"}],"curies":[{"name":"wp","href":"https:\/\/api.w.org\/{rel}","templated":true}]}}