{"id":387,"date":"2010-05-04T18:10:52","date_gmt":"2010-05-04T18:10:52","guid":{"rendered":"http:\/\/www.bewegungstrainer-em.org\/wordpress2\/?page_id=387"},"modified":"2021-07-07T06:15:05","modified_gmt":"2021-07-07T06:15:05","slug":"eva-schulte-lippern-46485-wesel","status":"publish","type":"page","link":"https:\/\/www.bewegungstrainer-em.org\/index.php\/trainerverzeichnis\/bewegungstrainer-nrw\/eva-schulte-lippern-46485-wesel\/","title":{"rendered":"Eva Schulte-Lippern, 46485 Wesel"},"content":{"rendered":"<p><a href=\"https:\/\/www.bewegungstrainer-em.org\/wp-content\/uploads\/2010\/05\/eva-schultelippern-portrait0146.jpg\"><img decoding=\"async\" loading=\"lazy\" class=\"alignnone size-full wp-image-850\" title=\"eva schultelippern portrait0146\" src=\"https:\/\/www.bewegungstrainer-em.org\/wp-content\/uploads\/2010\/05\/eva-schultelippern-portrait0146.jpg\" alt=\"Portrait Eva Schulte-Lippern\" width=\"308\" height=\"245\" srcset=\"https:\/\/www.bewegungstrainer-em.org\/wp-content\/uploads\/2010\/05\/eva-schultelippern-portrait0146.jpg 450w, https:\/\/www.bewegungstrainer-em.org\/wp-content\/uploads\/2010\/05\/eva-schultelippern-portrait0146-300x239.jpg 300w, https:\/\/www.bewegungstrainer-em.org\/wp-content\/uploads\/2010\/05\/eva-schultelippern-portrait0146-150x119.jpg 150w, https:\/\/www.bewegungstrainer-em.org\/wp-content\/uploads\/2010\/05\/eva-schultelippern-portrait0146-400x319.jpg 400w\" sizes=\"(max-width: 308px) 100vw, 308px\" \/><\/a><\/p>\n<p>&#8222;Wenn Du das Vertrauen eines Pferdes gewonnen hast, hast du einen Freund f\u00fcrs Leben.<br \/>\nDas korrekte Ausbilden, ohne Pferde dabei zu \u00fcberfordern, hat f\u00fcr mich einen sehr hohen Stellenwert. Zudem sollte man Pferde ihrer Veranlagung nach f\u00f6rdern. Durch ein artgerechtes Umgehen mit Pferden wird das Vertrauen, was so wichtig ist, zwischen Mensch und Tier aufgebaut.&#8220;<\/p>\n<p><strong>Kontakt:<\/strong><br \/>\n<strong>Eva Schulte-Lippern<\/strong><br \/>\nKirchturmstra\u00dfe 92<br \/>\n46485 Wesel<br \/>\nTel.: 0281\/20 68 07 55<br \/>\nTel.: 0163\/173 39 64<br \/>\n<a href=\"mailto:evaschultelippern92@gmail.com\">evaschultelippern92@gmail.com<\/a><\/p>\n<p><strong>Werdegang<\/strong><\/p>\n<table style=\"height: 152px;\" width=\"525\">\n<tbody>\n<tr>\n<td>1977 bis 1980<\/td>\n<td>Ausbildung zum Bereiter 1. Hamborner Reiterverein Ausbilder Arnd Wiebus<\/td>\n<\/tr>\n<tr>\n<td>1981 bis 1983<\/td>\n<td>Bereiter im Privatstall Ziegenhagen in dieser Zeit Fortbildung bei Dr. Rainer Klimke<\/td>\n<\/tr>\n<tr>\n<td>1983<\/td>\n<td>Meisterpr\u00fcfung<\/td>\n<\/tr>\n<tr>\n<td>1983 bis 1991<\/td>\n<td>Selbst\u00e4ndiger Pferdewirtschaftsmeister auf dem Gutshof &#8222;Gl\u00fcck auf&#8220; in H\u00fcnxe<\/td>\n<\/tr>\n<tr>\n<td>1991<\/td>\n<td>\u00dcbernahme des elterlichen Hofes und Ausbau zum Reit- und Ausbildungsstall FN<\/td>\n<\/tr>\n<tr>\n<td>1991 bis 2010<\/td>\n<td>Trainingseinheiten bei Jean Bemelmans und bis heute bei Johann Hinnemann<br \/>\nAusbildung und Dressurpr\u00fcfung bis Klasse S<\/td>\n<\/tr>\n<tr>\n<td>2008<\/td>\n<td>Pr\u00fcfung\/ausbildung zum Bewegungstrainer (EM)<\/td>\n<\/tr>\n<\/tbody>\n<\/table>\n<p><strong>Schulungsort\/Mindestteilnehmerzahl<\/strong><\/p>\n<ul>\n<li> Mit jeweils 8 Reitern auf eigener Anlage, an 2 Tagen<\/li>\n<li> Mobil auf Anfrage, 4 &#8211; 8 Reiter<\/li>\n<\/ul>\n<p><strong>Referenzen<\/strong><br \/>\n2008<\/p>\n<ul>\n<li>Oktober: Lehrgang mit 4 Teilnehmern<\/li>\n<li>November: Lehrgang mit 5 Teilnehmern<\/li>\n<li>Dezember: Lehrgang mit 3 Teilnehmern<\/li>\n<\/ul>\n<p>2009<\/p>\n<ul>\n<li>Alle 6 Wochen auf eigener Anlage Lehrg\u00e4nge mit 6 Teilnehmern<\/li>\n<\/ul>\nngg_shortcode_0_placeholder\n","protected":false},"excerpt":{"rendered":"<p>&#8222;Wenn Du das Vertrauen eines Pferdes gewonnen hast, hast du einen Freund f\u00fcrs Leben. Das korrekte Ausbilden, ohne Pferde dabei zu \u00fcberfordern, hat f\u00fcr mich einen sehr hohen Stellenwert. Zudem sollte man Pferde ihrer Veranlagung nach f\u00f6rdern. Durch ein artgerechtes Umgehen mit Pferden wird das Vertrauen, was so wichtig ist, zwischen Mensch und Tier aufgebaut.&#8220; Kontakt: Eva Schulte-Lippern Kirchturmstra\u00dfe 92 46485 Wesel Tel.: 0281\/20 68 07 55 Tel.: 0163\/173 39 64 evaschultelippern92@gmail.com Werdegang 1977 bis 1980 Ausbildung zum Bereiter 1. Hamborner Reiterverein Ausbilder Arnd Wiebus 1981 bis 1983 Bereiter im Privatstall Ziegenhagen in dieser Zeit Fortbildung bei Dr. Rainer Klimke 1983 Meisterpr\u00fcfung 1983 bis 1991 Selbst\u00e4ndiger Pferdewirtschaftsmeister auf dem Gutshof &#8222;Gl\u00fcck auf&#8220; in H\u00fcnxe 1991 \u00dcbernahme des elterlichen Hofes und Ausbau zum Reit- und Ausbildungsstall FN 1991 bis 2010 Trainingseinheiten bei Jean Bemelmans und bis heute bei Johann Hinnemann Ausbildung und Dressurpr\u00fcfung bis Klasse S 2008 Pr\u00fcfung\/ausbildung zum Bewegungstrainer (EM) Schulungsort\/Mindestteilnehmerzahl Mit jeweils 8 Reitern auf eigener Anlage, an 2 Tagen Mobil auf Anfrage, 4 &#8211; 8 Reiter Referenzen 2008 Oktober: Lehrgang mit 4 Teilnehmern November: Lehrgang mit 5 Teilnehmern Dezember: Lehrgang mit 3 Teilnehmern 2009 Alle 6 Wochen auf eigener Anlage Lehrg\u00e4nge mit 6 Teilnehmern<\/p>\n","protected":false},"author":61,"featured_media":0,"parent":395,"menu_order":60,"comment_status":"closed","ping_status":"closed","template":"","meta":{"ngg_post_thumbnail":0},"acf":[],"_links":{"self":[{"href":"https:\/\/www.bewegungstrainer-em.org\/index.php\/wp-json\/wp\/v2\/pages\/387"}],"collection":[{"href":"https:\/\/www.bewegungstrainer-em.org\/index.php\/wp-json\/wp\/v2\/pages"}],"about":[{"href":"https:\/\/www.bewegungstrainer-em.org\/index.php\/wp-json\/wp\/v2\/types\/page"}],"author":[{"embeddable":true,"href":"https:\/\/www.bewegungstrainer-em.org\/index.php\/wp-json\/wp\/v2\/users\/61"}],"replies":[{"embeddable":true,"href":"https:\/\/www.bewegungstrainer-em.org\/index.php\/wp-json\/wp\/v2\/comments?post=387"}],"version-history":[{"count":32,"href":"https:\/\/www.bewegungstrainer-em.org\/index.php\/wp-json\/wp\/v2\/pages\/387\/revisions"}],"predecessor-version":[{"id":3921,"href":"https:\/\/www.bewegungstrainer-em.org\/index.php\/wp-json\/wp\/v2\/pages\/387\/revisions\/3921"}],"up":[{"embeddable":true,"href":"https:\/\/www.bewegungstrainer-em.org\/index.php\/wp-json\/wp\/v2\/pages\/395"}],"wp:attachment":[{"href":"https:\/\/www.bewegungstrainer-em.org\/index.php\/wp-json\/wp\/v2\/media?parent=387"}],"curies":[{"name":"wp","href":"https:\/\/api.w.org\/{rel}","templated":true}]}}