{"id":441,"date":"2010-05-10T06:42:37","date_gmt":"2010-05-10T06:42:37","guid":{"rendered":"http:\/\/www.bewegungstrainer-em.org\/wordpress2\/?page_id=441"},"modified":"2024-12-04T13:39:15","modified_gmt":"2024-12-04T13:39:15","slug":"gabriele-nimsky-magnussen","status":"publish","type":"page","link":"https:\/\/www.bewegungstrainer-em.org\/index.php\/trainerverzeichnis\/bewegungstrainer-baden-wurttemberg\/gabriele-nimsky-magnussen\/","title":{"rendered":"Gabriele Nimsky-Magnussen, 68199 Mannheim"},"content":{"rendered":"<p><img decoding=\"async\" loading=\"lazy\" src=\"https:\/\/www.bewegungstrainer-em.org\/wp-content\/uploads\/2010\/05\/gabriele-nimsky-magnussen-portrait1-206x300.jpg\" alt=\"Gabriele Nimsky-Magnussen Portrait\" width=\"206\" height=\"300\"><\/p>\n<p><iframe loading=\"lazy\" width=\"1280\" height=\"725\" src=\"https:\/\/www.youtube.com\/embed\/X01S6we8gAI\" frameborder=\"0\" allow=\"accelerometer; autoplay; encrypted-media; gyroscope; picture-in-picture\" allowfullscreen=\"\"><\/iframe><\/p>\n<p><strong>Kontaktdaten<\/strong><br>\nGabriele Nimsky-Magnussen<br>\nRheingoldstrasse 219<br>\n68199 Mannheim<br>\nMobil: 0170 &#8211; 242 63 42<br>\n<a href=\"mailto:gabriele@nimsky-bewegung.de\">gabriele@nimsky-bewegung.de<\/a><br>\n<a href=\"http:\/\/www.nimsky-bewegung.de\" target=\"_blank\" rel=\"noopener\">www.nimsky-bewegung.de<\/a><\/p>\n<p><strong>Werdegang<\/strong><\/p>\n<table style=\"height: 60px;\" width=\"800\">\n<tbody>\n<tr>\n<td><\/td>\n<td>Diplom Betriebswirtin FH<\/td>\n<\/tr>\n<tr>\n<td><\/td>\n<td>Pferdewirtschaftsmeisterin Zucht und Haltung<\/td>\n<\/tr>\n<tr>\n<td><\/td>\n<td>Pferdewirtschaftsmeisterin Reiten<\/td>\n<\/tr>\n<tr>\n<td><\/td>\n<td>Richterin BA \/ DL \/ SM<\/td>\n<\/tr>\n<tr>\n<td>2008<\/td>\n<td>Pr\u00fcfung zur Bewegungstrainerin (EM)<\/td>\n<\/tr>\n<tr>\n<td>2009-2011<\/td>\n<td>Fachschulleiterin des Pferdezentrums in Ansbach<\/td>\n<\/tr>\n<tr>\n<td>Seit Okt. 2011<\/td>\n<td>Selbst\u00e4ndige Bewegungstrainerin\/Reitlehrerin<\/td>\n<\/tr>\n<tr>\n<td>2011<\/td>\n<td>Ausbildung zur Life Kinetik Trainerin<\/td>\n<\/tr>\n<\/tbody>\n<\/table>\n<p>Referenzen:<br>\n<strong><br>\n2017<\/strong><\/p>\n<p>11. Juni 2017 Reitschule Kirner, Auenhof in Augsburg<\/p>\n<p>15. &#8211; 18. Juni 2017 Reitsberger Hof in Vaterstetten<\/p>\n<p>21. &#8211; 23. Juli 2017 Reitverein Mannheim-Sandhofen<\/p>\n<p>4. &#8211; 6. August 2017 Reitverein Schwabach<\/p>\n<p>23. &#8211; 24. September 2017 Reitverein Burggen<\/p>\n<p><strong>2015<\/strong><\/p>\n<p><em>M\u00e4rz<\/em><br>\nRC Auerbach \/ Oberpfalz<br>\nReitstall Sandra Wei\u00df in Altmannshofen \/ Oberpfalz<br>\nReitverein Mannheim-Sandhofen<br>\nRC Auerbach\/Oberpfalz<\/p>\n<p><em>Februar<\/em><\/p>\n<p>Reitverein Altusried<br>\nReitverein Schwabach\/Mfr<\/p>\n<p><em>Januar<\/em><\/p>\n<p>Reitverein Neuendettelsau<br>\nReitstall Markus Rudolpf in H\u00f6rmanshofen bei Marktoberdorf<\/p>\n<p><strong>2014<\/strong><\/p>\n<p><em>Dezember<\/em><\/p>\n<p>Bad Gr\u00f6nenbach<\/p>\n<p><em>November<\/em><br>\nReitverein Mannheim &#8211; Sandhofen<\/p>\n<p><em>Oktober<\/em><br>\nAltmannshof ( bei Amberg, Opf )<br>\nAltmannshof ( bei Amberg, Opf )<br>\nSigmarszell<\/p>\n<p><em>September<\/em><br>\nReitanlage Pillenreuth\/Klosterhof bei N\u00fcrnberg<br>\nSchaffhausen, CH<\/p>\n<p><em>August<\/em><br>\n2 Tage  Reitverein Schwabach<br>\n1 Tag Reitanlage Wildegans in Antdorf (N\u00e4he Starnberger See)<\/p>\n<p><em>Mai<\/em><br>\nAusbildungsstall Berner-Leis, Aurach<br>\nStall Wiesengrund, Efringen<br>\nRV Ma-K\u00e4fertal<\/p>\n<p><em>April<\/em><br>\n<em>Seminare bei:<br>\n<\/em>RV Ma-Sandhofen<br>\nRV Neustadt\/Pfalzm\u00fchle<\/p>\n<p><em>M\u00e4rz<br>\n<em>Seminare bei:<\/em><\/em><br>\nRV Schwabach<br>\nRV Bad Gr\u00f6nenbach<br>\nRV Ma-Sandhofen<br>\nReitstall Wei\u00df, Altmannshofen (2 Wochenenden)<\/p>\n<p><em>Februar<\/em><br>\n<em><em>Seminare bei:<\/em><\/em><br>\nReitverein N\u00fcrtingen<br>\nPonyhof Lukas, Sasbachwalden<br>\n&nbsp;<\/p>\n<p><strong>2013<\/strong><br>\n<em><br>\nNov\/Dez.<\/em><\/p>\n<p>Bewegungstrainingskurs im Reitverein Neuendettelsau<br>\nSeminar in Mannheim \/ Sandhofen<\/p>\n<p><em>Oktober<\/em><br>\nLehrgang im Ausbildungsstall Berner-Leis in Aurach (Bayern)<br>\nSeminar in Pillenreuth bei N\u00fcrnberg<br>\nSeminar in Schwabach<br>\nSeminar in Waiblingen<\/p>\n<p><em>September<\/em><br>\nSeminar in Mannheim Sandhofen<\/p>\n<p><em><br>\nJuli<\/em><br>\nEintagesseminar in 82269 Geltendorf<\/p>\n<p><em>August<\/em><\/p>\n<p>Bewegungstrainingkurs im Sofienhof Katja Lauer, 92348 Berg<\/p>\n<p>Bewegungstrainingkurs im Reitstall Sandra Weiss, 92284 Poppenricht<\/p>\n<p><em>Juni<br>\n<\/em><br>\nAusbildungsstall Berner-Leis in Aurach (Bayern)<br>\nRV Schwabach (Bayern)<\/p>\n<p><em>Mai<br>\n<\/em><br>\nNeustadt a.d.Weinstr. (Rheinl.-Pfalz), Reitstall Pfalzm\u00fchle<br>\nN\u00fcrtingen (Baden-W\u00fcrttemberg)<\/p>\n<p><strong>2012<\/strong><\/p>\n<p><em>Dezember<\/em><\/p>\n<p>Reitverein Waiblingen<br>\nBewegungstraining EM im Reitverein Bad Gr\u00f6nenbach<\/p>\n<p><em>Februar<\/em><br>\nInfoabend \u00fcber das Bewegungstraining EM im Casa Cavallo in Kempten<\/p>\n<p>Bewegungstraining im RV Altusried<\/p>\n<p><em>M\u00e4rz<\/em><br>\nBewegungstraing im RV Babenhausen (Hessen)<\/p>\n<p>Bewegungstraining im Reitstall Markus Rudolph, Marktoberdorf<\/p>\n\nngg_shortcode_0_placeholder\n\n\n\n<p>Bildergalerie: Bild 1: Beckenkippbewegung auf dem Balimo gegen Widerstand, oder mit Farbbrille (Bild 2). Bild 3: Rotation im Oberk\u00f6rper \u2013 wichtig f\u00fcr Ausf\u00fchrung des Drehsitzes. <\/p>\n","protected":false},"excerpt":{"rendered":"<p>Kontaktdaten Gabriele Nimsky-Magnussen Rheingoldstrasse 219 68199 Mannheim Mobil: 0170 &#8211; 242 63 42 gabriele@nimsky-bewegung.de www.nimsky-bewegung.de Werdegang Diplom Betriebswirtin FH Pferdewirtschaftsmeisterin Zucht und Haltung Pferdewirtschaftsmeisterin Reiten Richterin BA \/ DL \/ SM 2008 Pr\u00fcfung zur Bewegungstrainerin (EM) 2009-2011 Fachschulleiterin des Pferdezentrums in Ansbach Seit Okt. 2011 Selbst\u00e4ndige Bewegungstrainerin\/Reitlehrerin 2011 Ausbildung zur Life Kinetik Trainerin Referenzen: 2017 11. Juni 2017 Reitschule Kirner, Auenhof in Augsburg 15. &#8211; 18. Juni 2017 Reitsberger Hof in Vaterstetten 21. &#8211; 23. Juli 2017 Reitverein Mannheim-Sandhofen 4. &#8211; 6. August 2017 Reitverein Schwabach 23. &#8211; 24. September 2017 Reitverein Burggen 2015 M\u00e4rz RC Auerbach \/ Oberpfalz Reitstall Sandra Wei\u00df in Altmannshofen \/ Oberpfalz Reitverein Mannheim-Sandhofen RC Auerbach\/Oberpfalz Februar Reitverein Altusried Reitverein Schwabach\/Mfr Januar Reitverein Neuendettelsau Reitstall Markus Rudolpf in H\u00f6rmanshofen bei Marktoberdorf 2014 Dezember Bad Gr\u00f6nenbach November Reitverein Mannheim &#8211; Sandhofen Oktober Altmannshof ( bei Amberg, Opf ) Altmannshof ( bei Amberg, Opf ) Sigmarszell September Reitanlage Pillenreuth\/Klosterhof bei N\u00fcrnberg Schaffhausen, CH August 2 Tage Reitverein Schwabach 1 Tag Reitanlage Wildegans in Antdorf (N\u00e4he Starnberger See) Mai Ausbildungsstall Berner-Leis, Aurach Stall Wiesengrund, Efringen RV Ma-K\u00e4fertal April Seminare bei: RV Ma-Sandhofen RV Neustadt\/Pfalzm\u00fchle M\u00e4rz Seminare bei: RV Schwabach RV Bad Gr\u00f6nenbach RV Ma-Sandhofen Reitstall Wei\u00df, Altmannshofen (2 Wochenenden) Februar Seminare bei: Reitverein N\u00fcrtingen Ponyhof Lukas, Sasbachwalden &nbsp; 2013 Nov\/Dez. Bewegungstrainingskurs im Reitverein Neuendettelsau Seminar in Mannheim \/ Sandhofen Oktober Lehrgang im Ausbildungsstall Berner-Leis in Aurach (Bayern) Seminar in Pillenreuth bei N\u00fcrnberg Seminar in Schwabach Seminar in Waiblingen September Seminar in Mannheim Sandhofen Juli Eintagesseminar in 82269 Geltendorf August Bewegungstrainingkurs im Sofienhof Katja Lauer, 92348 Berg Bewegungstrainingkurs im Reitstall Sandra Weiss, 92284 Poppenricht Juni Ausbildungsstall Berner-Leis in Aurach (Bayern) RV Schwabach (Bayern) Mai Neustadt a.d.Weinstr. (Rheinl.-Pfalz), Reitstall Pfalzm\u00fchle N\u00fcrtingen (Baden-W\u00fcrttemberg) 2012 Dezember Reitverein Waiblingen Bewegungstraining EM im Reitverein Bad Gr\u00f6nenbach Februar Infoabend \u00fcber das Bewegungstraining EM im Casa Cavallo in Kempten Bewegungstraining im RV Altusried M\u00e4rz Bewegungstraing im RV Babenhausen (Hessen) Bewegungstraining im Reitstall Markus Rudolph, Marktoberdorf Bildergalerie: Bild 1: Beckenkippbewegung auf dem Balimo gegen Widerstand, oder mit Farbbrille (Bild 2). Bild 3: Rotation im Oberk\u00f6rper \u2013 wichtig f\u00fcr Ausf\u00fchrung des Drehsitzes.<\/p>\n","protected":false},"author":61,"featured_media":0,"parent":575,"menu_order":30,"comment_status":"closed","ping_status":"closed","template":"","meta":{"ngg_post_thumbnail":0},"acf":[],"_links":{"self":[{"href":"https:\/\/www.bewegungstrainer-em.org\/index.php\/wp-json\/wp\/v2\/pages\/441"}],"collection":[{"href":"https:\/\/www.bewegungstrainer-em.org\/index.php\/wp-json\/wp\/v2\/pages"}],"about":[{"href":"https:\/\/www.bewegungstrainer-em.org\/index.php\/wp-json\/wp\/v2\/types\/page"}],"author":[{"embeddable":true,"href":"https:\/\/www.bewegungstrainer-em.org\/index.php\/wp-json\/wp\/v2\/users\/61"}],"replies":[{"embeddable":true,"href":"https:\/\/www.bewegungstrainer-em.org\/index.php\/wp-json\/wp\/v2\/comments?post=441"}],"version-history":[{"count":81,"href":"https:\/\/www.bewegungstrainer-em.org\/index.php\/wp-json\/wp\/v2\/pages\/441\/revisions"}],"predecessor-version":[{"id":4404,"href":"https:\/\/www.bewegungstrainer-em.org\/index.php\/wp-json\/wp\/v2\/pages\/441\/revisions\/4404"}],"up":[{"embeddable":true,"href":"https:\/\/www.bewegungstrainer-em.org\/index.php\/wp-json\/wp\/v2\/pages\/575"}],"wp:attachment":[{"href":"https:\/\/www.bewegungstrainer-em.org\/index.php\/wp-json\/wp\/v2\/media?parent=441"}],"curies":[{"name":"wp","href":"https:\/\/api.w.org\/{rel}","templated":true}]}}