{"id":508,"date":"2010-05-21T11:56:11","date_gmt":"2010-05-21T11:56:11","guid":{"rendered":"http:\/\/www.bewegungstrainer-em.org\/wordpress2\/?page_id=508"},"modified":"2018-10-19T11:20:23","modified_gmt":"2018-10-19T11:20:23","slug":"romy-anton-eger-08371-glauchau","status":"publish","type":"page","link":"https:\/\/www.bewegungstrainer-em.org\/index.php\/trainerverzeichnis\/bewegungstrainer-sachsen\/romy-anton-eger-08371-glauchau\/","title":{"rendered":"Romy Anton-Eger, 08371 Glauchau"},"content":{"rendered":"<p><a href=\"https:\/\/www.bewegungstrainer-em.org\/wp-content\/uploads\/2010\/05\/romy-eger1.jpg\"><img decoding=\"async\" loading=\"lazy\" class=\"alignnone size-full wp-image-539\" title=\"romy eger1\" src=\"https:\/\/www.bewegungstrainer-em.org\/wp-content\/uploads\/2010\/05\/romy-eger1.jpg\" alt=\"Portrait Romy Eger\" width=\"187\" height=\"335\" srcset=\"https:\/\/www.bewegungstrainer-em.org\/wp-content\/uploads\/2010\/05\/romy-eger1.jpg 187w, https:\/\/www.bewegungstrainer-em.org\/wp-content\/uploads\/2010\/05\/romy-eger1-167x300.jpg 167w, https:\/\/www.bewegungstrainer-em.org\/wp-content\/uploads\/2010\/05\/romy-eger1-83x150.jpg 83w\" sizes=\"(max-width: 187px) 100vw, 187px\" \/><\/a><\/p>\n<p>&#8222;Reiten kann man nicht lernen, man mu\u00df es begreifen.&#8220;<\/p>\n<p><strong>Kontaktdaten<\/strong><\/p>\n<table style=\"height: 152px;\" width=\"300\">\n<tbody>\n<tr>\n<td>Name<\/td>\n<td>Romy Anton-Eger<\/td>\n<\/tr>\n<tr>\n<td>Adresse<\/td>\n<td>Zum Vierseithof 12<\/td>\n<\/tr>\n<tr>\n<td>Ort<\/td>\n<td>08371 Glauchau<\/td>\n<\/tr>\n<tr>\n<td>Mobil<\/td>\n<td>0172-901 48 79<\/td>\n<\/tr>\n<tr>\n<td>e-mail<\/td>\n<td><a href=\"mailto:romyeger-berufsreiter@gmx.de\">romyeger-berufsreiter@gmx.de<\/a><\/td>\n<\/tr>\n<tr>\n<td>Website<\/td>\n<td><a href=\"http:\/\/www.romyeger-berufsreiter.de\">www.romyeger-berufsreiter.de<\/a><\/td>\n<\/tr>\n<\/tbody>\n<\/table>\n<p><strong>Werdegang<\/strong><\/p>\n<table style=\"height: 152px;\" width=\"525\">\n<tbody>\n<tr>\n<td>1997<\/td>\n<td>Lehre Zucht + Haltung in Leipzig- Abtnaundorf bei Dr. R. Fuchs<\/td>\n<\/tr>\n<tr>\n<td>2000<\/td>\n<td>Bereiterlehre im Landgest\u00fct Moritzburg<\/td>\n<\/tr>\n<tr>\n<td>2001<\/td>\n<td>Angestellt bei Sabine Eltgen in Recklinghausen<\/td>\n<\/tr>\n<tr>\n<td>2004<\/td>\n<td>Beginn der Selbst\u00e4ndigkeit in Glauchau<\/td>\n<\/tr>\n<tr>\n<td>2005<\/td>\n<td>erfolgreicher Abschlu\u00df zum Pferdewirtschaftsmeister Zucht + Haltung<\/td>\n<\/tr>\n<tr>\n<td>2008<\/td>\n<td>erfolgreicher Abschlu\u00df zum Bewegungstrainer EM<\/td>\n<\/tr>\n<\/tbody>\n<\/table>\n<p><strong>Schulungsort\/Mindestteilnehmerzahl<\/strong><\/p>\n<ul>\n<li>mobil, auf Wunsch auch auf fremder Anlage<\/li>\n<li>ab 5 Teilnehmern<\/li>\n<\/ul>\n<p><strong>Referenzen<\/strong><\/p>\n<p>Die nachfolgend angegebenen Kurse sind alles Sitzschulungen nach Eckart Meyners. Die Kurse beginne ich mit einer theoretischen Einf\u00fchrung, da sich die meisten unter Sitzschulung nach E.M. nichts vorstellen k\u00f6nnen. Ich arbeite mit bis zu 8 Personen am Tag. Bei gr\u00f6\u00dferer Teilnehmerzahl werden 2 Tage eingeplant. Ich arbeite mit den Teilnehmern in der Gruppe, um die Probleme jedes einzelnen Reiters gemeinsam mit den anderen Teilnehmern zu analysieren, den Blick f\u00fcr Sitzprobleme zu schulen um damit deren Ursachen und Fehler zu erkennen.<\/p>\n<p><strong>2011<\/strong><\/p>\n<p><em>Januar 2011<\/em> Reitstall Linke, Dresden\/Rossendorf, Sitzschulung nach EM, Reitausbildung, 2 Tage Theorie+Reiten<\/p>\n<p><strong>2010<\/strong><\/p>\n<p><em>Januar<\/em><br \/>\nReitstall Linke, Dresden- Rossendorf<\/p>\n<p><em>Februar<\/em><br \/>\nReitstall Klemm, Leipzig- Pegau<\/p>\n<p><em>M\u00e4rz<\/em><br \/>\nReitstall Wuttge, Spremberg<\/p>\n<p><em>Mai<\/em><br \/>\n1. Chemnitzer RFV., Chemnitz- Draisdorf<\/p>\n<p><em>Oktober<\/em><br \/>\nSitzschulung n. EM, 6 Teilnehmer, Reiten, Ort: Pegau,<\/p>\n<p><em>Oktober<\/em><br \/>\nLandgest\u00fct Moritzburg<br \/>\nSitzschulung n. EM, 9 Teiln., Theorie+Reiten<br \/>\nim Rahmen eines Trainer C- Lehrgangs<\/p>\n<p><em>Oktober<\/em><br \/>\nReitstall Kahl, Thum,<br \/>\nSitzschulung n. EM,<br \/>\n6 Teilnehmer, Theorie+Reiten<\/p>\n<p><em>Oktober<\/em><br \/>\nReitstall Wudke, Spremberg, Sitzschulung n. EM, Reitausbildung<br \/>\n10Teilnehmer\/Tag, Reiten<\/p>\n<p><strong>2009<\/strong><\/p>\n<p><em>Januar<\/em><br \/>\nLandespolizeidirektion ZD,  Gro\u00dferkmannsdorf, Fachdienst Polizeireiterstaffel<\/p>\n<p><em>Februar<\/em><br \/>\nLandgest\u00fct Moritzburg, Moritzburg<\/p>\n<p><em>M\u00e4rz<\/em><br \/>\nReitanlage L\u00f6we, Niederseidewitz<\/p>\n<p><em>April<\/em><br \/>\n1. Chemnitzer RFV., Chemnitz- Draisdorf<br \/>\nRC Leipzig- Knauthain, Leipzig- Knauthain<\/p>\n<p><em>Juni<\/em><br \/>\nReitanlage Klemm, Leipzig- Pegau<\/p>\n<p><em>Oktober<\/em><br \/>\nLandgest\u00fct Moritzburg, Moritzburg<\/p>\nngg_shortcode_0_placeholder\n","protected":false},"excerpt":{"rendered":"<p>&#8222;Reiten kann man nicht lernen, man mu\u00df es begreifen.&#8220; Kontaktdaten Name Romy Anton-Eger Adresse Zum Vierseithof 12 Ort 08371 Glauchau Mobil 0172-901 48 79 e-mail romyeger-berufsreiter@gmx.de Website www.romyeger-berufsreiter.de Werdegang 1997 Lehre Zucht + Haltung in Leipzig- Abtnaundorf bei Dr. R. Fuchs 2000 Bereiterlehre im Landgest\u00fct Moritzburg 2001 Angestellt bei Sabine Eltgen in Recklinghausen 2004 Beginn der Selbst\u00e4ndigkeit in Glauchau 2005 erfolgreicher Abschlu\u00df zum Pferdewirtschaftsmeister Zucht + Haltung 2008 erfolgreicher Abschlu\u00df zum Bewegungstrainer EM Schulungsort\/Mindestteilnehmerzahl mobil, auf Wunsch auch auf fremder Anlage ab 5 Teilnehmern Referenzen Die nachfolgend angegebenen Kurse sind alles Sitzschulungen nach Eckart Meyners. Die Kurse beginne ich mit einer theoretischen Einf\u00fchrung, da sich die meisten unter Sitzschulung nach E.M. nichts vorstellen k\u00f6nnen. Ich arbeite mit bis zu 8 Personen am Tag. Bei gr\u00f6\u00dferer Teilnehmerzahl werden 2 Tage eingeplant. Ich arbeite mit den Teilnehmern in der Gruppe, um die Probleme jedes einzelnen Reiters gemeinsam mit den anderen Teilnehmern zu analysieren, den Blick f\u00fcr Sitzprobleme zu schulen um damit deren Ursachen und Fehler zu erkennen. 2011 Januar 2011 Reitstall Linke, Dresden\/Rossendorf, Sitzschulung nach EM, Reitausbildung, 2 Tage Theorie+Reiten 2010 Januar Reitstall Linke, Dresden- Rossendorf Februar Reitstall Klemm, Leipzig- Pegau M\u00e4rz Reitstall Wuttge, Spremberg Mai 1. Chemnitzer RFV., Chemnitz- Draisdorf Oktober Sitzschulung n. EM, 6 Teilnehmer, Reiten, Ort: Pegau, Oktober Landgest\u00fct Moritzburg Sitzschulung n. EM, 9 Teiln., Theorie+Reiten im Rahmen eines Trainer C- Lehrgangs Oktober Reitstall Kahl, Thum, Sitzschulung n. EM, 6 Teilnehmer, Theorie+Reiten Oktober Reitstall Wudke, Spremberg, Sitzschulung n. EM, Reitausbildung 10Teilnehmer\/Tag, Reiten 2009 Januar Landespolizeidirektion ZD, Gro\u00dferkmannsdorf, Fachdienst Polizeireiterstaffel Februar Landgest\u00fct Moritzburg, Moritzburg M\u00e4rz Reitanlage L\u00f6we, Niederseidewitz April 1. Chemnitzer RFV., Chemnitz- Draisdorf RC Leipzig- Knauthain, Leipzig- Knauthain Juni Reitanlage Klemm, Leipzig- Pegau Oktober Landgest\u00fct Moritzburg, Moritzburg<\/p>\n","protected":false},"author":61,"featured_media":0,"parent":483,"menu_order":10,"comment_status":"closed","ping_status":"closed","template":"","meta":{"ngg_post_thumbnail":0},"acf":[],"_links":{"self":[{"href":"https:\/\/www.bewegungstrainer-em.org\/index.php\/wp-json\/wp\/v2\/pages\/508"}],"collection":[{"href":"https:\/\/www.bewegungstrainer-em.org\/index.php\/wp-json\/wp\/v2\/pages"}],"about":[{"href":"https:\/\/www.bewegungstrainer-em.org\/index.php\/wp-json\/wp\/v2\/types\/page"}],"author":[{"embeddable":true,"href":"https:\/\/www.bewegungstrainer-em.org\/index.php\/wp-json\/wp\/v2\/users\/61"}],"replies":[{"embeddable":true,"href":"https:\/\/www.bewegungstrainer-em.org\/index.php\/wp-json\/wp\/v2\/comments?post=508"}],"version-history":[{"count":30,"href":"https:\/\/www.bewegungstrainer-em.org\/index.php\/wp-json\/wp\/v2\/pages\/508\/revisions"}],"predecessor-version":[{"id":3530,"href":"https:\/\/www.bewegungstrainer-em.org\/index.php\/wp-json\/wp\/v2\/pages\/508\/revisions\/3530"}],"up":[{"embeddable":true,"href":"https:\/\/www.bewegungstrainer-em.org\/index.php\/wp-json\/wp\/v2\/pages\/483"}],"wp:attachment":[{"href":"https:\/\/www.bewegungstrainer-em.org\/index.php\/wp-json\/wp\/v2\/media?parent=508"}],"curies":[{"name":"wp","href":"https:\/\/api.w.org\/{rel}","templated":true}]}}