{"id":580,"date":"2010-05-28T16:05:15","date_gmt":"2010-05-28T16:05:15","guid":{"rendered":"http:\/\/www.bewegungstrainer-em.org\/wordpress2\/?page_id=580"},"modified":"2024-12-04T13:40:32","modified_gmt":"2024-12-04T13:40:32","slug":"silvia-rall-72800-eningen","status":"publish","type":"page","link":"https:\/\/www.bewegungstrainer-em.org\/index.php\/trainerverzeichnis\/bewegungstrainer-baden-wurttemberg\/silvia-rall-72800-eningen\/","title":{"rendered":"Silvia Rall, 72800 Eningen"},"content":{"rendered":"<p><img decoding=\"async\" loading=\"lazy\" src=\"https:\/\/www.bewegungstrainer-em.org\/wp-content\/uploads\/2010\/05\/portrait_silvia_rall.jpg\" alt=\"\" width=\"325\" height=\"422\" \/><\/p>\n<p>&#8222;Die innere Einstellung eines jeden Pferdemenschen muss von Achtung und Geduld sich selbst und dem Pferd gegen\u00fcber gepr\u00e4gt sein. Dann ist die Besch\u00e4ftigung mit Pferden und schlie\u00dflich das Reiten selbst Anlass zu gro\u00dfer Freude.&#8220;<\/p>\n<p>Informationen bei <a title=\"www.silvia-rall.de\" href=\"http:\/\/www.silvia-rall.de\" target=\"_blank\" rel=\"noopener\">www.silvia-rall.de<\/a><\/p>\n<p><strong>Kontaktdaten<\/strong><\/p>\n<table style=\"height: 152px;\" width=\"300\">\n<tbody>\n<tr>\n<td>Name<\/td>\n<td>Silvia Rall<\/td>\n<\/tr>\n<tr>\n<td>Adresse<\/td>\n<td>Grabenstra\u00dfe 59<\/td>\n<\/tr>\n<tr>\n<td>Ort<\/td>\n<td>72800 Eningen unter Achalm<\/td>\n<\/tr>\n<tr>\n<td>Telefon<\/td>\n<td>0171 \/ 852 77 07<\/td>\n<\/tr>\n<tr>\n<td>e-mail<\/td>\n<td><a href=\"mailto:silvia.rall@t-online.de\">silvia.rall@t-online.de<\/a><\/td>\n<\/tr>\n<tr>\n<td>Website<\/td>\n<td><a href=\"http:\/\/www.silvia-rall.de\" target=\"_blank\" rel=\"noopener\">www.silvia-rall.de<\/a><\/td>\n<\/tr>\n<\/tbody>\n<\/table>\n<p><strong>Werdegang<\/strong><\/p>\n<table style=\"height: 152px;\" width=\"525\">\n<tbody>\n<tr>\n<td>1978-82<\/td>\n<td>Ausbildung Pfw Zucht u. Haltung und Pfw Reitausbildung<\/td>\n<\/tr>\n<tr>\n<td>1982-90<\/td>\n<td>verantwortliches Arbeiten in l\u00e4ndlichem Reitverein und Bereiterin in Dressurstall<\/td>\n<\/tr>\n<tr>\n<td>1990-96<\/td>\n<td>Betriebsleitung in Zucht und Ausbildungsstall am Bodensee, in dieser Zeit PFW-Meisterpr\u00fcfungen in beiden Fachrichtungen, Fortbildung zum Besamungstechniker f\u00fcr Pferde<\/td>\n<\/tr>\n<tr>\n<td>1997-2008<\/td>\n<td>Ausbilderin in Pensionsbetrieb in Dressur, Springen, Vielseitigkeit und Breitensport<\/td>\n<\/tr>\n<tr>\n<td>2008<\/td>\n<td>Weiterbildung bei Eckart Meyners in Warendorf zum Bewegungstrainer EM<\/td>\n<\/tr>\n<tr>\n<td>seit 2009<\/td>\n<td>Freiberuflich als Ausbilderin<\/td>\n<\/tr>\n<\/tbody>\n<\/table>\n<p><strong>Schulungsort\/Mindestteilnehmerzahl:<\/strong><\/p>\n<p>* mobil ab 5 Teilnehmern<\/p>\n<p><em><strong>Referenzen 2016<\/strong><br \/>\n2015<\/em><\/p>\n<p><em><strong>Oktober 2016<\/strong><\/em><\/p>\n<p>03. Dressurlehrgang Krainbachh\u00f6fe<br \/>\n29. Landesjugendtag<\/p>\n<p><em><strong>September 2016<\/strong><\/em><\/p>\n<p>10.     Ofterdingen<br \/>\n17.\/18. RV Ammerbuch<\/p>\n<p><em><strong>Referenzen<\/strong><br \/>\n2015<\/em><\/p>\n<p><strong>Mai<\/strong><\/p>\n<p>07.      Heiligenberg-B\u00fchlen<br \/>\n14.\/15. Sommerhausen, W\u00fcrzburg<br \/>\n28.\/29. Flammhof bei Waldachtal<\/p>\n<p><strong>M\u00e4rz <\/strong><br \/>\nBundesberufsreitertag Langenfeld<br \/>\nSeminarbeitrag mit Bettina Gieck, Katja Trillitsch, Gaby Nimsky Magnussen, Dr. Andrea Pfirrman<br \/>\n&#8222;Was ist handlungsorientierter Unterricht?&#8220;<\/p>\n<p><strong>Juli <\/strong><br \/>\nDressurlehrgang mit Michael Putz: Organisation, Teilnahme und<br \/>\nAngebot &#8222;Aufw\u00e4rmen vor dem Training&#8220; f\u00fcr die LehrgangsteilnehmerInnen<\/p>\n<p><strong>September <\/strong><br \/>\nInternationales Reitturnier in Donaueschingen:<br \/>\n&#8222;H\u00f6ren, Sehen, Staunen, der Aktionszirkel &#8211; Bewegungslehre von Eckart Meyners mit Silvia Rall&#8220;<\/p>\n<p><strong>Oktober<\/strong><br \/>\nLandesjugendtag Baden-W\u00fcrttemberg:<br \/>\nBewegungslehre und Aufw\u00e4rmtraining<br \/>\nBewegungslehre und Reiten<br \/>\ninsgesamt drei Seminareinheiten mit insgesamt 120 Teilnehmern<\/p>\n<p><strong>Mehr Infos<\/strong><\/p>\n<p><a href=\"https:\/\/www.bewegungstrainer-em.org\/wp-content\/uploads\/2010\/06\/silvia rall flyer.pdf\">Meine Brosch\u00fcre zum Download (PDF-Format)<br \/>\nfinden Sie hier per Mausklick.<\/a><\/p>\nngg_shortcode_0_placeholder\n","protected":false},"excerpt":{"rendered":"<p>&#8222;Die innere Einstellung eines jeden Pferdemenschen muss von Achtung und Geduld sich selbst und dem Pferd gegen\u00fcber gepr\u00e4gt sein. Dann ist die Besch\u00e4ftigung mit Pferden und schlie\u00dflich das Reiten selbst Anlass zu gro\u00dfer Freude.&#8220; Informationen bei www.silvia-rall.de Kontaktdaten Name Silvia Rall Adresse Grabenstra\u00dfe 59 Ort 72800 Eningen unter Achalm Telefon 0171 \/ 852 77 07 e-mail silvia.rall@t-online.de Website www.silvia-rall.de Werdegang 1978-82 Ausbildung Pfw Zucht u. Haltung und Pfw Reitausbildung 1982-90 verantwortliches Arbeiten in l\u00e4ndlichem Reitverein und Bereiterin in Dressurstall 1990-96 Betriebsleitung in Zucht und Ausbildungsstall am Bodensee, in dieser Zeit PFW-Meisterpr\u00fcfungen in beiden Fachrichtungen, Fortbildung zum Besamungstechniker f\u00fcr Pferde 1997-2008 Ausbilderin in Pensionsbetrieb in Dressur, Springen, Vielseitigkeit und Breitensport 2008 Weiterbildung bei Eckart Meyners in Warendorf zum Bewegungstrainer EM seit 2009 Freiberuflich als Ausbilderin Schulungsort\/Mindestteilnehmerzahl: * mobil ab 5 Teilnehmern Referenzen 2016 2015 Oktober 2016 03. Dressurlehrgang Krainbachh\u00f6fe 29. Landesjugendtag September 2016 10. Ofterdingen 17.\/18. RV Ammerbuch Referenzen 2015 Mai 07. Heiligenberg-B\u00fchlen 14.\/15. Sommerhausen, W\u00fcrzburg 28.\/29. Flammhof bei Waldachtal M\u00e4rz Bundesberufsreitertag Langenfeld Seminarbeitrag mit Bettina Gieck, Katja Trillitsch, Gaby Nimsky Magnussen, Dr. Andrea Pfirrman &#8222;Was ist handlungsorientierter Unterricht?&#8220; Juli Dressurlehrgang mit Michael Putz: Organisation, Teilnahme und Angebot &#8222;Aufw\u00e4rmen vor dem Training&#8220; f\u00fcr die LehrgangsteilnehmerInnen September Internationales Reitturnier in Donaueschingen: &#8222;H\u00f6ren, Sehen, Staunen, der Aktionszirkel &#8211; Bewegungslehre von Eckart Meyners mit Silvia Rall&#8220; Oktober Landesjugendtag Baden-W\u00fcrttemberg: Bewegungslehre und Aufw\u00e4rmtraining Bewegungslehre und Reiten insgesamt drei Seminareinheiten mit insgesamt 120 Teilnehmern Mehr Infos Meine Brosch\u00fcre zum Download (PDF-Format) finden Sie hier per Mausklick.<\/p>\n","protected":false},"author":61,"featured_media":0,"parent":575,"menu_order":40,"comment_status":"closed","ping_status":"closed","template":"","meta":{"ngg_post_thumbnail":0},"acf":[],"_links":{"self":[{"href":"https:\/\/www.bewegungstrainer-em.org\/index.php\/wp-json\/wp\/v2\/pages\/580"}],"collection":[{"href":"https:\/\/www.bewegungstrainer-em.org\/index.php\/wp-json\/wp\/v2\/pages"}],"about":[{"href":"https:\/\/www.bewegungstrainer-em.org\/index.php\/wp-json\/wp\/v2\/types\/page"}],"author":[{"embeddable":true,"href":"https:\/\/www.bewegungstrainer-em.org\/index.php\/wp-json\/wp\/v2\/users\/61"}],"replies":[{"embeddable":true,"href":"https:\/\/www.bewegungstrainer-em.org\/index.php\/wp-json\/wp\/v2\/comments?post=580"}],"version-history":[{"count":88,"href":"https:\/\/www.bewegungstrainer-em.org\/index.php\/wp-json\/wp\/v2\/pages\/580\/revisions"}],"predecessor-version":[{"id":4405,"href":"https:\/\/www.bewegungstrainer-em.org\/index.php\/wp-json\/wp\/v2\/pages\/580\/revisions\/4405"}],"up":[{"embeddable":true,"href":"https:\/\/www.bewegungstrainer-em.org\/index.php\/wp-json\/wp\/v2\/pages\/575"}],"wp:attachment":[{"href":"https:\/\/www.bewegungstrainer-em.org\/index.php\/wp-json\/wp\/v2\/media?parent=580"}],"curies":[{"name":"wp","href":"https:\/\/api.w.org\/{rel}","templated":true}]}}