{"id":776,"date":"2010-06-08T06:54:05","date_gmt":"2010-06-08T06:54:05","guid":{"rendered":"http:\/\/www.bewegungstrainer-em.org\/?page_id=776"},"modified":"2020-06-14T12:54:30","modified_gmt":"2020-06-14T12:54:30","slug":"christian-reisch-41464-neuss","status":"publish","type":"page","link":"https:\/\/www.bewegungstrainer-em.org\/index.php\/trainerverzeichnis\/bewegungstrainer-nrw\/christian-reisch-41464-neuss\/","title":{"rendered":"Christian Reisch, 41464 Neuss"},"content":{"rendered":"<p><a href=\"https:\/\/www.bewegungstrainer-em.org\/wp-content\/uploads\/2010\/06\/christian_reisch_portrait.jpg\"><img decoding=\"async\" loading=\"lazy\" class=\"alignnone size-full wp-image-788\" title=\"christian_reisch_portrait\" src=\"https:\/\/www.bewegungstrainer-em.org\/wp-content\/uploads\/2010\/06\/christian_reisch_portrait.jpg\" alt=\"Portrait Christian Reisch\" width=\"215\" height=\"250\" srcset=\"https:\/\/www.bewegungstrainer-em.org\/wp-content\/uploads\/2010\/06\/christian_reisch_portrait.jpg 215w, https:\/\/www.bewegungstrainer-em.org\/wp-content\/uploads\/2010\/06\/christian_reisch_portrait-129x150.jpg 129w\" sizes=\"(max-width: 215px) 100vw, 215px\" \/><\/a><\/p>\n<p>&#8222;Talente werden nach den M\u00f6glichkeiten von Pferd und Reiter individuell gef\u00f6rdert. Anspruchsvoller Unterricht, der nicht mit dem Blick auf die Uhr endet, sondern sich am Pferd orientiert, f\u00f6rdert exaktes, pr\u00e4zises Reiten.&#8220;<\/p>\n<p><strong>Kontakt:<\/strong><br \/>\n<strong>Christian Reisch<\/strong><br \/>\nKamberger Hof 1<br \/>\n41464 Neuss<br \/>\nTel.: 0178 \/ 266 91 78<br \/>\n<a href=\"mailto:info@dressurstall-reisch.de\">info@dressurstall-reisch.de<\/a><br \/>\n<a href=\"http:\/\/www.dressurstall-reisch.de\" target=\"_blank\">www.dressurstall-reisch.de<\/a><\/p>\n<p><strong>Werdegang<\/strong><\/p>\n<table style=\"height: 152px;\" width=\"525\">\n<tbody>\n<tr>\n<td><\/td>\n<td>Ausbildung bei Manfred Schmidtke<\/td>\n<\/tr>\n<tr>\n<td><\/td>\n<td>zwei Jahre als Bereiter im Stall von Michael Fassbender<\/td>\n<\/tr>\n<tr>\n<td>Seit 2002<\/td>\n<td>Selbst\u00e4ndig auf der Anlage Kamberger Hof<\/td>\n<\/tr>\n<tr>\n<td>2003<\/td>\n<td>Erfolgreiche Pr\u00fcfung zum Pferdewirtschaftsmeister mit Stensbeck-Plakette<\/td>\n<\/tr>\n<tr>\n<td>2007<\/td>\n<td>Erfolgreiche Pr\u00fcfung: Meistertitel in Zucht und Haltung<\/td>\n<\/tr>\n<tr>\n<td>2008:<\/td>\n<td>Abschluss und Qualifikation zum Bewegungstrainer EM<\/td>\n<\/tr>\n<tr>\n<td>2009<\/td>\n<td>Verleihung des Sonderehrenpreis als Siegertrainer im Finale des FAB Cup 2009<\/td>\n<\/tr>\n<\/tbody>\n<\/table>\n<p><strong>Schulungsort:<\/strong><br \/>\nAuf der eigenen Anlage; mobil: ab 4 Teilnehmern.<\/p>\n<p><strong>Referenzen<\/strong><\/p>\n<p>Einbindung des Bewegungstrainings in die t\u00e4gliche Arbeit mit seinen Sch\u00fclern.<\/p>\n<p><strong>Bildergalerie<\/strong><br \/>\nngg_shortcode_0_placeholder<\/p>\n","protected":false},"excerpt":{"rendered":"<p>&#8222;Talente werden nach den M\u00f6glichkeiten von Pferd und Reiter individuell gef\u00f6rdert. Anspruchsvoller Unterricht, der nicht mit dem Blick auf die Uhr endet, sondern sich am Pferd orientiert, f\u00f6rdert exaktes, pr\u00e4zises Reiten.&#8220; Kontakt: Christian Reisch Kamberger Hof 1 41464 Neuss Tel.: 0178 \/ 266 91 78 info@dressurstall-reisch.de www.dressurstall-reisch.de Werdegang Ausbildung bei Manfred Schmidtke zwei Jahre als Bereiter im Stall von Michael Fassbender Seit 2002 Selbst\u00e4ndig auf der Anlage Kamberger Hof 2003 Erfolgreiche Pr\u00fcfung zum Pferdewirtschaftsmeister mit Stensbeck-Plakette 2007 Erfolgreiche Pr\u00fcfung: Meistertitel in Zucht und Haltung 2008: Abschluss und Qualifikation zum Bewegungstrainer EM 2009 Verleihung des Sonderehrenpreis als Siegertrainer im Finale des FAB Cup 2009 Schulungsort: Auf der eigenen Anlage; mobil: ab 4 Teilnehmern. Referenzen Einbindung des Bewegungstrainings in die t\u00e4gliche Arbeit mit seinen Sch\u00fclern. Bildergalerie<\/p>\n","protected":false},"author":61,"featured_media":0,"parent":395,"menu_order":45,"comment_status":"closed","ping_status":"closed","template":"","meta":{"ngg_post_thumbnail":0},"acf":[],"_links":{"self":[{"href":"https:\/\/www.bewegungstrainer-em.org\/index.php\/wp-json\/wp\/v2\/pages\/776"}],"collection":[{"href":"https:\/\/www.bewegungstrainer-em.org\/index.php\/wp-json\/wp\/v2\/pages"}],"about":[{"href":"https:\/\/www.bewegungstrainer-em.org\/index.php\/wp-json\/wp\/v2\/types\/page"}],"author":[{"embeddable":true,"href":"https:\/\/www.bewegungstrainer-em.org\/index.php\/wp-json\/wp\/v2\/users\/61"}],"replies":[{"embeddable":true,"href":"https:\/\/www.bewegungstrainer-em.org\/index.php\/wp-json\/wp\/v2\/comments?post=776"}],"version-history":[{"count":17,"href":"https:\/\/www.bewegungstrainer-em.org\/index.php\/wp-json\/wp\/v2\/pages\/776\/revisions"}],"predecessor-version":[{"id":3749,"href":"https:\/\/www.bewegungstrainer-em.org\/index.php\/wp-json\/wp\/v2\/pages\/776\/revisions\/3749"}],"up":[{"embeddable":true,"href":"https:\/\/www.bewegungstrainer-em.org\/index.php\/wp-json\/wp\/v2\/pages\/395"}],"wp:attachment":[{"href":"https:\/\/www.bewegungstrainer-em.org\/index.php\/wp-json\/wp\/v2\/media?parent=776"}],"curies":[{"name":"wp","href":"https:\/\/api.w.org\/{rel}","templated":true}]}}