{"id":80,"date":"2010-03-03T13:09:12","date_gmt":"2010-03-03T13:09:12","guid":{"rendered":"http:\/\/www.bewegungstrainer-em.org\/wordpress\/?page_id=80"},"modified":"2019-08-31T15:38:11","modified_gmt":"2019-08-31T15:38:11","slug":"kontaktimpressum","status":"publish","type":"page","link":"https:\/\/www.bewegungstrainer-em.org\/index.php\/kontaktimpressum\/","title":{"rendered":"Kontakt \/ Impressum"},"content":{"rendered":"<p>ACHTUNG:<\/p>\n<p>Bei Fragen zur Ausbildung zum Bewegungstrainer wenden Sie sich bitte an die <a href=\"https:\/\/www.berufsreiter.com\/berufsreiter\/weiterbildung\/bewegungstrainer-em\/index.html\" rel=\"noopener\" target=\"_blank\">Bundesvereinigung der Berufsreiter <\/a><br \/>\n<\/strong><\/p>\n<p>Konzept, Webhosting, Design und verantwortlich<\/p>\n<p>Sonja Gr\u00f6nnebaum<br \/>\nreitsportdesign | designb\u00fcro<\/p>\n<p>Lintorfer Weg 16<br \/>\n40885 Ratingen<\/p>\n<p>Mobil 0177 &#8211; 750 95 45 -> KEINE Ausk\u00fcnfte \u00fcber die Ausbildung.<\/p>\n<p>info(ad)reitsportdesign.de<\/a><\/p>\n<p><a href=\"http:\/\/www.reitsportdesign.de\" target=\"_blank\">www.reitsportdesign.de<\/a><br \/>\n<strong>Bilder und Grafiken:<\/strong><br \/>\nAngaben der Quelle f\u00fcr verwendetes Bilder- und Grafikmaterial:<br \/>\nMargret von Conta, Sonja Gr\u00f6nnebaum, Privat<\/p>\n<p>Erstellt mit Hilfe des <a href=\"http:\/\/www.deutsche-anwaltshotline.de\/recht-auf-ihrer-website\/impressum-generator\">Impressum-Generators<\/a> der Deutschen Anwaltshotline AG<\/p>\n<p><strong>Haftungsausschluss\/Disclaimer<\/strong><\/p>\n<p><strong><em>Haftung f\u00fcr Inhalte<\/em><\/strong><\/p>\n<p>Als Diensteanbieter sind wir gem\u00e4\u00df \u00a7 7 Abs.1 TMG f\u00fcr eigene Inhalte auf diesen Seiten nach den allgemeinen Gesetzen verantwortlich. Nach \u00a7\u00a7 8 bis 10 TMG sind wir als Diensteanbieter jedoch nicht verpflichtet, \u00fcbermittelte oder gespeicherte fremde Informationen zu \u00fcberwachen oder nach Umst\u00e4nden zu forschen, die auf eine rechtswidrige T\u00e4tigkeit hinweisen. Verpflichtungen zur Entfernung oder Sperrung der Nutzung von Informationen nach den allgemeinen Gesetzen bleiben hiervon unber\u00fchrt. Eine diesbez\u00fcgliche Haftung ist jedoch erst ab dem Zeitpunkt der Kenntnis einer konkreten Rechtsverletzung m\u00f6glich. Bei Bekanntwerden von entsprechenden Rechtsverletzungen werden wir diese Inhalte umgehend entfernen.<\/p>\n<p><em><strong>Links<\/strong><\/em><br \/>\nTrotz sorgf\u00e4ltiger inhaltlicher Kontrolle \u00fcbernimmt der Anbieter keine Haftung f\u00fcr die Inhalte externer Links. F\u00fcr den Inhalt der verlinkten Seiten sind ausschlie\u00dflich deren Betreiber verantwortlich. Bei dem Inhalt dieser Website handelt es sich um ein allgemeines Informationsangebot. Der Anbieter dieser Seite hat keinen Einfluss auf die Inhalte der verlinkten Seiten. Sie beinhalteten zum Zeitpunkt der Verlinkung kein rechtlich-moralisch kompromittierendes Material. Sollte sich dies in Zukunft \u00e4ndern, entfernen wir die Verlinkung, sobald wir den Fehler bemerken. Der Inhalt dieser Seite unterliegt dem Urheberschutz. Unerlaubtes Kopieren, Vervielf\u00e4ltigen oder anderweitige Nutzung der Seite oder von Teilen der Seite ist ausdr\u00fccklich untersagt.<\/p>\n<p><em><strong>Rechtswirksamkeit dieses Haftungsausschlusses<\/strong><\/em><\/p>\n<p>Dieser Haftungsausschluss ist als Teil des Internetangebotes zu betrachten, von dem aus auf diese Seite verwiesen wurde. Sofern Teile oder einzelne Formulierungen dieses Textes der geltenden Rechtslage nicht, nicht mehr oder nicht vollst\u00e4ndig entsprechen sollten, bleiben die \u00fcbrigen Teile des Dokumentes in ihrem Inhalt und ihrer G\u00fcltigkeit davon unber\u00fchrt.<\/p>\n","protected":false},"excerpt":{"rendered":"<p>ACHTUNG: Bei Fragen zur Ausbildung zum Bewegungstrainer wenden Sie sich bitte an die Bundesvereinigung der Berufsreiter Konzept, Webhosting, Design und verantwortlich Sonja Gr\u00f6nnebaum reitsportdesign | designb\u00fcro Lintorfer Weg 16 40885 Ratingen Mobil 0177 &#8211; 750 95 45 -> KEINE Ausk\u00fcnfte \u00fcber die Ausbildung. info(ad)reitsportdesign.de www.reitsportdesign.de Bilder und Grafiken: Angaben der Quelle f\u00fcr verwendetes Bilder- und Grafikmaterial: Margret von Conta, Sonja Gr\u00f6nnebaum, Privat Erstellt mit Hilfe des Impressum-Generators der Deutschen Anwaltshotline AG Haftungsausschluss\/Disclaimer Haftung f\u00fcr Inhalte Als Diensteanbieter sind wir gem\u00e4\u00df \u00a7 7 Abs.1 TMG f\u00fcr eigene Inhalte auf diesen Seiten nach den allgemeinen Gesetzen verantwortlich. Nach \u00a7\u00a7 8 bis 10 TMG sind wir als Diensteanbieter jedoch nicht verpflichtet, \u00fcbermittelte oder gespeicherte fremde Informationen zu \u00fcberwachen oder nach Umst\u00e4nden zu forschen, die auf eine rechtswidrige T\u00e4tigkeit hinweisen. Verpflichtungen zur Entfernung oder Sperrung der Nutzung von Informationen nach den allgemeinen Gesetzen bleiben hiervon unber\u00fchrt. Eine diesbez\u00fcgliche Haftung ist jedoch erst ab dem Zeitpunkt der Kenntnis einer konkreten Rechtsverletzung m\u00f6glich. Bei Bekanntwerden von entsprechenden Rechtsverletzungen werden wir diese Inhalte umgehend entfernen. Links Trotz sorgf\u00e4ltiger inhaltlicher Kontrolle \u00fcbernimmt der Anbieter keine Haftung f\u00fcr die Inhalte externer Links. F\u00fcr den Inhalt der verlinkten Seiten sind ausschlie\u00dflich deren Betreiber verantwortlich. Bei dem Inhalt dieser Website handelt es sich um ein allgemeines Informationsangebot. Der Anbieter dieser Seite hat keinen Einfluss auf die Inhalte der verlinkten Seiten. Sie beinhalteten zum Zeitpunkt der Verlinkung kein rechtlich-moralisch kompromittierendes Material. Sollte sich dies in Zukunft \u00e4ndern, entfernen wir die Verlinkung, sobald wir den Fehler bemerken. Der Inhalt dieser Seite unterliegt dem Urheberschutz. Unerlaubtes Kopieren, Vervielf\u00e4ltigen oder anderweitige Nutzung der Seite oder von Teilen der Seite ist ausdr\u00fccklich untersagt. Rechtswirksamkeit dieses Haftungsausschlusses Dieser Haftungsausschluss ist als Teil des Internetangebotes zu betrachten, von dem aus auf diese Seite verwiesen wurde. Sofern Teile oder einzelne Formulierungen dieses Textes der geltenden Rechtslage nicht, nicht mehr oder nicht vollst\u00e4ndig entsprechen sollten, bleiben die \u00fcbrigen Teile des Dokumentes in ihrem Inhalt und ihrer G\u00fcltigkeit davon unber\u00fchrt.<\/p>\n","protected":false},"author":61,"featured_media":0,"parent":0,"menu_order":70,"comment_status":"closed","ping_status":"closed","template":"","meta":{"ngg_post_thumbnail":0},"acf":[],"_links":{"self":[{"href":"https:\/\/www.bewegungstrainer-em.org\/index.php\/wp-json\/wp\/v2\/pages\/80"}],"collection":[{"href":"https:\/\/www.bewegungstrainer-em.org\/index.php\/wp-json\/wp\/v2\/pages"}],"about":[{"href":"https:\/\/www.bewegungstrainer-em.org\/index.php\/wp-json\/wp\/v2\/types\/page"}],"author":[{"embeddable":true,"href":"https:\/\/www.bewegungstrainer-em.org\/index.php\/wp-json\/wp\/v2\/users\/61"}],"replies":[{"embeddable":true,"href":"https:\/\/www.bewegungstrainer-em.org\/index.php\/wp-json\/wp\/v2\/comments?post=80"}],"version-history":[{"count":25,"href":"https:\/\/www.bewegungstrainer-em.org\/index.php\/wp-json\/wp\/v2\/pages\/80\/revisions"}],"predecessor-version":[{"id":3659,"href":"https:\/\/www.bewegungstrainer-em.org\/index.php\/wp-json\/wp\/v2\/pages\/80\/revisions\/3659"}],"wp:attachment":[{"href":"https:\/\/www.bewegungstrainer-em.org\/index.php\/wp-json\/wp\/v2\/media?parent=80"}],"curies":[{"name":"wp","href":"https:\/\/api.w.org\/{rel}","templated":true}]}}