{"id":933,"date":"2010-10-24T11:56:19","date_gmt":"2010-10-24T11:56:19","guid":{"rendered":"http:\/\/www.bewegungstrainer-em.org\/?page_id=933"},"modified":"2020-06-14T12:57:30","modified_gmt":"2020-06-14T12:57:30","slug":"sven-zilles-42579-heiligenhaus","status":"publish","type":"page","link":"https:\/\/www.bewegungstrainer-em.org\/index.php\/trainerverzeichnis\/bewegungstrainer-nrw\/sven-zilles-42579-heiligenhaus\/","title":{"rendered":"Sven Zilles, 42579 Heiligenhaus"},"content":{"rendered":"<table style=\"height: 230px;\" width=\"323\">\n<tbody>\n<tr>\n<td valign=\"top\" width=\"400\"><a href=\"https:\/\/www.bewegungstrainer-em.org\/wp-content\/uploads\/2010\/10\/portrait-sven-zilles.jpg\"><img decoding=\"async\" loading=\"lazy\" class=\"alignnone  wp-image-307\" title=\"Sven Zilles\" src=\"https:\/\/www.bewegungstrainer-em.org\/wp-content\/uploads\/2010\/10\/portrait-sven-zilles.jpg\" alt=\"Portrait Sven Zilles\" width=\"203\" height=\"233\" \/><\/a><\/td>\n<\/tr>\n<\/tbody>\n<\/table>\n<p>\u201eMit Eckart ist das Reiten nur noch halb so schwer\u201c<\/p>\n<p><strong>Kontakt:<\/strong><br \/>\n<strong>Sven Zilles<\/strong><br \/>\nKettwigerstr. 140<br \/>\n42579 Heiligenhaus<br \/>\nTel.: 0 20 56 \/ 25 78 78<br \/>\n<a href=\"mailto:szilles@reitschule-zilles.de\">szilles@reitschule-zilles.de<\/a><br \/>\n<a href=\"http:\/\/www.reitschule-zilles.de\">www.reitschule-zilles.de<\/a><\/p>\n<p><strong>Werdegang<\/strong><\/p>\n<table style=\"height: 60px;\" width=\"300\">\n<tbody>\n<tr>\n<td><\/td>\n<td>Nach der Ausbildung im Dressurstall Rick Klaassen in Hilden<br \/>\nBereiter und Ausbilder in verschiedenen Reitanlagen im Kreis Mettmann,<br \/>\nbetreibe ich mit meiner Frau den Reiterhof Rossdelle in Heiligenhaus als Eigent\u00fcmer.<\/td>\n<\/tr>\n<tr>\n<td><\/td>\n<td>Neben Dressur und Springausbildung betreiben wir auch eine Reitschule f\u00fcr Jugendliche<br \/>\nund Erwachsene<\/td>\n<\/tr>\n<tr>\n<td>seit 2007<\/td>\n<td>Ausbildung und st\u00e4ndige Fortbildung als Bewegungstrainer EM von und mit<br \/>\nEckart Meyners.<\/td>\n<\/tr>\n<\/tbody>\n<\/table>\n<p><strong>Schulungsort\/Mindestteilnehmerzahl:<\/strong><\/p>\n<ul>\n<li>auf eigener Anlage nach Absprache<\/li>\n<li>auf Wunsch auf fremder Anlage<\/li>\n<li>ab 1 Teilnehmer<\/li>\n<\/ul>\n<p><strong>Referenzen:<\/strong><\/p>\n<p><strong>2011<\/strong><br \/>\n<em>Januar 2011<\/em><br \/>\nBuchholzhof, 45470 M\u00fclheim a.d.Ruhr, 2 Tage<br \/>\nAm Buchholz 13<\/p>\n<p>22.04.2011<br \/>\nReitanlage Dahlhoff<br \/>\nKrefeld -H\u00fcls<\/p>\n<p>22.+23.04.2011<br \/>\nReiterhof Rossdelle<br \/>\nHeiligenhaus<\/p>\n<p>06.05-08.05.2011<br \/>\nGut Kleinwinkelhausen<br \/>\nD\u00fcsseldorf<\/p>\n<p>14.+15.05.2011<br \/>\nReitanlage Oehmchen<br \/>\nDortmund<\/p>\n<p><strong>2010<\/strong><\/p>\n<p>Reitanlage Millarg in Wuppertal 40 Teilnehmer an 8 Tagen<\/p>\n<p>Reitanlage Buchholzhof in M\u00fclheim a.d.Ruhr 20 Teilnehmer in 4 Tagen<\/p>\n<p><em>Nov. \/ Dez. 2010<\/em><br \/>\nAuerhof, Essen-Werden<br \/>\nReitanlage Oehmchen, Dortmund<br \/>\nGut Ruhrfeld, Schwerte<\/p>\n","protected":false},"excerpt":{"rendered":"<p>\u201eMit Eckart ist das Reiten nur noch halb so schwer\u201c Kontakt: Sven Zilles Kettwigerstr. 140 42579 Heiligenhaus Tel.: 0 20 56 \/ 25 78 78 szilles@reitschule-zilles.de www.reitschule-zilles.de Werdegang Nach der Ausbildung im Dressurstall Rick Klaassen in Hilden Bereiter und Ausbilder in verschiedenen Reitanlagen im Kreis Mettmann, betreibe ich mit meiner Frau den Reiterhof Rossdelle in Heiligenhaus als Eigent\u00fcmer. Neben Dressur und Springausbildung betreiben wir auch eine Reitschule f\u00fcr Jugendliche und Erwachsene seit 2007 Ausbildung und st\u00e4ndige Fortbildung als Bewegungstrainer EM von und mit Eckart Meyners. Schulungsort\/Mindestteilnehmerzahl: auf eigener Anlage nach Absprache auf Wunsch auf fremder Anlage ab 1 Teilnehmer Referenzen: 2011 Januar 2011 Buchholzhof, 45470 M\u00fclheim a.d.Ruhr, 2 Tage Am Buchholz 13 22.04.2011 Reitanlage Dahlhoff Krefeld -H\u00fcls 22.+23.04.2011 Reiterhof Rossdelle Heiligenhaus 06.05-08.05.2011 Gut Kleinwinkelhausen D\u00fcsseldorf 14.+15.05.2011 Reitanlage Oehmchen Dortmund 2010 Reitanlage Millarg in Wuppertal 40 Teilnehmer an 8 Tagen Reitanlage Buchholzhof in M\u00fclheim a.d.Ruhr 20 Teilnehmer in 4 Tagen Nov. \/ Dez. 2010 Auerhof, Essen-Werden Reitanlage Oehmchen, Dortmund Gut Ruhrfeld, Schwerte<\/p>\n","protected":false},"author":61,"featured_media":0,"parent":395,"menu_order":90,"comment_status":"closed","ping_status":"closed","template":"","meta":{"ngg_post_thumbnail":0},"acf":[],"_links":{"self":[{"href":"https:\/\/www.bewegungstrainer-em.org\/index.php\/wp-json\/wp\/v2\/pages\/933"}],"collection":[{"href":"https:\/\/www.bewegungstrainer-em.org\/index.php\/wp-json\/wp\/v2\/pages"}],"about":[{"href":"https:\/\/www.bewegungstrainer-em.org\/index.php\/wp-json\/wp\/v2\/types\/page"}],"author":[{"embeddable":true,"href":"https:\/\/www.bewegungstrainer-em.org\/index.php\/wp-json\/wp\/v2\/users\/61"}],"replies":[{"embeddable":true,"href":"https:\/\/www.bewegungstrainer-em.org\/index.php\/wp-json\/wp\/v2\/comments?post=933"}],"version-history":[{"count":52,"href":"https:\/\/www.bewegungstrainer-em.org\/index.php\/wp-json\/wp\/v2\/pages\/933\/revisions"}],"predecessor-version":[{"id":3754,"href":"https:\/\/www.bewegungstrainer-em.org\/index.php\/wp-json\/wp\/v2\/pages\/933\/revisions\/3754"}],"up":[{"embeddable":true,"href":"https:\/\/www.bewegungstrainer-em.org\/index.php\/wp-json\/wp\/v2\/pages\/395"}],"wp:attachment":[{"href":"https:\/\/www.bewegungstrainer-em.org\/index.php\/wp-json\/wp\/v2\/media?parent=933"}],"curies":[{"name":"wp","href":"https:\/\/api.w.org\/{rel}","templated":true}]}}